{"id":45,"date":"2024-11-24T21:55:33","date_gmt":"2024-11-24T20:55:33","guid":{"rendered":"https:\/\/ateliernox.com\/?page_id=45"},"modified":"2025-03-03T14:05:31","modified_gmt":"2025-03-03T13:05:31","slug":"realisations-atelier-nox-projets-ateliernox-com","status":"publish","type":"page","link":"https:\/\/ateliernox.com\/index.php\/realisations-atelier-nox-projets-ateliernox-com\/","title":{"rendered":"Projets"},"content":{"rendered":"\n<div class=\"wp-block-group alignfull has-global-padding is-layout-constrained wp-container-core-group-is-layout-c67c103f wp-block-group-is-layout-constrained\" style=\"padding-top:80px;padding-bottom:30px\">\n<h1 class=\"wp-block-heading has-text-align-center has-text-color has-work-sans-regular-font-family\" style=\"color:#000000;font-size:clamp(32.518px, 2.032rem + ((1vw - 3.2px) * 2.896), 58px);line-height:1.2;text-transform:uppercase\">r\u00e9alisations<\/h1>\n\n\n\n<hr class=\"wp-block-separator has-text-color has-alpha-channel-opacity has-background\" style=\"margin-top:10px;margin-bottom:0px;background-color:#949494;color:#949494\"\/>\n<\/div>\n\n\n\n<div class=\"wp-block-cover alignfull is-light\" style=\"margin-top:0;margin-bottom:0;padding-top:0;padding-bottom:100px;min-height:1709px;aspect-ratio:unset;\"><span aria-hidden=\"true\" class=\"wp-block-cover__background has-base-background-color has-background-dim-0 has-background-dim\"><\/span><div class=\"wp-block-cover__inner-container has-global-padding is-layout-constrained wp-container-core-cover-is-layout-3028fe77 wp-block-cover-is-layout-constrained\">\n<figure class=\"wp-block-gallery has-nested-images columns-3 is-cropped wp-block-gallery-1 is-layout-flex wp-block-gallery-is-layout-flex\" style=\"margin-top:80px\">\n<figure class=\"wp-block-image alignright size-full\"><a href=\"https:\/\/ateliernox.com\/index.php\/hublot\/\"><img fetchpriority=\"high\" decoding=\"async\" width=\"2048\" height=\"1366\" data-id=\"204\" src=\"https:\/\/ateliernox.com\/wp-content\/uploads\/2024\/12\/WINTER-VIBES-2024-2025-LS-GOLD-01-\u2013-01-\u2013-HORIZONTAL.jpg\" alt=\"\" class=\"wp-image-204\" srcset=\"https:\/\/ateliernox.com\/wp-content\/uploads\/2024\/12\/WINTER-VIBES-2024-2025-LS-GOLD-01-\u2013-01-\u2013-HORIZONTAL.jpg 2048w, https:\/\/ateliernox.com\/wp-content\/uploads\/2024\/12\/WINTER-VIBES-2024-2025-LS-GOLD-01-\u2013-01-\u2013-HORIZONTAL-300x200.jpg 300w, https:\/\/ateliernox.com\/wp-content\/uploads\/2024\/12\/WINTER-VIBES-2024-2025-LS-GOLD-01-\u2013-01-\u2013-HORIZONTAL-1024x683.jpg 1024w, https:\/\/ateliernox.com\/wp-content\/uploads\/2024\/12\/WINTER-VIBES-2024-2025-LS-GOLD-01-\u2013-01-\u2013-HORIZONTAL-768x512.jpg 768w, https:\/\/ateliernox.com\/wp-content\/uploads\/2024\/12\/WINTER-VIBES-2024-2025-LS-GOLD-01-\u2013-01-\u2013-HORIZONTAL-1536x1025.jpg 1536w\" sizes=\"(max-width: 2048px) 100vw, 2048px\" \/><\/a><figcaption class=\"wp-element-caption\"><a href=\"https:\/\/ateliernox.com\/index.php\/hublot\/\"><strong>HUBLOT<\/strong> &#8211; <em>Winter Vibes<\/em><\/a><\/figcaption><\/figure>\n\n\n\n<figure class=\"wp-block-image size-full\"><a href=\"https:\/\/ateliernox.com\/index.php\/chaumet\/\"><img decoding=\"async\" width=\"563\" height=\"563\" data-id=\"202\" src=\"https:\/\/ateliernox.com\/wp-content\/uploads\/2024\/12\/S-ED-SL-CYL-MIX-RING-PODIUM-1080x1080-1-563x0-1.jpg\" alt=\"\" class=\"wp-image-202\" srcset=\"https:\/\/ateliernox.com\/wp-content\/uploads\/2024\/12\/S-ED-SL-CYL-MIX-RING-PODIUM-1080x1080-1-563x0-1.jpg 563w, https:\/\/ateliernox.com\/wp-content\/uploads\/2024\/12\/S-ED-SL-CYL-MIX-RING-PODIUM-1080x1080-1-563x0-1-300x300.jpg 300w, https:\/\/ateliernox.com\/wp-content\/uploads\/2024\/12\/S-ED-SL-CYL-MIX-RING-PODIUM-1080x1080-1-563x0-1-150x150.jpg 150w\" sizes=\"(max-width: 563px) 100vw, 563px\" \/><\/a><figcaption class=\"wp-element-caption\"><strong><a href=\"https:\/\/ateliernox.com\/index.php\/chaumet\/\">CHAUMET &#8211; <\/a><\/strong><em><a href=\"https:\/\/ateliernox.com\/index.php\/chaumet\/\">Les tr\u00e9sors de Chaumet <\/a><\/em><\/figcaption><\/figure>\n\n\n\n<figure class=\"wp-block-image size-full\"><a href=\"https:\/\/ateliernox.com\/index.php\/crystal-murray\/\"><img decoding=\"async\" width=\"1080\" height=\"1080\" data-id=\"203\" src=\"https:\/\/ateliernox.com\/wp-content\/uploads\/2024\/12\/173.jpg\" alt=\"\" class=\"wp-image-203\" srcset=\"https:\/\/ateliernox.com\/wp-content\/uploads\/2024\/12\/173.jpg 1080w, https:\/\/ateliernox.com\/wp-content\/uploads\/2024\/12\/173-300x300.jpg 300w, https:\/\/ateliernox.com\/wp-content\/uploads\/2024\/12\/173-1024x1024.jpg 1024w, https:\/\/ateliernox.com\/wp-content\/uploads\/2024\/12\/173-150x150.jpg 150w, https:\/\/ateliernox.com\/wp-content\/uploads\/2024\/12\/173-768x768.jpg 768w\" sizes=\"(max-width: 1080px) 100vw, 1080px\" \/><\/a><figcaption class=\"wp-element-caption\"><a data-type=\"page\" data-id=\"222\" href=\"https:\/\/ateliernox.com\/index.php\/crystal-murray\/\"><strong>CRYSTAL MURRAY<\/strong> &#8211; <em>Showcase <\/em><\/a><\/figcaption><\/figure>\n\n\n\n<figure class=\"wp-block-image size-full\"><a href=\"https:\/\/ateliernox.com\/index.php\/mezigue\/\"><img loading=\"lazy\" decoding=\"async\" width=\"1480\" height=\"1496\" data-id=\"85\" src=\"https:\/\/ateliernox.com\/wp-content\/uploads\/2024\/11\/Capture-decran-2024-11-25-a-04.38.56.png\" alt=\"\" class=\"wp-image-85\" srcset=\"https:\/\/ateliernox.com\/wp-content\/uploads\/2024\/11\/Capture-decran-2024-11-25-a-04.38.56.png 1480w, https:\/\/ateliernox.com\/wp-content\/uploads\/2024\/11\/Capture-decran-2024-11-25-a-04.38.56-297x300.png 297w, https:\/\/ateliernox.com\/wp-content\/uploads\/2024\/11\/Capture-decran-2024-11-25-a-04.38.56-1013x1024.png 1013w, https:\/\/ateliernox.com\/wp-content\/uploads\/2024\/11\/Capture-decran-2024-11-25-a-04.38.56-768x776.png 768w\" sizes=\"(max-width: 1480px) 100vw, 1480px\" \/><\/a><figcaption class=\"wp-element-caption\"><a data-type=\"page\" data-id=\"267\" href=\"https:\/\/ateliernox.com\/index.php\/mezigue\/\"><strong>M\u00c9ZIGUE<\/strong> &#8211; <em>Dj Booth tourn\u00e9e 2024<\/em><\/a><\/figcaption><\/figure>\n\n\n\n<figure class=\"wp-block-image size-full\"><a href=\"https:\/\/ateliernox.com\/index.php\/salomon\/\"><img loading=\"lazy\" decoding=\"async\" width=\"1200\" height=\"1600\" data-id=\"195\" src=\"http:\/\/ateliernox.com\/wp-content\/uploads\/2024\/12\/PHOTO-2024-12-02-13-24-332.jpg\" alt=\"\" class=\"wp-image-195\" srcset=\"https:\/\/ateliernox.com\/wp-content\/uploads\/2024\/12\/PHOTO-2024-12-02-13-24-332.jpg 1200w, https:\/\/ateliernox.com\/wp-content\/uploads\/2024\/12\/PHOTO-2024-12-02-13-24-332-225x300.jpg 225w, https:\/\/ateliernox.com\/wp-content\/uploads\/2024\/12\/PHOTO-2024-12-02-13-24-332-768x1024.jpg 768w, https:\/\/ateliernox.com\/wp-content\/uploads\/2024\/12\/PHOTO-2024-12-02-13-24-332-1152x1536.jpg 1152w\" sizes=\"(max-width: 1200px) 100vw, 1200px\" \/><\/a><figcaption class=\"wp-element-caption\"><a href=\"https:\/\/ateliernox.com\/index.php\/salomon-atelier-nox\/\"><strong>SALOMON<\/strong> &#8211; <em>Paris Fashion Week 2024<\/em><\/a><\/figcaption><\/figure>\n\n\n\n<figure class=\"wp-block-image size-full\"><a href=\"https:\/\/ateliernox.com\/index.php\/converse\/\"><img loading=\"lazy\" decoding=\"async\" width=\"1318\" height=\"1594\" data-id=\"86\" src=\"https:\/\/ateliernox.com\/wp-content\/uploads\/2024\/11\/Capture-decran-2024-11-25-a-04.42.56.png\" alt=\"\" class=\"wp-image-86\" srcset=\"https:\/\/ateliernox.com\/wp-content\/uploads\/2024\/11\/Capture-decran-2024-11-25-a-04.42.56.png 1318w, https:\/\/ateliernox.com\/wp-content\/uploads\/2024\/11\/Capture-decran-2024-11-25-a-04.42.56-248x300.png 248w, https:\/\/ateliernox.com\/wp-content\/uploads\/2024\/11\/Capture-decran-2024-11-25-a-04.42.56-847x1024.png 847w, https:\/\/ateliernox.com\/wp-content\/uploads\/2024\/11\/Capture-decran-2024-11-25-a-04.42.56-768x929.png 768w, https:\/\/ateliernox.com\/wp-content\/uploads\/2024\/11\/Capture-decran-2024-11-25-a-04.42.56-1270x1536.png 1270w\" sizes=\"(max-width: 1318px) 100vw, 1318px\" \/><\/a><figcaption class=\"wp-element-caption\"><a href=\"https:\/\/ateliernox.com\/index.php\/converse-in-motion-atelier-nox-projets-ateliernox-com\/\"><strong>CONVERSE X ADL<\/strong> &#8211; <em>In Motion<\/em><\/a><em> <\/em><\/figcaption><\/figure>\n\n\n\n<figure class=\"wp-block-image size-full\"><a href=\"https:\/\/ateliernox.com\/index.php\/dockers\/\"><img loading=\"lazy\" decoding=\"async\" width=\"960\" height=\"1156\" data-id=\"206\" src=\"https:\/\/ateliernox.com\/wp-content\/uploads\/2024\/12\/Capture-decran-2024-12-03-a-15.30.22.png\" alt=\"\" class=\"wp-image-206\" srcset=\"https:\/\/ateliernox.com\/wp-content\/uploads\/2024\/12\/Capture-decran-2024-12-03-a-15.30.22.png 960w, https:\/\/ateliernox.com\/wp-content\/uploads\/2024\/12\/Capture-decran-2024-12-03-a-15.30.22-249x300.png 249w, https:\/\/ateliernox.com\/wp-content\/uploads\/2024\/12\/Capture-decran-2024-12-03-a-15.30.22-850x1024.png 850w, https:\/\/ateliernox.com\/wp-content\/uploads\/2024\/12\/Capture-decran-2024-12-03-a-15.30.22-768x925.png 768w\" sizes=\"(max-width: 960px) 100vw, 960px\" \/><\/a><figcaption class=\"wp-element-caption\"><a href=\"https:\/\/ateliernox.com\/index.php\/dockers\/\"><strong>DOCKERS<\/strong> &#8211; <em>Pop-Up store Motel California<\/em><\/a><\/figcaption><\/figure>\n<\/figure>\n<\/div><\/div>\n\n\n\n<p><\/p>\n","protected":false},"excerpt":{"rendered":"<p>r\u00e9alisations<\/p>\n","protected":false},"author":1,"featured_media":0,"parent":0,"menu_order":0,"comment_status":"closed","ping_status":"closed","template":"","meta":{"footnotes":""},"class_list":["post-45","page","type-page","status-publish","hentry"],"yoast_head":"<!-- This site is optimized with the Yoast SEO plugin v27.3 - https:\/\/yoast.com\/product\/yoast-seo-wordpress\/ -->\n<title>Projets - Atelier NOX Projets - ateliernox.com<\/title>\n<meta name=\"description\" content=\"Projets - Atelier NOX - Portfolio mettant en avant des d\u00e9cors, des \u00e9v\u00e9nements. Laissez-nous vous inspirer pour votre prochain projet.\" \/>\n<meta name=\"robots\" content=\"index, follow, max-snippet:-1, max-image-preview:large, max-video-preview:-1\" \/>\n<link rel=\"canonical\" href=\"https:\/\/ateliernox.com\/index.php\/realisations-atelier-nox-projets-ateliernox-com\/\" \/>\n<meta property=\"og:locale\" content=\"fr_FR\" \/>\n<meta property=\"og:type\" content=\"article\" \/>\n<meta property=\"og:title\" content=\"Projets - Atelier NOX Projets - ateliernox.com\" \/>\n<meta property=\"og:description\" content=\"Projets - Atelier NOX - Portfolio mettant en avant des d\u00e9cors, des \u00e9v\u00e9nements. Laissez-nous vous inspirer pour votre prochain projet.\" \/>\n<meta property=\"og:url\" content=\"https:\/\/ateliernox.com\/index.php\/realisations-atelier-nox-projets-ateliernox-com\/\" \/>\n<meta property=\"og:site_name\" content=\"Atelier NOX\" \/>\n<meta property=\"article:modified_time\" content=\"2025-03-03T13:05:31+00:00\" \/>\n<meta property=\"og:image\" content=\"https:\/\/ateliernox.com\/wp-content\/uploads\/2024\/12\/S-ED-SL-CYL-MIX-RING-PODIUM-1080x1080-1-563x0-1.jpg\" \/>\n<meta name=\"twitter:card\" content=\"summary_large_image\" \/>\n<meta name=\"twitter:label1\" content=\"Dur\u00e9e de lecture estim\u00e9e\" \/>\n\t<meta name=\"twitter:data1\" content=\"2 minutes\" \/>\n<script type=\"application\/ld+json\" class=\"yoast-schema-graph\">{\"@context\":\"https:\\\/\\\/schema.org\",\"@graph\":[{\"@type\":\"WebPage\",\"@id\":\"https:\\\/\\\/ateliernox.com\\\/index.php\\\/realisations-atelier-nox-projets-ateliernox-com\\\/\",\"url\":\"https:\\\/\\\/ateliernox.com\\\/index.php\\\/realisations-atelier-nox-projets-ateliernox-com\\\/\",\"name\":\"Projets - Atelier NOX Projets - ateliernox.com\",\"isPartOf\":{\"@id\":\"https:\\\/\\\/ateliernox.com\\\/#website\"},\"primaryImageOfPage\":{\"@id\":\"https:\\\/\\\/ateliernox.com\\\/index.php\\\/realisations-atelier-nox-projets-ateliernox-com\\\/#primaryimage\"},\"image\":{\"@id\":\"https:\\\/\\\/ateliernox.com\\\/index.php\\\/realisations-atelier-nox-projets-ateliernox-com\\\/#primaryimage\"},\"thumbnailUrl\":\"https:\\\/\\\/ateliernox.com\\\/wp-content\\\/uploads\\\/2024\\\/12\\\/S-ED-SL-CYL-MIX-RING-PODIUM-1080x1080-1-563x0-1.jpg\",\"datePublished\":\"2024-11-24T20:55:33+00:00\",\"dateModified\":\"2025-03-03T13:05:31+00:00\",\"description\":\"Projets - Atelier NOX - Portfolio mettant en avant des d\u00e9cors, des \u00e9v\u00e9nements. Laissez-nous vous inspirer pour votre prochain projet.\",\"breadcrumb\":{\"@id\":\"https:\\\/\\\/ateliernox.com\\\/index.php\\\/realisations-atelier-nox-projets-ateliernox-com\\\/#breadcrumb\"},\"inLanguage\":\"fr-FR\",\"potentialAction\":[{\"@type\":\"ReadAction\",\"target\":[\"https:\\\/\\\/ateliernox.com\\\/index.php\\\/realisations-atelier-nox-projets-ateliernox-com\\\/\"]}]},{\"@type\":\"ImageObject\",\"inLanguage\":\"fr-FR\",\"@id\":\"https:\\\/\\\/ateliernox.com\\\/index.php\\\/realisations-atelier-nox-projets-ateliernox-com\\\/#primaryimage\",\"url\":\"https:\\\/\\\/ateliernox.com\\\/wp-content\\\/uploads\\\/2024\\\/12\\\/S-ED-SL-CYL-MIX-RING-PODIUM-1080x1080-1-563x0-1.jpg\",\"contentUrl\":\"https:\\\/\\\/ateliernox.com\\\/wp-content\\\/uploads\\\/2024\\\/12\\\/S-ED-SL-CYL-MIX-RING-PODIUM-1080x1080-1-563x0-1.jpg\",\"width\":563,\"height\":563},{\"@type\":\"BreadcrumbList\",\"@id\":\"https:\\\/\\\/ateliernox.com\\\/index.php\\\/realisations-atelier-nox-projets-ateliernox-com\\\/#breadcrumb\",\"itemListElement\":[{\"@type\":\"ListItem\",\"position\":1,\"name\":\"Accueil\",\"item\":\"https:\\\/\\\/ateliernox.com\\\/\"},{\"@type\":\"ListItem\",\"position\":2,\"name\":\"Projets\"}]},{\"@type\":\"WebSite\",\"@id\":\"https:\\\/\\\/ateliernox.com\\\/#website\",\"url\":\"https:\\\/\\\/ateliernox.com\\\/\",\"name\":\"Atelier NOX\",\"description\":\"Un atelier d\u00e9di\u00e9 \u00e0 la r\u00e9alisation de d\u00e9cor pour la sc\u00e9nographie, le cin\u00e9ma et la publicit\u00e9.\",\"publisher\":{\"@id\":\"https:\\\/\\\/ateliernox.com\\\/#organization\"},\"potentialAction\":[{\"@type\":\"SearchAction\",\"target\":{\"@type\":\"EntryPoint\",\"urlTemplate\":\"https:\\\/\\\/ateliernox.com\\\/?s={search_term_string}\"},\"query-input\":{\"@type\":\"PropertyValueSpecification\",\"valueRequired\":true,\"valueName\":\"search_term_string\"}}],\"inLanguage\":\"fr-FR\"},{\"@type\":\"Organization\",\"@id\":\"https:\\\/\\\/ateliernox.com\\\/#organization\",\"name\":\"Atelier NOX\",\"url\":\"https:\\\/\\\/ateliernox.com\\\/\",\"logo\":{\"@type\":\"ImageObject\",\"inLanguage\":\"fr-FR\",\"@id\":\"https:\\\/\\\/ateliernox.com\\\/#\\\/schema\\\/logo\\\/image\\\/\",\"url\":\"https:\\\/\\\/ateliernox.com\\\/wp-content\\\/uploads\\\/2024\\\/10\\\/cropped-LOGO-timbre.png\",\"contentUrl\":\"https:\\\/\\\/ateliernox.com\\\/wp-content\\\/uploads\\\/2024\\\/10\\\/cropped-LOGO-timbre.png\",\"width\":512,\"height\":512,\"caption\":\"Atelier NOX\"},\"image\":{\"@id\":\"https:\\\/\\\/ateliernox.com\\\/#\\\/schema\\\/logo\\\/image\\\/\"}}]}<\/script>\n<!-- \/ Yoast SEO plugin. -->","yoast_head_json":{"title":"Projets - Atelier NOX Projets - ateliernox.com","description":"Projets - Atelier NOX - Portfolio mettant en avant des d\u00e9cors, des \u00e9v\u00e9nements. Laissez-nous vous inspirer pour votre prochain projet.","robots":{"index":"index","follow":"follow","max-snippet":"max-snippet:-1","max-image-preview":"max-image-preview:large","max-video-preview":"max-video-preview:-1"},"canonical":"https:\/\/ateliernox.com\/index.php\/realisations-atelier-nox-projets-ateliernox-com\/","og_locale":"fr_FR","og_type":"article","og_title":"Projets - Atelier NOX Projets - ateliernox.com","og_description":"Projets - Atelier NOX - Portfolio mettant en avant des d\u00e9cors, des \u00e9v\u00e9nements. Laissez-nous vous inspirer pour votre prochain projet.","og_url":"https:\/\/ateliernox.com\/index.php\/realisations-atelier-nox-projets-ateliernox-com\/","og_site_name":"Atelier NOX","article_modified_time":"2025-03-03T13:05:31+00:00","og_image":[{"url":"https:\/\/ateliernox.com\/wp-content\/uploads\/2024\/12\/S-ED-SL-CYL-MIX-RING-PODIUM-1080x1080-1-563x0-1.jpg","type":"","width":"","height":""}],"twitter_card":"summary_large_image","twitter_misc":{"Dur\u00e9e de lecture estim\u00e9e":"2 minutes"},"schema":{"@context":"https:\/\/schema.org","@graph":[{"@type":"WebPage","@id":"https:\/\/ateliernox.com\/index.php\/realisations-atelier-nox-projets-ateliernox-com\/","url":"https:\/\/ateliernox.com\/index.php\/realisations-atelier-nox-projets-ateliernox-com\/","name":"Projets - Atelier NOX Projets - ateliernox.com","isPartOf":{"@id":"https:\/\/ateliernox.com\/#website"},"primaryImageOfPage":{"@id":"https:\/\/ateliernox.com\/index.php\/realisations-atelier-nox-projets-ateliernox-com\/#primaryimage"},"image":{"@id":"https:\/\/ateliernox.com\/index.php\/realisations-atelier-nox-projets-ateliernox-com\/#primaryimage"},"thumbnailUrl":"https:\/\/ateliernox.com\/wp-content\/uploads\/2024\/12\/S-ED-SL-CYL-MIX-RING-PODIUM-1080x1080-1-563x0-1.jpg","datePublished":"2024-11-24T20:55:33+00:00","dateModified":"2025-03-03T13:05:31+00:00","description":"Projets - Atelier NOX - Portfolio mettant en avant des d\u00e9cors, des \u00e9v\u00e9nements. Laissez-nous vous inspirer pour votre prochain projet.","breadcrumb":{"@id":"https:\/\/ateliernox.com\/index.php\/realisations-atelier-nox-projets-ateliernox-com\/#breadcrumb"},"inLanguage":"fr-FR","potentialAction":[{"@type":"ReadAction","target":["https:\/\/ateliernox.com\/index.php\/realisations-atelier-nox-projets-ateliernox-com\/"]}]},{"@type":"ImageObject","inLanguage":"fr-FR","@id":"https:\/\/ateliernox.com\/index.php\/realisations-atelier-nox-projets-ateliernox-com\/#primaryimage","url":"https:\/\/ateliernox.com\/wp-content\/uploads\/2024\/12\/S-ED-SL-CYL-MIX-RING-PODIUM-1080x1080-1-563x0-1.jpg","contentUrl":"https:\/\/ateliernox.com\/wp-content\/uploads\/2024\/12\/S-ED-SL-CYL-MIX-RING-PODIUM-1080x1080-1-563x0-1.jpg","width":563,"height":563},{"@type":"BreadcrumbList","@id":"https:\/\/ateliernox.com\/index.php\/realisations-atelier-nox-projets-ateliernox-com\/#breadcrumb","itemListElement":[{"@type":"ListItem","position":1,"name":"Accueil","item":"https:\/\/ateliernox.com\/"},{"@type":"ListItem","position":2,"name":"Projets"}]},{"@type":"WebSite","@id":"https:\/\/ateliernox.com\/#website","url":"https:\/\/ateliernox.com\/","name":"Atelier NOX","description":"Un atelier d\u00e9di\u00e9 \u00e0 la r\u00e9alisation de d\u00e9cor pour la sc\u00e9nographie, le cin\u00e9ma et la publicit\u00e9.","publisher":{"@id":"https:\/\/ateliernox.com\/#organization"},"potentialAction":[{"@type":"SearchAction","target":{"@type":"EntryPoint","urlTemplate":"https:\/\/ateliernox.com\/?s={search_term_string}"},"query-input":{"@type":"PropertyValueSpecification","valueRequired":true,"valueName":"search_term_string"}}],"inLanguage":"fr-FR"},{"@type":"Organization","@id":"https:\/\/ateliernox.com\/#organization","name":"Atelier NOX","url":"https:\/\/ateliernox.com\/","logo":{"@type":"ImageObject","inLanguage":"fr-FR","@id":"https:\/\/ateliernox.com\/#\/schema\/logo\/image\/","url":"https:\/\/ateliernox.com\/wp-content\/uploads\/2024\/10\/cropped-LOGO-timbre.png","contentUrl":"https:\/\/ateliernox.com\/wp-content\/uploads\/2024\/10\/cropped-LOGO-timbre.png","width":512,"height":512,"caption":"Atelier NOX"},"image":{"@id":"https:\/\/ateliernox.com\/#\/schema\/logo\/image\/"}}]}},"_links":{"self":[{"href":"https:\/\/ateliernox.com\/index.php\/wp-json\/wp\/v2\/pages\/45","targetHints":{"allow":["GET"]}}],"collection":[{"href":"https:\/\/ateliernox.com\/index.php\/wp-json\/wp\/v2\/pages"}],"about":[{"href":"https:\/\/ateliernox.com\/index.php\/wp-json\/wp\/v2\/types\/page"}],"author":[{"embeddable":true,"href":"https:\/\/ateliernox.com\/index.php\/wp-json\/wp\/v2\/users\/1"}],"replies":[{"embeddable":true,"href":"https:\/\/ateliernox.com\/index.php\/wp-json\/wp\/v2\/comments?post=45"}],"version-history":[{"count":25,"href":"https:\/\/ateliernox.com\/index.php\/wp-json\/wp\/v2\/pages\/45\/revisions"}],"predecessor-version":[{"id":462,"href":"https:\/\/ateliernox.com\/index.php\/wp-json\/wp\/v2\/pages\/45\/revisions\/462"}],"wp:attachment":[{"href":"https:\/\/ateliernox.com\/index.php\/wp-json\/wp\/v2\/media?parent=45"}],"curies":[{"name":"wp","href":"https:\/\/api.w.org\/{rel}","templated":true}]}}