{"id":41,"date":"2024-11-24T21:54:47","date_gmt":"2024-11-24T20:54:47","guid":{"rendered":"https:\/\/ateliernox.com\/?page_id=41"},"modified":"2024-12-17T16:52:03","modified_gmt":"2024-12-17T15:52:03","slug":"contact-atelier-nox-ateliernox-com","status":"publish","type":"page","link":"https:\/\/ateliernox.com\/index.php\/contact-atelier-nox-ateliernox-com\/","title":{"rendered":"Contact"},"content":{"rendered":"\n<div class=\"wp-block-group alignfull has-global-padding is-layout-constrained wp-container-core-group-is-layout-c67c103f wp-block-group-is-layout-constrained\" style=\"padding-top:80px;padding-bottom:30px\">\n<h2 class=\"wp-block-heading has-text-align-center has-text-color has-work-sans-regular-font-family\" style=\"color:#000000;font-size:clamp(32.518px, 2.032rem + ((1vw - 3.2px) * 2.896), 58px);line-height:1.2;text-transform:uppercase\">CONTACT<\/h2>\n\n\n\n<hr class=\"wp-block-separator has-text-color has-alpha-channel-opacity has-background\" style=\"margin-top:10px;margin-bottom:0px;background-color:#949494;color:#949494\"\/>\n<\/div>\n\n\n\n<div class=\"wp-block-cover alignfull is-light\"><span aria-hidden=\"true\" class=\"wp-block-cover__background has-background-dim-0 has-background-dim\" style=\"background-color:#FFF\"><\/span><img fetchpriority=\"high\" decoding=\"async\" width=\"1800\" height=\"1200\" class=\"wp-block-cover__image-background wp-image-119\" alt=\"\" src=\"http:\/\/ateliernox.com\/wp-content\/uploads\/2024\/11\/Copie-de-201912_AMELOT_Videdressing-Trax-Le-Bon-coin-6.jpg\" data-object-fit=\"cover\" srcset=\"https:\/\/ateliernox.com\/wp-content\/uploads\/2024\/11\/Copie-de-201912_AMELOT_Videdressing-Trax-Le-Bon-coin-6.jpg 1800w, https:\/\/ateliernox.com\/wp-content\/uploads\/2024\/11\/Copie-de-201912_AMELOT_Videdressing-Trax-Le-Bon-coin-6-300x200.jpg 300w, https:\/\/ateliernox.com\/wp-content\/uploads\/2024\/11\/Copie-de-201912_AMELOT_Videdressing-Trax-Le-Bon-coin-6-1024x683.jpg 1024w, https:\/\/ateliernox.com\/wp-content\/uploads\/2024\/11\/Copie-de-201912_AMELOT_Videdressing-Trax-Le-Bon-coin-6-768x512.jpg 768w, https:\/\/ateliernox.com\/wp-content\/uploads\/2024\/11\/Copie-de-201912_AMELOT_Videdressing-Trax-Le-Bon-coin-6-1536x1024.jpg 1536w\" sizes=\"(max-width: 1800px) 100vw, 1800px\" \/><div class=\"wp-block-cover__inner-container has-global-padding is-layout-constrained wp-block-cover-is-layout-constrained\">\n<p class=\"has-text-align-center has-large-font-size\"><\/p>\n<\/div><\/div>\n\n\n\n<div class=\"wp-block-columns is-layout-flex wp-container-core-columns-is-layout-6880d07a wp-block-columns-is-layout-flex\" style=\"border-width:3px;border-radius:0px;padding-top:0;padding-bottom:0\">\n<div class=\"wp-block-column is-layout-flow wp-block-column-is-layout-flow\" style=\"border-style:none;border-width:0px;padding-right:0;padding-left:0;flex-basis:100%\">\n<iframe src=\"https:\/\/www.google.com\/maps\/embed?pb=!1m18!1m12!1m3!1d2627.382469440002!2d2.3941440123425144!3d48.812763503796326!2m3!1f0!2f0!3f0!3m2!1i1024!2i768!4f13.1!3m3!1m2!1s0x47e673b283ed2261%3A0x3ca562e9325f3dee!2s10%20Rue%20Moli%C3%A8re%2C%2094200%20Ivry-sur-Seine!5e0!3m2!1sfr!2sfr!4v1732499799854!5m2!1sfr!2sfr\" width=\"100%\" height=\"600\" style=\"border:0;\" allowfullscreen=\"\" loading=\"lazy\" referrerpolicy=\"no-referrer-when-downgrade\"><\/iframe>\n<\/div>\n<\/div>\n\n\n\n<div class=\"wp-block-cover alignfull is-light\" style=\"padding-top:100px;padding-bottom:100px;min-height:905px;aspect-ratio:unset;\"><span aria-hidden=\"true\" class=\"wp-block-cover__background has-background-dim-100 has-background-dim\" style=\"background-color:#f7f8f9\"><\/span><div class=\"wp-block-cover__inner-container has-global-padding is-layout-constrained wp-container-core-cover-is-layout-0e8914e2 wp-block-cover-is-layout-constrained\">\n<h2 class=\"wp-block-heading has-text-align-center has-text-color has-work-sans-regular-font-family\" style=\"color:#000000;font-size:clamp(29.768px, 1.861rem + ((1vw - 3.2px) * 2.526), 52px);line-height:1.2\">Pour nous \u00e9crire<\/h2>\n\n\n<style id=\"wpforms-css-vars-54-block-1bfd8ef8-04e2-4a14-a237-1d86f14b13ce\">\n\t\t\t\t#wpforms-54.wpforms-block-1bfd8ef8-04e2-4a14-a237-1d86f14b13ce {\n\t\t\t\t--wpforms-field-size-input-height: 43px;\n--wpforms-field-size-input-spacing: 15px;\n--wpforms-field-size-font-size: 16px;\n--wpforms-field-size-line-height: 19px;\n--wpforms-field-size-padding-h: 14px;\n--wpforms-field-size-checkbox-size: 16px;\n--wpforms-field-size-sublabel-spacing: 5px;\n--wpforms-field-size-icon-size: 1;\n--wpforms-label-size-font-size: 16px;\n--wpforms-label-size-line-height: 19px;\n--wpforms-label-size-sublabel-font-size: 14px;\n--wpforms-label-size-sublabel-line-height: 17px;\n--wpforms-button-size-font-size: 17px;\n--wpforms-button-size-height: 41px;\n--wpforms-button-size-padding-h: 15px;\n--wpforms-button-size-margin-top: 10px;\n\t\t\t}\n\t\t\t<\/style><div class=\"wpforms-container wpforms-container-full wpforms-block wpforms-block-1bfd8ef8-04e2-4a14-a237-1d86f14b13ce wpforms-render-modern\" id=\"wpforms-54\"><form id=\"wpforms-form-54\" class=\"wpforms-validate wpforms-form wpforms-ajax-form\" data-formid=\"54\" method=\"post\" enctype=\"multipart\/form-data\" action=\"\/index.php\/wp-json\/wp\/v2\/pages\/41\" data-token=\"2f526c00e632a7b8b547ee15ad3eaa84\" data-token-time=\"1776315564\"><noscript class=\"wpforms-error-noscript\">Veuillez activer JavaScript dans votre navigateur pour remplir ce formulaire.<\/noscript><div id=\"wpforms-error-noscript\" style=\"display: none;\">Veuillez activer JavaScript dans votre navigateur pour remplir ce formulaire.<\/div><div class=\"wpforms-field-container\"><div id=\"wpforms-54-field_1-container\" class=\"wpforms-field wpforms-field-name\" data-field-id=\"1\"><fieldset><legend class=\"wpforms-field-label\">Nom <span class=\"wpforms-required-label\" aria-hidden=\"true\">*<\/span><\/legend><div class=\"wpforms-field-row wpforms-field-large\"><div class=\"wpforms-field-row-block wpforms-first wpforms-one-half\"><input type=\"text\" id=\"wpforms-54-field_1\" class=\"wpforms-field-name-first wpforms-field-required\" name=\"wpforms[fields][1][first]\" aria-errormessage=\"wpforms-54-field_1-error\" required><label for=\"wpforms-54-field_1\" class=\"wpforms-field-sublabel after\">Pr\u00e9nom<\/label><\/div><div class=\"wpforms-field-row-block wpforms-one-half\"><input type=\"text\" id=\"wpforms-54-field_1-last\" class=\"wpforms-field-name-last wpforms-field-required\" name=\"wpforms[fields][1][last]\" aria-errormessage=\"wpforms-54-field_1-last-error\" required><label for=\"wpforms-54-field_1-last\" class=\"wpforms-field-sublabel after\">Nom<\/label><\/div><\/div><\/fieldset><\/div><div id=\"wpforms-54-field_2-container\" class=\"wpforms-field wpforms-field-email\" data-field-id=\"2\"><label class=\"wpforms-field-label\" for=\"wpforms-54-field_2\">E-mail <span class=\"wpforms-required-label\" aria-hidden=\"true\">*<\/span><\/label><input type=\"email\" id=\"wpforms-54-field_2\" class=\"wpforms-field-large wpforms-field-required\" name=\"wpforms[fields][2]\" spellcheck=\"false\" aria-errormessage=\"wpforms-54-field_2-error\" required><\/div>\t\t<div id=\"wpforms-54-field_4-container\"\n\t\t\tclass=\"wpforms-field wpforms-field-text\"\n\t\t\tdata-field-type=\"text\"\n\t\t\tdata-field-id=\"4\"\n\t\t\t>\n\t\t\t<label class=\"wpforms-field-label\" for=\"wpforms-54-field_4\" >E-mail Commentaire ou<\/label>\n\t\t\t<input type=\"text\" id=\"wpforms-54-field_4\" class=\"wpforms-field-medium\" name=\"wpforms[fields][4]\" >\n\t\t<\/div>\n\t\t<div id=\"wpforms-54-field_3-container\" class=\"wpforms-field wpforms-field-textarea\" data-field-id=\"3\"><label class=\"wpforms-field-label\" for=\"wpforms-54-field_3\">Commentaire ou message<\/label><textarea id=\"wpforms-54-field_3\" class=\"wpforms-field-medium\" name=\"wpforms[fields][3]\" aria-errormessage=\"wpforms-54-field_3-error\" ><\/textarea><\/div><script>\n\t\t\t\t( function() {\n\t\t\t\t\tconst style = document.createElement( 'style' );\n\t\t\t\t\tstyle.appendChild( document.createTextNode( '#wpforms-54-field_4-container { position: absolute !important; overflow: hidden !important; display: inline !important; height: 1px !important; width: 1px !important; z-index: -1000 !important; padding: 0 !important; } #wpforms-54-field_4-container input { visibility: hidden; } #wpforms-conversational-form-page #wpforms-54-field_4-container label { counter-increment: none; }' ) );\n\t\t\t\t\tdocument.head.appendChild( style );\n\t\t\t\t\tdocument.currentScript?.remove();\n\t\t\t\t} )();\n\t\t\t<\/script><\/div><!-- .wpforms-field-container --><div class=\"wpforms-submit-container\" ><input type=\"hidden\" name=\"wpforms[id]\" value=\"54\"><input type=\"hidden\" name=\"page_title\" value=\"\"><input type=\"hidden\" name=\"page_url\" value=\"https:\/\/ateliernox.com\/index.php\/wp-json\/wp\/v2\/pages\/41\"><input type=\"hidden\" name=\"url_referer\" value=\"\"><button type=\"submit\" name=\"wpforms[submit]\" id=\"wpforms-submit-54\" class=\"wpforms-submit\" data-alt-text=\"Envoi...\" data-submit-text=\"Envoyer\" aria-live=\"assertive\" value=\"wpforms-submit\">Envoyer<\/button><img decoding=\"async\" src=\"https:\/\/ateliernox.com\/wp-content\/plugins\/wpforms-lite\/assets\/images\/submit-spin.svg\" class=\"wpforms-submit-spinner\" style=\"display: none;\" width=\"26\" height=\"26\" alt=\"Chargement en cours\"><\/div><\/form><\/div>  <!-- .wpforms-container -->\n\n\n<div class=\"wp-block-group has-text-color has-link-color wp-elements-b10edbfc9ab666625dccd451c36d5c0b has-global-padding is-layout-constrained wp-block-group-is-layout-constrained\" style=\"color:#ffffff;margin-top:3.51rem\"><\/div>\n<\/div><\/div>\n\n\n\n<div class=\"wp-block-cover alignfull is-light\" style=\"margin-top:0;margin-bottom:0;padding-top:0;padding-bottom:0;min-height:50px;aspect-ratio:unset;\"><span aria-hidden=\"true\" class=\"wp-block-cover__background has-base-background-color has-background-dim-0 has-background-dim\"><\/span><div class=\"wp-block-cover__inner-container has-global-padding is-layout-constrained wp-container-core-cover-is-layout-2d4dec71 wp-block-cover-is-layout-constrained\">\n<div class=\"wp-block-columns is-layout-flex wp-container-core-columns-is-layout-2ca6c66e wp-block-columns-is-layout-flex\" style=\"margin-top:5rem;margin-bottom:5rem;padding-right:2rem;padding-left:2rem\">\n<div class=\"wp-block-column is-vertically-aligned-stretch has-global-padding is-layout-constrained wp-container-core-column-is-layout-0de311d3 wp-block-column-is-layout-constrained\" style=\"padding-right:0;padding-left:0\">\n<div class=\"wp-block-group is-style-default is-vertical is-content-justification-center is-layout-flex wp-container-core-group-is-layout-2cec4ef0 wp-block-group-is-layout-flex\" style=\"min-height:100%\">\n<figure class=\"wp-block-image aligncenter size-full is-resized wp-duotone-434343-7f7f7f-1\"><img decoding=\"async\" src=\"https:\/\/tyler.com\/wp-content\/uploads\/2023\/11\/marble-icon1.png\" alt=\"\" class=\"wp-image-1847\" style=\"width:48px;height:undefinedpx\"\/><\/figure>\n\n\n\n<p class=\"has-text-align-center has-text-color has-link-color has-work-sans-regular-font-family wp-elements-d870e6e8f4f1d0c57d79c1eb35bd179d\" style=\"color:#000000;font-size:clamp(14px, 0.875rem + ((1vw - 3.2px) * 0.455), 18px);\">10 rue Moli\u00e8re, 94200 Ivry-sur-Seine<\/p>\n<\/div>\n<\/div>\n\n\n\n<div class=\"wp-block-column is-vertically-aligned-stretch is-layout-flow wp-block-column-is-layout-flow\">\n<div class=\"wp-block-group is-vertical is-content-justification-center is-layout-flex wp-container-core-group-is-layout-b6c228df wp-block-group-is-layout-flex\" style=\"min-height:100%\">\n<figure class=\"wp-block-image aligncenter size-full is-resized wp-duotone-434343-7f7f7f-2\"><img decoding=\"async\" src=\"https:\/\/tyler.com\/wp-content\/uploads\/2023\/11\/marble-icon3.png\" alt=\"\" class=\"wp-image-1849\" style=\"width:48px;height:undefinedpx\"\/><\/figure>\n\n\n\n<p class=\"has-text-align-center has-text-color has-work-sans-regular-font-family\" style=\"color:#000000;font-size:clamp(14px, 0.875rem + ((1vw - 3.2px) * 0.455), 18px);line-height:1.8\">contact@ateliernox.com<\/p>\n<\/div>\n<\/div>\n<\/div>\n<\/div><\/div>\n\n\n\n<p><\/p>\n","protected":false},"excerpt":{"rendered":"<p>CONTACT<\/p>\n","protected":false},"author":1,"featured_media":0,"parent":0,"menu_order":0,"comment_status":"closed","ping_status":"closed","template":"","meta":{"footnotes":""},"class_list":["post-41","page","type-page","status-publish","hentry"],"yoast_head":"<!-- This site is optimized with the Yoast SEO plugin v27.3 - https:\/\/yoast.com\/product\/yoast-seo-wordpress\/ -->\n<title>Contact - Atelier NOX - ateliernox.com<\/title>\n<meta name=\"description\" content=\"Contact - Atelier NOX N\u2019h\u00e9titez pas \u00e0 prendre contact avec nous d\u00e8s maintenant. Notre \u00e9quipe mettra tout son savoir-faire \u00e0 votre service.\" \/>\n<meta name=\"robots\" content=\"index, follow, max-snippet:-1, max-image-preview:large, max-video-preview:-1\" \/>\n<link rel=\"canonical\" href=\"https:\/\/ateliernox.com\/index.php\/contact-atelier-nox-ateliernox-com\/\" \/>\n<meta property=\"og:locale\" content=\"fr_FR\" \/>\n<meta property=\"og:type\" content=\"article\" \/>\n<meta property=\"og:title\" content=\"Contact - Atelier NOX - ateliernox.com\" \/>\n<meta property=\"og:description\" content=\"Contact - Atelier NOX N\u2019h\u00e9titez pas \u00e0 prendre contact avec nous d\u00e8s maintenant. Notre \u00e9quipe mettra tout son savoir-faire \u00e0 votre service.\" \/>\n<meta property=\"og:url\" content=\"https:\/\/ateliernox.com\/index.php\/contact-atelier-nox-ateliernox-com\/\" \/>\n<meta property=\"og:site_name\" content=\"Atelier NOX\" \/>\n<meta property=\"article:modified_time\" content=\"2024-12-17T15:52:03+00:00\" \/>\n<meta property=\"og:image\" content=\"https:\/\/ateliernox.com\/wp-content\/uploads\/2024\/11\/Copie-de-201912_AMELOT_Videdressing-Trax-Le-Bon-coin-6.jpg\" \/>\n\t<meta property=\"og:image:width\" content=\"1800\" \/>\n\t<meta property=\"og:image:height\" content=\"1200\" \/>\n\t<meta property=\"og:image:type\" content=\"image\/jpeg\" \/>\n<meta name=\"twitter:card\" content=\"summary_large_image\" \/>\n<meta name=\"twitter:label1\" content=\"Dur\u00e9e de lecture estim\u00e9e\" \/>\n\t<meta name=\"twitter:data1\" content=\"1 minute\" \/>\n<script type=\"application\/ld+json\" class=\"yoast-schema-graph\">{\"@context\":\"https:\\\/\\\/schema.org\",\"@graph\":[{\"@type\":\"WebPage\",\"@id\":\"https:\\\/\\\/ateliernox.com\\\/index.php\\\/contact-atelier-nox-ateliernox-com\\\/\",\"url\":\"https:\\\/\\\/ateliernox.com\\\/index.php\\\/contact-atelier-nox-ateliernox-com\\\/\",\"name\":\"Contact - Atelier NOX - ateliernox.com\",\"isPartOf\":{\"@id\":\"https:\\\/\\\/ateliernox.com\\\/#website\"},\"primaryImageOfPage\":{\"@id\":\"https:\\\/\\\/ateliernox.com\\\/index.php\\\/contact-atelier-nox-ateliernox-com\\\/#primaryimage\"},\"image\":{\"@id\":\"https:\\\/\\\/ateliernox.com\\\/index.php\\\/contact-atelier-nox-ateliernox-com\\\/#primaryimage\"},\"thumbnailUrl\":\"http:\\\/\\\/ateliernox.com\\\/wp-content\\\/uploads\\\/2024\\\/11\\\/Copie-de-201912_AMELOT_Videdressing-Trax-Le-Bon-coin-6.jpg\",\"datePublished\":\"2024-11-24T20:54:47+00:00\",\"dateModified\":\"2024-12-17T15:52:03+00:00\",\"description\":\"Contact - Atelier NOX N\u2019h\u00e9titez pas \u00e0 prendre contact avec nous d\u00e8s maintenant. Notre \u00e9quipe mettra tout son savoir-faire \u00e0 votre service.\",\"breadcrumb\":{\"@id\":\"https:\\\/\\\/ateliernox.com\\\/index.php\\\/contact-atelier-nox-ateliernox-com\\\/#breadcrumb\"},\"inLanguage\":\"fr-FR\",\"potentialAction\":[{\"@type\":\"ReadAction\",\"target\":[\"https:\\\/\\\/ateliernox.com\\\/index.php\\\/contact-atelier-nox-ateliernox-com\\\/\"]}]},{\"@type\":\"ImageObject\",\"inLanguage\":\"fr-FR\",\"@id\":\"https:\\\/\\\/ateliernox.com\\\/index.php\\\/contact-atelier-nox-ateliernox-com\\\/#primaryimage\",\"url\":\"https:\\\/\\\/ateliernox.com\\\/wp-content\\\/uploads\\\/2024\\\/11\\\/Copie-de-201912_AMELOT_Videdressing-Trax-Le-Bon-coin-6.jpg\",\"contentUrl\":\"https:\\\/\\\/ateliernox.com\\\/wp-content\\\/uploads\\\/2024\\\/11\\\/Copie-de-201912_AMELOT_Videdressing-Trax-Le-Bon-coin-6.jpg\",\"width\":1800,\"height\":1200},{\"@type\":\"BreadcrumbList\",\"@id\":\"https:\\\/\\\/ateliernox.com\\\/index.php\\\/contact-atelier-nox-ateliernox-com\\\/#breadcrumb\",\"itemListElement\":[{\"@type\":\"ListItem\",\"position\":1,\"name\":\"Accueil\",\"item\":\"https:\\\/\\\/ateliernox.com\\\/\"},{\"@type\":\"ListItem\",\"position\":2,\"name\":\"Contact\"}]},{\"@type\":\"WebSite\",\"@id\":\"https:\\\/\\\/ateliernox.com\\\/#website\",\"url\":\"https:\\\/\\\/ateliernox.com\\\/\",\"name\":\"Atelier NOX\",\"description\":\"Un atelier d\u00e9di\u00e9 \u00e0 la r\u00e9alisation de d\u00e9cor pour la sc\u00e9nographie, le cin\u00e9ma et la publicit\u00e9.\",\"publisher\":{\"@id\":\"https:\\\/\\\/ateliernox.com\\\/#organization\"},\"potentialAction\":[{\"@type\":\"SearchAction\",\"target\":{\"@type\":\"EntryPoint\",\"urlTemplate\":\"https:\\\/\\\/ateliernox.com\\\/?s={search_term_string}\"},\"query-input\":{\"@type\":\"PropertyValueSpecification\",\"valueRequired\":true,\"valueName\":\"search_term_string\"}}],\"inLanguage\":\"fr-FR\"},{\"@type\":\"Organization\",\"@id\":\"https:\\\/\\\/ateliernox.com\\\/#organization\",\"name\":\"Atelier NOX\",\"url\":\"https:\\\/\\\/ateliernox.com\\\/\",\"logo\":{\"@type\":\"ImageObject\",\"inLanguage\":\"fr-FR\",\"@id\":\"https:\\\/\\\/ateliernox.com\\\/#\\\/schema\\\/logo\\\/image\\\/\",\"url\":\"https:\\\/\\\/ateliernox.com\\\/wp-content\\\/uploads\\\/2024\\\/10\\\/cropped-LOGO-timbre.png\",\"contentUrl\":\"https:\\\/\\\/ateliernox.com\\\/wp-content\\\/uploads\\\/2024\\\/10\\\/cropped-LOGO-timbre.png\",\"width\":512,\"height\":512,\"caption\":\"Atelier NOX\"},\"image\":{\"@id\":\"https:\\\/\\\/ateliernox.com\\\/#\\\/schema\\\/logo\\\/image\\\/\"}}]}<\/script>\n<!-- \/ Yoast SEO plugin. -->","yoast_head_json":{"title":"Contact - Atelier NOX - ateliernox.com","description":"Contact - Atelier NOX N\u2019h\u00e9titez pas \u00e0 prendre contact avec nous d\u00e8s maintenant. Notre \u00e9quipe mettra tout son savoir-faire \u00e0 votre service.","robots":{"index":"index","follow":"follow","max-snippet":"max-snippet:-1","max-image-preview":"max-image-preview:large","max-video-preview":"max-video-preview:-1"},"canonical":"https:\/\/ateliernox.com\/index.php\/contact-atelier-nox-ateliernox-com\/","og_locale":"fr_FR","og_type":"article","og_title":"Contact - Atelier NOX - ateliernox.com","og_description":"Contact - Atelier NOX N\u2019h\u00e9titez pas \u00e0 prendre contact avec nous d\u00e8s maintenant. Notre \u00e9quipe mettra tout son savoir-faire \u00e0 votre service.","og_url":"https:\/\/ateliernox.com\/index.php\/contact-atelier-nox-ateliernox-com\/","og_site_name":"Atelier NOX","article_modified_time":"2024-12-17T15:52:03+00:00","og_image":[{"width":1800,"height":1200,"url":"https:\/\/ateliernox.com\/wp-content\/uploads\/2024\/11\/Copie-de-201912_AMELOT_Videdressing-Trax-Le-Bon-coin-6.jpg","type":"image\/jpeg"}],"twitter_card":"summary_large_image","twitter_misc":{"Dur\u00e9e de lecture estim\u00e9e":"1 minute"},"schema":{"@context":"https:\/\/schema.org","@graph":[{"@type":"WebPage","@id":"https:\/\/ateliernox.com\/index.php\/contact-atelier-nox-ateliernox-com\/","url":"https:\/\/ateliernox.com\/index.php\/contact-atelier-nox-ateliernox-com\/","name":"Contact - Atelier NOX - ateliernox.com","isPartOf":{"@id":"https:\/\/ateliernox.com\/#website"},"primaryImageOfPage":{"@id":"https:\/\/ateliernox.com\/index.php\/contact-atelier-nox-ateliernox-com\/#primaryimage"},"image":{"@id":"https:\/\/ateliernox.com\/index.php\/contact-atelier-nox-ateliernox-com\/#primaryimage"},"thumbnailUrl":"http:\/\/ateliernox.com\/wp-content\/uploads\/2024\/11\/Copie-de-201912_AMELOT_Videdressing-Trax-Le-Bon-coin-6.jpg","datePublished":"2024-11-24T20:54:47+00:00","dateModified":"2024-12-17T15:52:03+00:00","description":"Contact - Atelier NOX N\u2019h\u00e9titez pas \u00e0 prendre contact avec nous d\u00e8s maintenant. Notre \u00e9quipe mettra tout son savoir-faire \u00e0 votre service.","breadcrumb":{"@id":"https:\/\/ateliernox.com\/index.php\/contact-atelier-nox-ateliernox-com\/#breadcrumb"},"inLanguage":"fr-FR","potentialAction":[{"@type":"ReadAction","target":["https:\/\/ateliernox.com\/index.php\/contact-atelier-nox-ateliernox-com\/"]}]},{"@type":"ImageObject","inLanguage":"fr-FR","@id":"https:\/\/ateliernox.com\/index.php\/contact-atelier-nox-ateliernox-com\/#primaryimage","url":"https:\/\/ateliernox.com\/wp-content\/uploads\/2024\/11\/Copie-de-201912_AMELOT_Videdressing-Trax-Le-Bon-coin-6.jpg","contentUrl":"https:\/\/ateliernox.com\/wp-content\/uploads\/2024\/11\/Copie-de-201912_AMELOT_Videdressing-Trax-Le-Bon-coin-6.jpg","width":1800,"height":1200},{"@type":"BreadcrumbList","@id":"https:\/\/ateliernox.com\/index.php\/contact-atelier-nox-ateliernox-com\/#breadcrumb","itemListElement":[{"@type":"ListItem","position":1,"name":"Accueil","item":"https:\/\/ateliernox.com\/"},{"@type":"ListItem","position":2,"name":"Contact"}]},{"@type":"WebSite","@id":"https:\/\/ateliernox.com\/#website","url":"https:\/\/ateliernox.com\/","name":"Atelier NOX","description":"Un atelier d\u00e9di\u00e9 \u00e0 la r\u00e9alisation de d\u00e9cor pour la sc\u00e9nographie, le cin\u00e9ma et la publicit\u00e9.","publisher":{"@id":"https:\/\/ateliernox.com\/#organization"},"potentialAction":[{"@type":"SearchAction","target":{"@type":"EntryPoint","urlTemplate":"https:\/\/ateliernox.com\/?s={search_term_string}"},"query-input":{"@type":"PropertyValueSpecification","valueRequired":true,"valueName":"search_term_string"}}],"inLanguage":"fr-FR"},{"@type":"Organization","@id":"https:\/\/ateliernox.com\/#organization","name":"Atelier NOX","url":"https:\/\/ateliernox.com\/","logo":{"@type":"ImageObject","inLanguage":"fr-FR","@id":"https:\/\/ateliernox.com\/#\/schema\/logo\/image\/","url":"https:\/\/ateliernox.com\/wp-content\/uploads\/2024\/10\/cropped-LOGO-timbre.png","contentUrl":"https:\/\/ateliernox.com\/wp-content\/uploads\/2024\/10\/cropped-LOGO-timbre.png","width":512,"height":512,"caption":"Atelier NOX"},"image":{"@id":"https:\/\/ateliernox.com\/#\/schema\/logo\/image\/"}}]}},"_links":{"self":[{"href":"https:\/\/ateliernox.com\/index.php\/wp-json\/wp\/v2\/pages\/41","targetHints":{"allow":["GET"]}}],"collection":[{"href":"https:\/\/ateliernox.com\/index.php\/wp-json\/wp\/v2\/pages"}],"about":[{"href":"https:\/\/ateliernox.com\/index.php\/wp-json\/wp\/v2\/types\/page"}],"author":[{"embeddable":true,"href":"https:\/\/ateliernox.com\/index.php\/wp-json\/wp\/v2\/users\/1"}],"replies":[{"embeddable":true,"href":"https:\/\/ateliernox.com\/index.php\/wp-json\/wp\/v2\/comments?post=41"}],"version-history":[{"count":26,"href":"https:\/\/ateliernox.com\/index.php\/wp-json\/wp\/v2\/pages\/41\/revisions"}],"predecessor-version":[{"id":313,"href":"https:\/\/ateliernox.com\/index.php\/wp-json\/wp\/v2\/pages\/41\/revisions\/313"}],"wp:attachment":[{"href":"https:\/\/ateliernox.com\/index.php\/wp-json\/wp\/v2\/media?parent=41"}],"curies":[{"name":"wp","href":"https:\/\/api.w.org\/{rel}","templated":true}]}}