{"id":36,"date":"2024-11-24T21:53:23","date_gmt":"2024-11-24T20:53:23","guid":{"rendered":"https:\/\/ateliernox.com\/?page_id=36"},"modified":"2025-03-03T14:20:38","modified_gmt":"2025-03-03T13:20:38","slug":"atelier-nox-atelier-construction-decor","status":"publish","type":"page","link":"https:\/\/ateliernox.com\/","title":{"rendered":"Accueil"},"content":{"rendered":"\n<div class=\"wp-block-cover alignfull has-base-color has-text-color\" style=\"padding-top:0px;min-height:423px;aspect-ratio:unset;\"><span aria-hidden=\"true\" class=\"wp-block-cover__background has-black-background-color has-background-dim\"><\/span><img fetchpriority=\"high\" decoding=\"async\" width=\"2560\" height=\"1706\" class=\"wp-block-cover__image-background wp-image-59\" alt=\"\" src=\"https:\/\/ateliernox.com\/wp-content\/uploads\/2024\/11\/barn-images-t5YUoHW6zRo-unsplash-scaled.jpg\" data-object-fit=\"cover\" srcset=\"https:\/\/ateliernox.com\/wp-content\/uploads\/2024\/11\/barn-images-t5YUoHW6zRo-unsplash-scaled.jpg 2560w, https:\/\/ateliernox.com\/wp-content\/uploads\/2024\/11\/barn-images-t5YUoHW6zRo-unsplash-300x200.jpg 300w, https:\/\/ateliernox.com\/wp-content\/uploads\/2024\/11\/barn-images-t5YUoHW6zRo-unsplash-1024x683.jpg 1024w, https:\/\/ateliernox.com\/wp-content\/uploads\/2024\/11\/barn-images-t5YUoHW6zRo-unsplash-768x512.jpg 768w, https:\/\/ateliernox.com\/wp-content\/uploads\/2024\/11\/barn-images-t5YUoHW6zRo-unsplash-1536x1024.jpg 1536w, https:\/\/ateliernox.com\/wp-content\/uploads\/2024\/11\/barn-images-t5YUoHW6zRo-unsplash-2048x1365.jpg 2048w\" sizes=\"(max-width: 2560px) 100vw, 2560px\" \/><div class=\"wp-block-cover__inner-container has-global-padding is-layout-constrained wp-container-core-cover-is-layout-0ff4aabc wp-block-cover-is-layout-constrained\">\n<h2 class=\"wp-block-heading has-text-align-center has-text-color has-work-sans-regular-font-family\" style=\"color:#ffffff;font-size:clamp(39.963px, 2.498rem + ((1vw - 3.2px) * 3.981), 75px);font-style:normal;font-weight:400;line-height:1.2;text-transform:uppercase\">ATELIER NOX<\/h2>\n\n\n\n<p class=\"has-text-align-center has-text-color has-work-sans-regular-font-family\" style=\"color:#ffffff;font-size:clamp(14px, 0.875rem + ((1vw - 3.2px) * 0.682), 20px);line-height:1.5\"><em>Un atelier d\u00e9di\u00e9 \u00e0 la r\u00e9alisation de d\u00e9cor pour la sc\u00e9nographie, le cin\u00e9ma et la publicit\u00e9.  <\/em><\/p>\n<\/div><\/div>\n\n\n\n<div class=\"wp-block-cover alignfull is-light\" style=\"margin-top:0px;margin-bottom:0px;padding-top:100px;padding-bottom:100px;min-height:1460px;aspect-ratio:unset;\"><span aria-hidden=\"true\" class=\"wp-block-cover__background has-base-background-color has-background-dim-0 has-background-dim\"><\/span><div class=\"wp-block-cover__inner-container has-global-padding is-layout-constrained wp-container-core-cover-is-layout-4a608aa3 wp-block-cover-is-layout-constrained\">\n<div class=\"wp-block-columns is-layout-flex wp-container-core-columns-is-layout-180adb03 wp-block-columns-is-layout-flex\" style=\"margin-top:60px\">\n<div class=\"wp-block-column is-vertically-aligned-center is-layout-flow wp-block-column-is-layout-flow\">\n<div class=\"wp-block-group has-global-padding is-content-justification-right is-layout-constrained wp-container-core-group-is-layout-f1f2ed93 wp-block-group-is-layout-constrained\">\n<h2 class=\"wp-block-heading alignfull has-text-align-center has-text-color has-work-sans-regular-font-family\" style=\"color:#000000;margin-bottom:0px;font-size:clamp(33.419px, 2.089rem + ((1vw - 3.2px) * 3.021), 60px);font-style:normal;font-weight:400;line-height:1\">Nos services<\/h2>\n\n\n\n<p class=\"has-text-align-center has-text-color has-link-color has-work-sans-regular-font-family wp-elements-b711576b422339d20ca3fea990ec7d66\" style=\"color:#737373\">Les professions dans le domaine du spectacle et de l\u2019\u00e9v\u00e9nementiel demandent une grande rigueur. Pour garantir des r\u00e9alisations en ad\u00e9quation avec vos attentes, nous prenons en compte avec soin vos contraintes budg\u00e9taires, artistiques et techniques, dans le but de r\u00e9pondre au mieux aux exigences de l&rsquo;\u00e9v\u00e9nement.<\/p>\n\n\n\n<div class=\"wp-block-buttons is-content-justification-center is-layout-flex wp-container-core-buttons-is-layout-a89b3969 wp-block-buttons-is-layout-flex\">\n<div class=\"wp-block-button has-custom-font-size is-style-outline is-style-outline--1\" style=\"font-size:clamp(14px, 0.875rem + ((1vw - 3.2px) * 0.455), 18px);font-style:normal;font-weight:600;text-transform:uppercase\"><a class=\"wp-block-button__link has-text-color has-background has-text-align-left wp-element-button\" href=\"https:\/\/ateliernox.com\/index.php\/a-propos\/\" style=\"border-style:none;border-width:0px;border-radius:0px;color:#fefefe;background-color:#000000;padding-top:0;padding-right:var(--wp--preset--spacing--20);padding-bottom:0;padding-left:var(--wp--preset--spacing--20)\">En saVOIR PLUS<\/a><\/div>\n<\/div>\n<\/div>\n<\/div>\n\n\n\n<div class=\"wp-block-column is-vertically-aligned-center is-layout-flow wp-container-core-column-is-layout-8a368f38 wp-block-column-is-layout-flow\" style=\"flex-basis:60%\">\n<p class=\"has-text-align-right has-text-color\" style=\"color:#ffce526e;padding-bottom:10px;font-size:clamp(33.419px, 2.089rem + ((1vw - 3.2px) * 3.021), 60px);font-style:normal;font-weight:700;line-height:1\">01<\/p>\n\n\n\n<figure class=\"wp-block-image size-full\"><a href=\"https:\/\/ateliernox.com\/index.php\/a-propos\/\"><img decoding=\"async\" width=\"2560\" height=\"1707\" src=\"http:\/\/ateliernox.com\/wp-content\/uploads\/2024\/11\/pexels-cottonbro-7484164-scaled.jpg\" alt=\"\" class=\"wp-image-60\" style=\"aspect-ratio:16\/9;object-fit:cover\" srcset=\"https:\/\/ateliernox.com\/wp-content\/uploads\/2024\/11\/pexels-cottonbro-7484164-scaled.jpg 2560w, https:\/\/ateliernox.com\/wp-content\/uploads\/2024\/11\/pexels-cottonbro-7484164-300x200.jpg 300w, https:\/\/ateliernox.com\/wp-content\/uploads\/2024\/11\/pexels-cottonbro-7484164-1024x683.jpg 1024w, https:\/\/ateliernox.com\/wp-content\/uploads\/2024\/11\/pexels-cottonbro-7484164-768x512.jpg 768w, https:\/\/ateliernox.com\/wp-content\/uploads\/2024\/11\/pexels-cottonbro-7484164-1536x1024.jpg 1536w, https:\/\/ateliernox.com\/wp-content\/uploads\/2024\/11\/pexels-cottonbro-7484164-2048x1365.jpg 2048w\" sizes=\"(max-width: 2560px) 100vw, 2560px\" \/><\/a><\/figure>\n<\/div>\n<\/div>\n\n\n\n<div class=\"wp-block-columns is-layout-flex wp-container-core-columns-is-layout-b54b0d81 wp-block-columns-is-layout-flex\" style=\"margin-top:80px\">\n<div class=\"wp-block-column is-layout-flow wp-container-core-column-is-layout-8a368f38 wp-block-column-is-layout-flow\" style=\"flex-basis:60%\">\n<p class=\"has-text-align-left has-text-color\" style=\"color:#ffce526e;padding-bottom:10px;font-size:clamp(33.419px, 2.089rem + ((1vw - 3.2px) * 3.021), 60px);font-style:normal;font-weight:700;line-height:1\">02<\/p>\n\n\n\n<figure class=\"wp-block-image size-full has-custom-border is-style-default\"><a href=\"https:\/\/ateliernox.com\/index.php\/projets\/\"><img decoding=\"async\" width=\"2560\" height=\"1707\" src=\"http:\/\/ateliernox.com\/wp-content\/uploads\/2024\/12\/WINTER-VIBES-2024-2025-LS-TITANE-02-\u2013-01-\u2013-ORIGINALBIEN-scaled.jpg\" alt=\"\" class=\"wp-image-294\" style=\"border-style:none;border-width:0px;border-radius:0px;aspect-ratio:16\/9;object-fit:cover\" srcset=\"https:\/\/ateliernox.com\/wp-content\/uploads\/2024\/12\/WINTER-VIBES-2024-2025-LS-TITANE-02-\u2013-01-\u2013-ORIGINALBIEN-scaled.jpg 2560w, https:\/\/ateliernox.com\/wp-content\/uploads\/2024\/12\/WINTER-VIBES-2024-2025-LS-TITANE-02-\u2013-01-\u2013-ORIGINALBIEN-300x200.jpg 300w, https:\/\/ateliernox.com\/wp-content\/uploads\/2024\/12\/WINTER-VIBES-2024-2025-LS-TITANE-02-\u2013-01-\u2013-ORIGINALBIEN-1024x683.jpg 1024w, https:\/\/ateliernox.com\/wp-content\/uploads\/2024\/12\/WINTER-VIBES-2024-2025-LS-TITANE-02-\u2013-01-\u2013-ORIGINALBIEN-768x512.jpg 768w, https:\/\/ateliernox.com\/wp-content\/uploads\/2024\/12\/WINTER-VIBES-2024-2025-LS-TITANE-02-\u2013-01-\u2013-ORIGINALBIEN-1536x1024.jpg 1536w, https:\/\/ateliernox.com\/wp-content\/uploads\/2024\/12\/WINTER-VIBES-2024-2025-LS-TITANE-02-\u2013-01-\u2013-ORIGINALBIEN-2048x1366.jpg 2048w\" sizes=\"(max-width: 2560px) 100vw, 2560px\" \/><\/a><\/figure>\n<\/div>\n\n\n\n<div class=\"wp-block-column is-vertically-aligned-center is-layout-flow wp-block-column-is-layout-flow\">\n<h2 class=\"wp-block-heading has-text-align-center has-text-color has-work-sans-regular-font-family\" style=\"color:#000000;margin-top:0;font-size:clamp(33.419px, 2.089rem + ((1vw - 3.2px) * 3.021), 60px);font-style:normal;font-weight:400;line-height:1\">Nos r\u00e9alisations<\/h2>\n\n\n\n<p class=\"has-text-align-center has-text-color has-work-sans-regular-font-family\" style=\"color:#737373;font-size:clamp(14px, 0.875rem + ((1vw - 3.2px) * 0.455), 18px);line-height:1.5\">D\u00e9couvrez notre portfolio mettant en avant des d\u00e9cors, des \u00e9v\u00e9nements pr\u00e9sentant une histoire unique. Laissez-nous vous inspirer pour votre prochain projet.<\/p>\n\n\n\n<div class=\"wp-block-buttons is-content-justification-center is-layout-flex wp-container-core-buttons-is-layout-a89b3969 wp-block-buttons-is-layout-flex\">\n<div class=\"wp-block-button has-custom-font-size is-style-outline is-style-outline--2\" style=\"font-size:clamp(14px, 0.875rem + ((1vw - 3.2px) * 0.455), 18px);font-style:normal;font-weight:600;text-transform:uppercase\"><a class=\"wp-block-button__link has-text-color has-background has-text-align-left wp-element-button\" href=\"https:\/\/ateliernox.com\/index.php\/realisations-atelier-nox-projets-ateliernox-com\/\" style=\"border-style:none;border-width:0px;border-radius:0px;color:#ffffff;background-color:#000000;padding-right:var(--wp--preset--spacing--20);padding-left:var(--wp--preset--spacing--20)\">R\u00c9ALISATIONS<\/a><\/div>\n<\/div>\n<\/div>\n<\/div>\n\n\n\n<div class=\"wp-block-columns is-layout-flex wp-container-core-columns-is-layout-180adb03 wp-block-columns-is-layout-flex\" style=\"margin-top:60px\">\n<div class=\"wp-block-column is-vertically-aligned-center is-layout-flow wp-block-column-is-layout-flow\">\n<h2 class=\"wp-block-heading has-text-align-center has-text-color has-work-sans-regular-font-family\" style=\"color:#000000;margin-bottom:0px;font-size:clamp(33.419px, 2.089rem + ((1vw - 3.2px) * 3.021), 60px);font-style:normal;font-weight:400;line-height:1\">Nous rencontrer<\/h2>\n\n\n\n<p class=\"has-text-align-center has-text-color has-link-color has-work-sans-regular-font-family wp-elements-57f18b2e2017081dc7530c9ce5ffc3fe\" style=\"color:#737373\">Afin de vous accompagner au mieux dans votre projet, n&rsquo;h\u00e9sitez pas \u00e0 nous faire part de vos id\u00e9es ou de vos questions.<\/p>\n\n\n\n<div class=\"wp-block-buttons is-content-justification-center is-layout-flex wp-container-core-buttons-is-layout-a89b3969 wp-block-buttons-is-layout-flex\">\n<div class=\"wp-block-button has-custom-font-size is-style-outline is-style-outline--3\" style=\"font-size:clamp(14px, 0.875rem + ((1vw - 3.2px) * 0.455), 18px);font-style:normal;font-weight:600;text-transform:uppercase\"><a class=\"wp-block-button__link has-text-color has-background has-text-align-left wp-element-button\" href=\"https:\/\/ateliernox.com\/index.php\/contact\/\" style=\"border-style:none;border-width:0px;border-radius:0px;color:#ffffff;background-color:#010101;padding-right:var(--wp--preset--spacing--20);padding-left:var(--wp--preset--spacing--20)\">Contact<\/a><\/div>\n<\/div>\n<\/div>\n\n\n\n<div class=\"wp-block-column is-layout-flow wp-container-core-column-is-layout-8a368f38 wp-block-column-is-layout-flow\" style=\"flex-basis:60%\">\n<p class=\"has-text-align-right has-text-color\" style=\"color:#ffce526e;padding-bottom:10px;font-size:clamp(33.419px, 2.089rem + ((1vw - 3.2px) * 3.021), 60px);font-style:normal;font-weight:700;line-height:1\">03<\/p>\n\n\n\n<figure class=\"wp-block-image size-full\"><img loading=\"lazy\" decoding=\"async\" width=\"2560\" height=\"1602\" src=\"http:\/\/ateliernox.com\/wp-content\/uploads\/2024\/11\/pexels-ono-kosuki-5973919-scaled.jpg\" alt=\"\" class=\"wp-image-63\" style=\"aspect-ratio:16\/9;object-fit:cover\" srcset=\"https:\/\/ateliernox.com\/wp-content\/uploads\/2024\/11\/pexels-ono-kosuki-5973919-scaled.jpg 2560w, https:\/\/ateliernox.com\/wp-content\/uploads\/2024\/11\/pexels-ono-kosuki-5973919-300x188.jpg 300w, https:\/\/ateliernox.com\/wp-content\/uploads\/2024\/11\/pexels-ono-kosuki-5973919-1024x641.jpg 1024w, https:\/\/ateliernox.com\/wp-content\/uploads\/2024\/11\/pexels-ono-kosuki-5973919-768x481.jpg 768w, https:\/\/ateliernox.com\/wp-content\/uploads\/2024\/11\/pexels-ono-kosuki-5973919-1536x961.jpg 1536w, https:\/\/ateliernox.com\/wp-content\/uploads\/2024\/11\/pexels-ono-kosuki-5973919-2048x1282.jpg 2048w\" sizes=\"(max-width: 2560px) 100vw, 2560px\" \/><\/figure>\n<\/div>\n<\/div>\n<\/div><\/div>\n","protected":false},"excerpt":{"rendered":"","protected":false},"author":1,"featured_media":0,"parent":0,"menu_order":0,"comment_status":"closed","ping_status":"closed","template":"","meta":{"footnotes":""},"class_list":["post-36","page","type-page","status-publish","hentry"],"yoast_head":"<!-- This site is optimized with the Yoast SEO plugin v27.3 - https:\/\/yoast.com\/product\/yoast-seo-wordpress\/ -->\n<title>Atelier NOX - Atelier construction d\u00e9cor<\/title>\n<meta name=\"description\" content=\"Atelier NOX - Atelier construction d\u00e9cor - Un atelier d\u00e9di\u00e9 \u00e0 la r\u00e9alisation de d\u00e9cor pour la sc\u00e9nographie, le cin\u00e9ma et la publicit\u00e9.\" \/>\n<meta name=\"robots\" content=\"index, follow, max-snippet:-1, max-image-preview:large, max-video-preview:-1\" \/>\n<link rel=\"canonical\" href=\"https:\/\/ateliernox.com\/\" \/>\n<meta property=\"og:locale\" content=\"fr_FR\" \/>\n<meta property=\"og:type\" content=\"article\" \/>\n<meta property=\"og:title\" content=\"Atelier NOX - Atelier construction d\u00e9cor\" \/>\n<meta property=\"og:description\" content=\"Atelier NOX - Atelier construction d\u00e9cor - Un atelier d\u00e9di\u00e9 \u00e0 la r\u00e9alisation de d\u00e9cor pour la sc\u00e9nographie, le cin\u00e9ma et la publicit\u00e9.\" \/>\n<meta property=\"og:url\" content=\"https:\/\/ateliernox.com\/\" \/>\n<meta property=\"og:site_name\" content=\"Atelier NOX\" \/>\n<meta property=\"article:modified_time\" content=\"2025-03-03T13:20:38+00:00\" \/>\n<meta property=\"og:image\" content=\"https:\/\/ateliernox.com\/wp-content\/uploads\/2024\/11\/barn-images-t5YUoHW6zRo-unsplash-scaled.jpg\" \/>\n\t<meta property=\"og:image:width\" content=\"2560\" \/>\n\t<meta property=\"og:image:height\" content=\"1706\" \/>\n\t<meta property=\"og:image:type\" content=\"image\/jpeg\" \/>\n<meta name=\"twitter:card\" content=\"summary_large_image\" \/>\n<meta name=\"twitter:label1\" content=\"Dur\u00e9e de lecture estim\u00e9e\" \/>\n\t<meta name=\"twitter:data1\" content=\"2 minutes\" \/>\n<script type=\"application\/ld+json\" class=\"yoast-schema-graph\">{\"@context\":\"https:\\\/\\\/schema.org\",\"@graph\":[{\"@type\":[\"WebPage\",\"SearchResultsPage\"],\"@id\":\"https:\\\/\\\/ateliernox.com\\\/\",\"url\":\"https:\\\/\\\/ateliernox.com\\\/\",\"name\":\"Atelier NOX - Atelier construction d\u00e9cor\",\"isPartOf\":{\"@id\":\"https:\\\/\\\/ateliernox.com\\\/#website\"},\"primaryImageOfPage\":{\"@id\":\"https:\\\/\\\/ateliernox.com\\\/#primaryimage\"},\"image\":{\"@id\":\"https:\\\/\\\/ateliernox.com\\\/#primaryimage\"},\"thumbnailUrl\":\"https:\\\/\\\/ateliernox.com\\\/wp-content\\\/uploads\\\/2024\\\/11\\\/barn-images-t5YUoHW6zRo-unsplash-scaled.jpg\",\"datePublished\":\"2024-11-24T20:53:23+00:00\",\"dateModified\":\"2025-03-03T13:20:38+00:00\",\"description\":\"Atelier NOX - Atelier construction d\u00e9cor - Un atelier d\u00e9di\u00e9 \u00e0 la r\u00e9alisation de d\u00e9cor pour la sc\u00e9nographie, le cin\u00e9ma et la publicit\u00e9.\",\"breadcrumb\":{\"@id\":\"https:\\\/\\\/ateliernox.com\\\/#breadcrumb\"},\"inLanguage\":\"fr-FR\",\"potentialAction\":[{\"@type\":\"ReadAction\",\"target\":[\"https:\\\/\\\/ateliernox.com\\\/\"]}]},{\"@type\":\"ImageObject\",\"inLanguage\":\"fr-FR\",\"@id\":\"https:\\\/\\\/ateliernox.com\\\/#primaryimage\",\"url\":\"https:\\\/\\\/ateliernox.com\\\/wp-content\\\/uploads\\\/2024\\\/11\\\/barn-images-t5YUoHW6zRo-unsplash-scaled.jpg\",\"contentUrl\":\"https:\\\/\\\/ateliernox.com\\\/wp-content\\\/uploads\\\/2024\\\/11\\\/barn-images-t5YUoHW6zRo-unsplash-scaled.jpg\",\"width\":2560,\"height\":1706,\"caption\":\"Accueil - Atelier NOX\"},{\"@type\":\"BreadcrumbList\",\"@id\":\"https:\\\/\\\/ateliernox.com\\\/#breadcrumb\",\"itemListElement\":[{\"@type\":\"ListItem\",\"position\":1,\"name\":\"Accueil\",\"item\":\"https:\\\/\\\/ateliernox.com\\\/\"},{\"@type\":\"ListItem\",\"position\":2,\"name\":\"Accueil\"}]},{\"@type\":\"WebSite\",\"@id\":\"https:\\\/\\\/ateliernox.com\\\/#website\",\"url\":\"https:\\\/\\\/ateliernox.com\\\/\",\"name\":\"Atelier NOX\",\"description\":\"Un atelier d\u00e9di\u00e9 \u00e0 la r\u00e9alisation de d\u00e9cor pour la sc\u00e9nographie, le cin\u00e9ma et la publicit\u00e9.\",\"publisher\":{\"@id\":\"https:\\\/\\\/ateliernox.com\\\/#organization\"},\"potentialAction\":[{\"@type\":\"SearchAction\",\"target\":{\"@type\":\"EntryPoint\",\"urlTemplate\":\"https:\\\/\\\/ateliernox.com\\\/?s={search_term_string}\"},\"query-input\":{\"@type\":\"PropertyValueSpecification\",\"valueRequired\":true,\"valueName\":\"search_term_string\"}}],\"inLanguage\":\"fr-FR\"},{\"@type\":\"Organization\",\"@id\":\"https:\\\/\\\/ateliernox.com\\\/#organization\",\"name\":\"Atelier NOX\",\"url\":\"https:\\\/\\\/ateliernox.com\\\/\",\"logo\":{\"@type\":\"ImageObject\",\"inLanguage\":\"fr-FR\",\"@id\":\"https:\\\/\\\/ateliernox.com\\\/#\\\/schema\\\/logo\\\/image\\\/\",\"url\":\"https:\\\/\\\/ateliernox.com\\\/wp-content\\\/uploads\\\/2024\\\/10\\\/cropped-LOGO-timbre.png\",\"contentUrl\":\"https:\\\/\\\/ateliernox.com\\\/wp-content\\\/uploads\\\/2024\\\/10\\\/cropped-LOGO-timbre.png\",\"width\":512,\"height\":512,\"caption\":\"Atelier NOX\"},\"image\":{\"@id\":\"https:\\\/\\\/ateliernox.com\\\/#\\\/schema\\\/logo\\\/image\\\/\"}}]}<\/script>\n<!-- \/ Yoast SEO plugin. -->","yoast_head_json":{"title":"Atelier NOX - Atelier construction d\u00e9cor","description":"Atelier NOX - Atelier construction d\u00e9cor - Un atelier d\u00e9di\u00e9 \u00e0 la r\u00e9alisation de d\u00e9cor pour la sc\u00e9nographie, le cin\u00e9ma et la publicit\u00e9.","robots":{"index":"index","follow":"follow","max-snippet":"max-snippet:-1","max-image-preview":"max-image-preview:large","max-video-preview":"max-video-preview:-1"},"canonical":"https:\/\/ateliernox.com\/","og_locale":"fr_FR","og_type":"article","og_title":"Atelier NOX - Atelier construction d\u00e9cor","og_description":"Atelier NOX - Atelier construction d\u00e9cor - Un atelier d\u00e9di\u00e9 \u00e0 la r\u00e9alisation de d\u00e9cor pour la sc\u00e9nographie, le cin\u00e9ma et la publicit\u00e9.","og_url":"https:\/\/ateliernox.com\/","og_site_name":"Atelier NOX","article_modified_time":"2025-03-03T13:20:38+00:00","og_image":[{"width":2560,"height":1706,"url":"https:\/\/ateliernox.com\/wp-content\/uploads\/2024\/11\/barn-images-t5YUoHW6zRo-unsplash-scaled.jpg","type":"image\/jpeg"}],"twitter_card":"summary_large_image","twitter_misc":{"Dur\u00e9e de lecture estim\u00e9e":"2 minutes"},"schema":{"@context":"https:\/\/schema.org","@graph":[{"@type":["WebPage","SearchResultsPage"],"@id":"https:\/\/ateliernox.com\/","url":"https:\/\/ateliernox.com\/","name":"Atelier NOX - Atelier construction d\u00e9cor","isPartOf":{"@id":"https:\/\/ateliernox.com\/#website"},"primaryImageOfPage":{"@id":"https:\/\/ateliernox.com\/#primaryimage"},"image":{"@id":"https:\/\/ateliernox.com\/#primaryimage"},"thumbnailUrl":"https:\/\/ateliernox.com\/wp-content\/uploads\/2024\/11\/barn-images-t5YUoHW6zRo-unsplash-scaled.jpg","datePublished":"2024-11-24T20:53:23+00:00","dateModified":"2025-03-03T13:20:38+00:00","description":"Atelier NOX - Atelier construction d\u00e9cor - Un atelier d\u00e9di\u00e9 \u00e0 la r\u00e9alisation de d\u00e9cor pour la sc\u00e9nographie, le cin\u00e9ma et la publicit\u00e9.","breadcrumb":{"@id":"https:\/\/ateliernox.com\/#breadcrumb"},"inLanguage":"fr-FR","potentialAction":[{"@type":"ReadAction","target":["https:\/\/ateliernox.com\/"]}]},{"@type":"ImageObject","inLanguage":"fr-FR","@id":"https:\/\/ateliernox.com\/#primaryimage","url":"https:\/\/ateliernox.com\/wp-content\/uploads\/2024\/11\/barn-images-t5YUoHW6zRo-unsplash-scaled.jpg","contentUrl":"https:\/\/ateliernox.com\/wp-content\/uploads\/2024\/11\/barn-images-t5YUoHW6zRo-unsplash-scaled.jpg","width":2560,"height":1706,"caption":"Accueil - Atelier NOX"},{"@type":"BreadcrumbList","@id":"https:\/\/ateliernox.com\/#breadcrumb","itemListElement":[{"@type":"ListItem","position":1,"name":"Accueil","item":"https:\/\/ateliernox.com\/"},{"@type":"ListItem","position":2,"name":"Accueil"}]},{"@type":"WebSite","@id":"https:\/\/ateliernox.com\/#website","url":"https:\/\/ateliernox.com\/","name":"Atelier NOX","description":"Un atelier d\u00e9di\u00e9 \u00e0 la r\u00e9alisation de d\u00e9cor pour la sc\u00e9nographie, le cin\u00e9ma et la publicit\u00e9.","publisher":{"@id":"https:\/\/ateliernox.com\/#organization"},"potentialAction":[{"@type":"SearchAction","target":{"@type":"EntryPoint","urlTemplate":"https:\/\/ateliernox.com\/?s={search_term_string}"},"query-input":{"@type":"PropertyValueSpecification","valueRequired":true,"valueName":"search_term_string"}}],"inLanguage":"fr-FR"},{"@type":"Organization","@id":"https:\/\/ateliernox.com\/#organization","name":"Atelier NOX","url":"https:\/\/ateliernox.com\/","logo":{"@type":"ImageObject","inLanguage":"fr-FR","@id":"https:\/\/ateliernox.com\/#\/schema\/logo\/image\/","url":"https:\/\/ateliernox.com\/wp-content\/uploads\/2024\/10\/cropped-LOGO-timbre.png","contentUrl":"https:\/\/ateliernox.com\/wp-content\/uploads\/2024\/10\/cropped-LOGO-timbre.png","width":512,"height":512,"caption":"Atelier NOX"},"image":{"@id":"https:\/\/ateliernox.com\/#\/schema\/logo\/image\/"}}]}},"_links":{"self":[{"href":"https:\/\/ateliernox.com\/index.php\/wp-json\/wp\/v2\/pages\/36","targetHints":{"allow":["GET"]}}],"collection":[{"href":"https:\/\/ateliernox.com\/index.php\/wp-json\/wp\/v2\/pages"}],"about":[{"href":"https:\/\/ateliernox.com\/index.php\/wp-json\/wp\/v2\/types\/page"}],"author":[{"embeddable":true,"href":"https:\/\/ateliernox.com\/index.php\/wp-json\/wp\/v2\/users\/1"}],"replies":[{"embeddable":true,"href":"https:\/\/ateliernox.com\/index.php\/wp-json\/wp\/v2\/comments?post=36"}],"version-history":[{"count":32,"href":"https:\/\/ateliernox.com\/index.php\/wp-json\/wp\/v2\/pages\/36\/revisions"}],"predecessor-version":[{"id":463,"href":"https:\/\/ateliernox.com\/index.php\/wp-json\/wp\/v2\/pages\/36\/revisions\/463"}],"wp:attachment":[{"href":"https:\/\/ateliernox.com\/index.php\/wp-json\/wp\/v2\/media?parent=36"}],"curies":[{"name":"wp","href":"https:\/\/api.w.org\/{rel}","templated":true}]}}