{"id":271,"date":"2024-12-03T17:06:58","date_gmt":"2024-12-03T16:06:58","guid":{"rendered":"https:\/\/ateliernox.com\/?page_id=271"},"modified":"2024-12-16T18:19:13","modified_gmt":"2024-12-16T17:19:13","slug":"chaumet-atelier-nox","status":"publish","type":"page","link":"https:\/\/ateliernox.com\/index.php\/chaumet-atelier-nox\/","title":{"rendered":"CHAUMET"},"content":{"rendered":"\n<p class=\"has-work-sans-regular-font-family\" style=\"border-style:none;border-width:0px;margin-top:0px;margin-bottom:0px;font-size:clamp(15.197px, 0.95rem + ((1vw - 3.2px) * 0.887), 23px);\"><strong>CHAUMET<\/strong> &#8211; Collections<em> Bee my love <\/em>&amp;<em> Jos\u00e9phine<\/em>, 2024<\/p>\n\n\n\n<p class=\"has-work-sans-regular-font-family\" style=\"margin-bottom:var(--wp--preset--spacing--70);font-size:14px\"><strong>David Weber<\/strong> (Directeur artistique) <br><strong>Thierry Dreyfus<\/strong> (Set Designer) <br><strong>Cl\u00e9ment Ch\u00e9roux <\/strong>(Photographe)<\/p>\n\n\n\n<figure class=\"wp-block-video\"><video height=\"1080\" style=\"aspect-ratio: 1920 \/ 1080;\" width=\"1920\" autoplay loop muted src=\"https:\/\/ateliernox.com\/wp-content\/uploads\/2024\/12\/24_HOL_V_ED_MO_BML_NA-_MIX_BLUE_16x9_RVB_MP4_LOGO.mp4\"><\/video><\/figure>\n\n\n\n<figure class=\"wp-block-gallery has-nested-images columns-default is-cropped wp-block-gallery-1 is-layout-flex wp-block-gallery-is-layout-flex\">\n<figure data-wp-context=\"{&quot;imageId&quot;:&quot;69e06cac11d67&quot;}\" data-wp-interactive=\"core\/image\" data-wp-key=\"69e06cac11d67\" class=\"wp-block-image size-large wp-lightbox-container\"><img fetchpriority=\"high\" decoding=\"async\" width=\"1024\" height=\"1024\" data-wp-class--hide=\"state.isContentHidden\" data-wp-class--show=\"state.isContentVisible\" data-wp-init=\"callbacks.setButtonStyles\" data-wp-on--click=\"actions.showLightbox\" data-wp-on--load=\"callbacks.setButtonStyles\" data-wp-on-window--resize=\"callbacks.setButtonStyles\" data-id=\"384\" src=\"https:\/\/ateliernox.com\/wp-content\/uploads\/2024\/12\/24_HOL_S_KV_MO_CRCL_CRCL_MIX_1x1_RVB_JPEG_300DPI-1024x1024.jpg\" alt=\"\" class=\"wp-image-384\" srcset=\"https:\/\/ateliernox.com\/wp-content\/uploads\/2024\/12\/24_HOL_S_KV_MO_CRCL_CRCL_MIX_1x1_RVB_JPEG_300DPI-1024x1024.jpg 1024w, https:\/\/ateliernox.com\/wp-content\/uploads\/2024\/12\/24_HOL_S_KV_MO_CRCL_CRCL_MIX_1x1_RVB_JPEG_300DPI-300x300.jpg 300w, https:\/\/ateliernox.com\/wp-content\/uploads\/2024\/12\/24_HOL_S_KV_MO_CRCL_CRCL_MIX_1x1_RVB_JPEG_300DPI-150x150.jpg 150w, https:\/\/ateliernox.com\/wp-content\/uploads\/2024\/12\/24_HOL_S_KV_MO_CRCL_CRCL_MIX_1x1_RVB_JPEG_300DPI-768x768.jpg 768w, https:\/\/ateliernox.com\/wp-content\/uploads\/2024\/12\/24_HOL_S_KV_MO_CRCL_CRCL_MIX_1x1_RVB_JPEG_300DPI.jpg 1080w\" sizes=\"(max-width: 1024px) 100vw, 1024px\" \/><button\n\t\t\tclass=\"lightbox-trigger\"\n\t\t\ttype=\"button\"\n\t\t\taria-haspopup=\"dialog\"\n\t\t\taria-label=\"Agrandir\"\n\t\t\tdata-wp-init=\"callbacks.initTriggerButton\"\n\t\t\tdata-wp-on--click=\"actions.showLightbox\"\n\t\t\tdata-wp-style--right=\"state.imageButtonRight\"\n\t\t\tdata-wp-style--top=\"state.imageButtonTop\"\n\t\t>\n\t\t\t<svg xmlns=\"http:\/\/www.w3.org\/2000\/svg\" width=\"12\" height=\"12\" fill=\"none\" viewBox=\"0 0 12 12\">\n\t\t\t\t<path fill=\"#fff\" d=\"M2 0a2 2 0 0 0-2 2v2h1.5V2a.5.5 0 0 1 .5-.5h2V0H2Zm2 10.5H2a.5.5 0 0 1-.5-.5V8H0v2a2 2 0 0 0 2 2h2v-1.5ZM8 12v-1.5h2a.5.5 0 0 0 .5-.5V8H12v2a2 2 0 0 1-2 2H8Zm2-12a2 2 0 0 1 2 2v2h-1.5V2a.5.5 0 0 0-.5-.5H8V0h2Z\" \/>\n\t\t\t<\/svg>\n\t\t<\/button><\/figure>\n\n\n\n<figure data-wp-context=\"{&quot;imageId&quot;:&quot;69e06cac121b2&quot;}\" data-wp-interactive=\"core\/image\" data-wp-key=\"69e06cac121b2\" class=\"wp-block-image size-large wp-lightbox-container\"><img decoding=\"async\" width=\"1024\" height=\"1024\" data-wp-class--hide=\"state.isContentHidden\" data-wp-class--show=\"state.isContentVisible\" data-wp-init=\"callbacks.setButtonStyles\" data-wp-on--click=\"actions.showLightbox\" data-wp-on--load=\"callbacks.setButtonStyles\" data-wp-on-window--resize=\"callbacks.setButtonStyles\" data-id=\"385\" src=\"https:\/\/ateliernox.com\/wp-content\/uploads\/2024\/12\/24_HOL_S_KV_MO_JSP_CRCL_MIX_1x1_RVB_JPEG_300DPI-1024x1024.jpg\" alt=\"\" class=\"wp-image-385\" srcset=\"https:\/\/ateliernox.com\/wp-content\/uploads\/2024\/12\/24_HOL_S_KV_MO_JSP_CRCL_MIX_1x1_RVB_JPEG_300DPI-1024x1024.jpg 1024w, https:\/\/ateliernox.com\/wp-content\/uploads\/2024\/12\/24_HOL_S_KV_MO_JSP_CRCL_MIX_1x1_RVB_JPEG_300DPI-300x300.jpg 300w, https:\/\/ateliernox.com\/wp-content\/uploads\/2024\/12\/24_HOL_S_KV_MO_JSP_CRCL_MIX_1x1_RVB_JPEG_300DPI-150x150.jpg 150w, https:\/\/ateliernox.com\/wp-content\/uploads\/2024\/12\/24_HOL_S_KV_MO_JSP_CRCL_MIX_1x1_RVB_JPEG_300DPI-768x768.jpg 768w, https:\/\/ateliernox.com\/wp-content\/uploads\/2024\/12\/24_HOL_S_KV_MO_JSP_CRCL_MIX_1x1_RVB_JPEG_300DPI.jpg 1080w\" sizes=\"(max-width: 1024px) 100vw, 1024px\" \/><button\n\t\t\tclass=\"lightbox-trigger\"\n\t\t\ttype=\"button\"\n\t\t\taria-haspopup=\"dialog\"\n\t\t\taria-label=\"Agrandir\"\n\t\t\tdata-wp-init=\"callbacks.initTriggerButton\"\n\t\t\tdata-wp-on--click=\"actions.showLightbox\"\n\t\t\tdata-wp-style--right=\"state.imageButtonRight\"\n\t\t\tdata-wp-style--top=\"state.imageButtonTop\"\n\t\t>\n\t\t\t<svg xmlns=\"http:\/\/www.w3.org\/2000\/svg\" width=\"12\" height=\"12\" fill=\"none\" viewBox=\"0 0 12 12\">\n\t\t\t\t<path fill=\"#fff\" d=\"M2 0a2 2 0 0 0-2 2v2h1.5V2a.5.5 0 0 1 .5-.5h2V0H2Zm2 10.5H2a.5.5 0 0 1-.5-.5V8H0v2a2 2 0 0 0 2 2h2v-1.5ZM8 12v-1.5h2a.5.5 0 0 0 .5-.5V8H12v2a2 2 0 0 1-2 2H8Zm2-12a2 2 0 0 1 2 2v2h-1.5V2a.5.5 0 0 0-.5-.5H8V0h2Z\" \/>\n\t\t\t<\/svg>\n\t\t<\/button><\/figure>\n\n\n\n<figure data-wp-context=\"{&quot;imageId&quot;:&quot;69e06cac12571&quot;}\" data-wp-interactive=\"core\/image\" data-wp-key=\"69e06cac12571\" class=\"wp-block-image size-large wp-lightbox-container\"><img decoding=\"async\" width=\"1024\" height=\"1024\" data-wp-class--hide=\"state.isContentHidden\" data-wp-class--show=\"state.isContentVisible\" data-wp-init=\"callbacks.setButtonStyles\" data-wp-on--click=\"actions.showLightbox\" data-wp-on--load=\"callbacks.setButtonStyles\" data-wp-on-window--resize=\"callbacks.setButtonStyles\" data-id=\"382\" src=\"https:\/\/ateliernox.com\/wp-content\/uploads\/2024\/12\/24_HOL_S_KV_MO_BML_RING_1x1_RVB_JPEG_300DPI-1024x1024.jpg\" alt=\"\" class=\"wp-image-382\" srcset=\"https:\/\/ateliernox.com\/wp-content\/uploads\/2024\/12\/24_HOL_S_KV_MO_BML_RING_1x1_RVB_JPEG_300DPI-1024x1024.jpg 1024w, https:\/\/ateliernox.com\/wp-content\/uploads\/2024\/12\/24_HOL_S_KV_MO_BML_RING_1x1_RVB_JPEG_300DPI-300x300.jpg 300w, https:\/\/ateliernox.com\/wp-content\/uploads\/2024\/12\/24_HOL_S_KV_MO_BML_RING_1x1_RVB_JPEG_300DPI-150x150.jpg 150w, https:\/\/ateliernox.com\/wp-content\/uploads\/2024\/12\/24_HOL_S_KV_MO_BML_RING_1x1_RVB_JPEG_300DPI-768x768.jpg 768w, https:\/\/ateliernox.com\/wp-content\/uploads\/2024\/12\/24_HOL_S_KV_MO_BML_RING_1x1_RVB_JPEG_300DPI.jpg 1080w\" sizes=\"(max-width: 1024px) 100vw, 1024px\" \/><button\n\t\t\tclass=\"lightbox-trigger\"\n\t\t\ttype=\"button\"\n\t\t\taria-haspopup=\"dialog\"\n\t\t\taria-label=\"Agrandir\"\n\t\t\tdata-wp-init=\"callbacks.initTriggerButton\"\n\t\t\tdata-wp-on--click=\"actions.showLightbox\"\n\t\t\tdata-wp-style--right=\"state.imageButtonRight\"\n\t\t\tdata-wp-style--top=\"state.imageButtonTop\"\n\t\t>\n\t\t\t<svg xmlns=\"http:\/\/www.w3.org\/2000\/svg\" width=\"12\" height=\"12\" fill=\"none\" viewBox=\"0 0 12 12\">\n\t\t\t\t<path fill=\"#fff\" d=\"M2 0a2 2 0 0 0-2 2v2h1.5V2a.5.5 0 0 1 .5-.5h2V0H2Zm2 10.5H2a.5.5 0 0 1-.5-.5V8H0v2a2 2 0 0 0 2 2h2v-1.5ZM8 12v-1.5h2a.5.5 0 0 0 .5-.5V8H12v2a2 2 0 0 1-2 2H8Zm2-12a2 2 0 0 1 2 2v2h-1.5V2a.5.5 0 0 0-.5-.5H8V0h2Z\" \/>\n\t\t\t<\/svg>\n\t\t<\/button><\/figure>\n\n\n\n<figure data-wp-context=\"{&quot;imageId&quot;:&quot;69e06cac12933&quot;}\" data-wp-interactive=\"core\/image\" data-wp-key=\"69e06cac12933\" class=\"wp-block-image size-large wp-lightbox-container\"><img loading=\"lazy\" decoding=\"async\" width=\"1024\" height=\"1024\" data-wp-class--hide=\"state.isContentHidden\" data-wp-class--show=\"state.isContentVisible\" data-wp-init=\"callbacks.setButtonStyles\" data-wp-on--click=\"actions.showLightbox\" data-wp-on--load=\"callbacks.setButtonStyles\" data-wp-on-window--resize=\"callbacks.setButtonStyles\" data-id=\"383\" src=\"https:\/\/ateliernox.com\/wp-content\/uploads\/2024\/12\/24_HOL_S_KV_MO_LIENS_CRCL_MIX_1x1_RVB_JPEG_300DPI-1024x1024.jpg\" alt=\"\" class=\"wp-image-383\" srcset=\"https:\/\/ateliernox.com\/wp-content\/uploads\/2024\/12\/24_HOL_S_KV_MO_LIENS_CRCL_MIX_1x1_RVB_JPEG_300DPI-1024x1024.jpg 1024w, https:\/\/ateliernox.com\/wp-content\/uploads\/2024\/12\/24_HOL_S_KV_MO_LIENS_CRCL_MIX_1x1_RVB_JPEG_300DPI-300x300.jpg 300w, https:\/\/ateliernox.com\/wp-content\/uploads\/2024\/12\/24_HOL_S_KV_MO_LIENS_CRCL_MIX_1x1_RVB_JPEG_300DPI-150x150.jpg 150w, https:\/\/ateliernox.com\/wp-content\/uploads\/2024\/12\/24_HOL_S_KV_MO_LIENS_CRCL_MIX_1x1_RVB_JPEG_300DPI-768x768.jpg 768w, https:\/\/ateliernox.com\/wp-content\/uploads\/2024\/12\/24_HOL_S_KV_MO_LIENS_CRCL_MIX_1x1_RVB_JPEG_300DPI.jpg 1080w\" sizes=\"(max-width: 1024px) 100vw, 1024px\" \/><button\n\t\t\tclass=\"lightbox-trigger\"\n\t\t\ttype=\"button\"\n\t\t\taria-haspopup=\"dialog\"\n\t\t\taria-label=\"Agrandir\"\n\t\t\tdata-wp-init=\"callbacks.initTriggerButton\"\n\t\t\tdata-wp-on--click=\"actions.showLightbox\"\n\t\t\tdata-wp-style--right=\"state.imageButtonRight\"\n\t\t\tdata-wp-style--top=\"state.imageButtonTop\"\n\t\t>\n\t\t\t<svg xmlns=\"http:\/\/www.w3.org\/2000\/svg\" width=\"12\" height=\"12\" fill=\"none\" viewBox=\"0 0 12 12\">\n\t\t\t\t<path fill=\"#fff\" d=\"M2 0a2 2 0 0 0-2 2v2h1.5V2a.5.5 0 0 1 .5-.5h2V0H2Zm2 10.5H2a.5.5 0 0 1-.5-.5V8H0v2a2 2 0 0 0 2 2h2v-1.5ZM8 12v-1.5h2a.5.5 0 0 0 .5-.5V8H12v2a2 2 0 0 1-2 2H8Zm2-12a2 2 0 0 1 2 2v2h-1.5V2a.5.5 0 0 0-.5-.5H8V0h2Z\" \/>\n\t\t\t<\/svg>\n\t\t<\/button><\/figure>\n\n\n\n<figure class=\"wp-block-image size-large\"><img loading=\"lazy\" decoding=\"async\" width=\"250\" height=\"333\" data-id=\"359\" src=\"https:\/\/ateliernox.com\/wp-content\/uploads\/2024\/12\/2010-1.jpg\" alt=\"\" class=\"wp-image-359\" srcset=\"https:\/\/ateliernox.com\/wp-content\/uploads\/2024\/12\/2010-1.jpg 250w, https:\/\/ateliernox.com\/wp-content\/uploads\/2024\/12\/2010-1-225x300.jpg 225w\" sizes=\"(max-width: 250px) 100vw, 250px\" \/><\/figure>\n\n\n\n<figure data-wp-context=\"{&quot;imageId&quot;:&quot;69e06cac12cd9&quot;}\" data-wp-interactive=\"core\/image\" data-wp-key=\"69e06cac12cd9\" class=\"wp-block-image size-large wp-lightbox-container\"><img loading=\"lazy\" decoding=\"async\" width=\"1024\" height=\"1024\" data-wp-class--hide=\"state.isContentHidden\" data-wp-class--show=\"state.isContentVisible\" data-wp-init=\"callbacks.setButtonStyles\" data-wp-on--click=\"actions.showLightbox\" data-wp-on--load=\"callbacks.setButtonStyles\" data-wp-on-window--resize=\"callbacks.setButtonStyles\" data-id=\"381\" src=\"https:\/\/ateliernox.com\/wp-content\/uploads\/2024\/12\/24_HOL_S_KV_MO_BML_MIX_1x1_RVB_JPEG_300DPI-1024x1024.jpg\" alt=\"\" class=\"wp-image-381\" srcset=\"https:\/\/ateliernox.com\/wp-content\/uploads\/2024\/12\/24_HOL_S_KV_MO_BML_MIX_1x1_RVB_JPEG_300DPI-1024x1024.jpg 1024w, https:\/\/ateliernox.com\/wp-content\/uploads\/2024\/12\/24_HOL_S_KV_MO_BML_MIX_1x1_RVB_JPEG_300DPI-300x300.jpg 300w, https:\/\/ateliernox.com\/wp-content\/uploads\/2024\/12\/24_HOL_S_KV_MO_BML_MIX_1x1_RVB_JPEG_300DPI-150x150.jpg 150w, https:\/\/ateliernox.com\/wp-content\/uploads\/2024\/12\/24_HOL_S_KV_MO_BML_MIX_1x1_RVB_JPEG_300DPI-768x768.jpg 768w, https:\/\/ateliernox.com\/wp-content\/uploads\/2024\/12\/24_HOL_S_KV_MO_BML_MIX_1x1_RVB_JPEG_300DPI.jpg 1080w\" sizes=\"(max-width: 1024px) 100vw, 1024px\" \/><button\n\t\t\tclass=\"lightbox-trigger\"\n\t\t\ttype=\"button\"\n\t\t\taria-haspopup=\"dialog\"\n\t\t\taria-label=\"Agrandir\"\n\t\t\tdata-wp-init=\"callbacks.initTriggerButton\"\n\t\t\tdata-wp-on--click=\"actions.showLightbox\"\n\t\t\tdata-wp-style--right=\"state.imageButtonRight\"\n\t\t\tdata-wp-style--top=\"state.imageButtonTop\"\n\t\t>\n\t\t\t<svg xmlns=\"http:\/\/www.w3.org\/2000\/svg\" width=\"12\" height=\"12\" fill=\"none\" viewBox=\"0 0 12 12\">\n\t\t\t\t<path fill=\"#fff\" d=\"M2 0a2 2 0 0 0-2 2v2h1.5V2a.5.5 0 0 1 .5-.5h2V0H2Zm2 10.5H2a.5.5 0 0 1-.5-.5V8H0v2a2 2 0 0 0 2 2h2v-1.5ZM8 12v-1.5h2a.5.5 0 0 0 .5-.5V8H12v2a2 2 0 0 1-2 2H8Zm2-12a2 2 0 0 1 2 2v2h-1.5V2a.5.5 0 0 0-.5-.5H8V0h2Z\" \/>\n\t\t\t<\/svg>\n\t\t<\/button><\/figure>\n\n\n\n<figure data-wp-context=\"{&quot;imageId&quot;:&quot;69e06cac13080&quot;}\" data-wp-interactive=\"core\/image\" data-wp-key=\"69e06cac13080\" class=\"wp-block-image size-large wp-lightbox-container\"><img loading=\"lazy\" decoding=\"async\" width=\"1024\" height=\"1024\" data-wp-class--hide=\"state.isContentHidden\" data-wp-class--show=\"state.isContentVisible\" data-wp-init=\"callbacks.setButtonStyles\" data-wp-on--click=\"actions.showLightbox\" data-wp-on--load=\"callbacks.setButtonStyles\" data-wp-on-window--resize=\"callbacks.setButtonStyles\" data-id=\"386\" src=\"https:\/\/ateliernox.com\/wp-content\/uploads\/2024\/12\/24_HOL_S_KV_MO_JSP_AIG_RING_1x1_RVB_JPEG_300DPI-1024x1024.jpg\" alt=\"\" class=\"wp-image-386\" srcset=\"https:\/\/ateliernox.com\/wp-content\/uploads\/2024\/12\/24_HOL_S_KV_MO_JSP_AIG_RING_1x1_RVB_JPEG_300DPI-1024x1024.jpg 1024w, https:\/\/ateliernox.com\/wp-content\/uploads\/2024\/12\/24_HOL_S_KV_MO_JSP_AIG_RING_1x1_RVB_JPEG_300DPI-300x300.jpg 300w, https:\/\/ateliernox.com\/wp-content\/uploads\/2024\/12\/24_HOL_S_KV_MO_JSP_AIG_RING_1x1_RVB_JPEG_300DPI-150x150.jpg 150w, https:\/\/ateliernox.com\/wp-content\/uploads\/2024\/12\/24_HOL_S_KV_MO_JSP_AIG_RING_1x1_RVB_JPEG_300DPI-768x768.jpg 768w, https:\/\/ateliernox.com\/wp-content\/uploads\/2024\/12\/24_HOL_S_KV_MO_JSP_AIG_RING_1x1_RVB_JPEG_300DPI.jpg 1080w\" sizes=\"(max-width: 1024px) 100vw, 1024px\" \/><button\n\t\t\tclass=\"lightbox-trigger\"\n\t\t\ttype=\"button\"\n\t\t\taria-haspopup=\"dialog\"\n\t\t\taria-label=\"Agrandir\"\n\t\t\tdata-wp-init=\"callbacks.initTriggerButton\"\n\t\t\tdata-wp-on--click=\"actions.showLightbox\"\n\t\t\tdata-wp-style--right=\"state.imageButtonRight\"\n\t\t\tdata-wp-style--top=\"state.imageButtonTop\"\n\t\t>\n\t\t\t<svg xmlns=\"http:\/\/www.w3.org\/2000\/svg\" width=\"12\" height=\"12\" fill=\"none\" viewBox=\"0 0 12 12\">\n\t\t\t\t<path fill=\"#fff\" d=\"M2 0a2 2 0 0 0-2 2v2h1.5V2a.5.5 0 0 1 .5-.5h2V0H2Zm2 10.5H2a.5.5 0 0 1-.5-.5V8H0v2a2 2 0 0 0 2 2h2v-1.5ZM8 12v-1.5h2a.5.5 0 0 0 .5-.5V8H12v2a2 2 0 0 1-2 2H8Zm2-12a2 2 0 0 1 2 2v2h-1.5V2a.5.5 0 0 0-.5-.5H8V0h2Z\" \/>\n\t\t\t<\/svg>\n\t\t<\/button><\/figure>\n<\/figure>\n","protected":false},"excerpt":{"rendered":"<p>CHAUMET &#8211; Collections Bee my love &amp; Jos\u00e9phine, 2024 David Weber (Directeur artistique) Thierry Dreyfus (Set Designer) Cl\u00e9ment Ch\u00e9roux (Photographe)<\/p>\n","protected":false},"author":1,"featured_media":0,"parent":0,"menu_order":0,"comment_status":"closed","ping_status":"closed","template":"","meta":{"footnotes":""},"class_list":["post-271","page","type-page","status-publish","hentry"],"yoast_head":"<!-- This site is optimized with the Yoast SEO plugin v27.3 - https:\/\/yoast.com\/product\/yoast-seo-wordpress\/ -->\n<title>CHAUMET - Atelier NOX - Projets - ateliernox.com<\/title>\n<meta name=\"description\" content=\"CHAUMET - Atelier NOX R\u00e9alisation des \u00e9crins bleues embl\u00e9matiques de la marque pour la campagne publicitaire d&#039;hivers 2024.\" \/>\n<meta name=\"robots\" content=\"index, follow, max-snippet:-1, max-image-preview:large, max-video-preview:-1\" \/>\n<link rel=\"canonical\" href=\"https:\/\/ateliernox.com\/index.php\/chaumet-atelier-nox\/\" \/>\n<meta property=\"og:locale\" content=\"fr_FR\" \/>\n<meta property=\"og:type\" content=\"article\" \/>\n<meta property=\"og:title\" content=\"CHAUMET - Atelier NOX - Projets - ateliernox.com\" \/>\n<meta property=\"og:description\" content=\"CHAUMET - Atelier NOX R\u00e9alisation des \u00e9crins bleues embl\u00e9matiques de la marque pour la campagne publicitaire d&#039;hivers 2024.\" \/>\n<meta property=\"og:url\" content=\"https:\/\/ateliernox.com\/index.php\/chaumet-atelier-nox\/\" \/>\n<meta property=\"og:site_name\" content=\"Atelier NOX\" \/>\n<meta property=\"article:modified_time\" content=\"2024-12-16T17:19:13+00:00\" \/>\n<meta property=\"og:image\" content=\"https:\/\/ateliernox.com\/wp-content\/uploads\/2024\/12\/24_HOL_S_KV_MO_CRCL_CRCL_MIX_1x1_RVB_JPEG_300DPI.jpg\" \/>\n\t<meta property=\"og:image:width\" content=\"1080\" \/>\n\t<meta property=\"og:image:height\" content=\"1080\" \/>\n\t<meta property=\"og:image:type\" content=\"image\/jpeg\" \/>\n<meta name=\"twitter:card\" content=\"summary_large_image\" \/>\n<meta name=\"twitter:label1\" content=\"Dur\u00e9e de lecture estim\u00e9e\" \/>\n\t<meta name=\"twitter:data1\" content=\"2 minutes\" \/>\n<script type=\"application\/ld+json\" class=\"yoast-schema-graph\">{\"@context\":\"https:\\\/\\\/schema.org\",\"@graph\":[{\"@type\":\"WebPage\",\"@id\":\"https:\\\/\\\/ateliernox.com\\\/index.php\\\/chaumet-atelier-nox\\\/\",\"url\":\"https:\\\/\\\/ateliernox.com\\\/index.php\\\/chaumet-atelier-nox\\\/\",\"name\":\"CHAUMET - Atelier NOX - Projets - ateliernox.com\",\"isPartOf\":{\"@id\":\"https:\\\/\\\/ateliernox.com\\\/#website\"},\"primaryImageOfPage\":{\"@id\":\"https:\\\/\\\/ateliernox.com\\\/index.php\\\/chaumet-atelier-nox\\\/#primaryimage\"},\"image\":{\"@id\":\"https:\\\/\\\/ateliernox.com\\\/index.php\\\/chaumet-atelier-nox\\\/#primaryimage\"},\"thumbnailUrl\":\"https:\\\/\\\/ateliernox.com\\\/wp-content\\\/uploads\\\/2024\\\/12\\\/24_HOL_S_KV_MO_CRCL_CRCL_MIX_1x1_RVB_JPEG_300DPI-1024x1024.jpg\",\"datePublished\":\"2024-12-03T16:06:58+00:00\",\"dateModified\":\"2024-12-16T17:19:13+00:00\",\"description\":\"CHAUMET - Atelier NOX R\u00e9alisation des \u00e9crins bleues embl\u00e9matiques de la marque pour la campagne publicitaire d'hivers 2024.\",\"breadcrumb\":{\"@id\":\"https:\\\/\\\/ateliernox.com\\\/index.php\\\/chaumet-atelier-nox\\\/#breadcrumb\"},\"inLanguage\":\"fr-FR\",\"potentialAction\":[{\"@type\":\"ReadAction\",\"target\":[\"https:\\\/\\\/ateliernox.com\\\/index.php\\\/chaumet-atelier-nox\\\/\"]}]},{\"@type\":\"ImageObject\",\"inLanguage\":\"fr-FR\",\"@id\":\"https:\\\/\\\/ateliernox.com\\\/index.php\\\/chaumet-atelier-nox\\\/#primaryimage\",\"url\":\"https:\\\/\\\/ateliernox.com\\\/wp-content\\\/uploads\\\/2024\\\/12\\\/24_HOL_S_KV_MO_CRCL_CRCL_MIX_1x1_RVB_JPEG_300DPI.jpg\",\"contentUrl\":\"https:\\\/\\\/ateliernox.com\\\/wp-content\\\/uploads\\\/2024\\\/12\\\/24_HOL_S_KV_MO_CRCL_CRCL_MIX_1x1_RVB_JPEG_300DPI.jpg\",\"width\":1080,\"height\":1080},{\"@type\":\"BreadcrumbList\",\"@id\":\"https:\\\/\\\/ateliernox.com\\\/index.php\\\/chaumet-atelier-nox\\\/#breadcrumb\",\"itemListElement\":[{\"@type\":\"ListItem\",\"position\":1,\"name\":\"Accueil\",\"item\":\"https:\\\/\\\/ateliernox.com\\\/\"},{\"@type\":\"ListItem\",\"position\":2,\"name\":\"CHAUMET\"}]},{\"@type\":\"WebSite\",\"@id\":\"https:\\\/\\\/ateliernox.com\\\/#website\",\"url\":\"https:\\\/\\\/ateliernox.com\\\/\",\"name\":\"Atelier NOX\",\"description\":\"Un atelier d\u00e9di\u00e9 \u00e0 la r\u00e9alisation de d\u00e9cor pour la sc\u00e9nographie, le cin\u00e9ma et la publicit\u00e9.\",\"publisher\":{\"@id\":\"https:\\\/\\\/ateliernox.com\\\/#organization\"},\"potentialAction\":[{\"@type\":\"SearchAction\",\"target\":{\"@type\":\"EntryPoint\",\"urlTemplate\":\"https:\\\/\\\/ateliernox.com\\\/?s={search_term_string}\"},\"query-input\":{\"@type\":\"PropertyValueSpecification\",\"valueRequired\":true,\"valueName\":\"search_term_string\"}}],\"inLanguage\":\"fr-FR\"},{\"@type\":\"Organization\",\"@id\":\"https:\\\/\\\/ateliernox.com\\\/#organization\",\"name\":\"Atelier NOX\",\"url\":\"https:\\\/\\\/ateliernox.com\\\/\",\"logo\":{\"@type\":\"ImageObject\",\"inLanguage\":\"fr-FR\",\"@id\":\"https:\\\/\\\/ateliernox.com\\\/#\\\/schema\\\/logo\\\/image\\\/\",\"url\":\"https:\\\/\\\/ateliernox.com\\\/wp-content\\\/uploads\\\/2024\\\/10\\\/cropped-LOGO-timbre.png\",\"contentUrl\":\"https:\\\/\\\/ateliernox.com\\\/wp-content\\\/uploads\\\/2024\\\/10\\\/cropped-LOGO-timbre.png\",\"width\":512,\"height\":512,\"caption\":\"Atelier NOX\"},\"image\":{\"@id\":\"https:\\\/\\\/ateliernox.com\\\/#\\\/schema\\\/logo\\\/image\\\/\"}}]}<\/script>\n<!-- \/ Yoast SEO plugin. -->","yoast_head_json":{"title":"CHAUMET - Atelier NOX - Projets - ateliernox.com","description":"CHAUMET - Atelier NOX R\u00e9alisation des \u00e9crins bleues embl\u00e9matiques de la marque pour la campagne publicitaire d'hivers 2024.","robots":{"index":"index","follow":"follow","max-snippet":"max-snippet:-1","max-image-preview":"max-image-preview:large","max-video-preview":"max-video-preview:-1"},"canonical":"https:\/\/ateliernox.com\/index.php\/chaumet-atelier-nox\/","og_locale":"fr_FR","og_type":"article","og_title":"CHAUMET - Atelier NOX - Projets - ateliernox.com","og_description":"CHAUMET - Atelier NOX R\u00e9alisation des \u00e9crins bleues embl\u00e9matiques de la marque pour la campagne publicitaire d'hivers 2024.","og_url":"https:\/\/ateliernox.com\/index.php\/chaumet-atelier-nox\/","og_site_name":"Atelier NOX","article_modified_time":"2024-12-16T17:19:13+00:00","og_image":[{"width":1080,"height":1080,"url":"https:\/\/ateliernox.com\/wp-content\/uploads\/2024\/12\/24_HOL_S_KV_MO_CRCL_CRCL_MIX_1x1_RVB_JPEG_300DPI.jpg","type":"image\/jpeg"}],"twitter_card":"summary_large_image","twitter_misc":{"Dur\u00e9e de lecture estim\u00e9e":"2 minutes"},"schema":{"@context":"https:\/\/schema.org","@graph":[{"@type":"WebPage","@id":"https:\/\/ateliernox.com\/index.php\/chaumet-atelier-nox\/","url":"https:\/\/ateliernox.com\/index.php\/chaumet-atelier-nox\/","name":"CHAUMET - Atelier NOX - Projets - ateliernox.com","isPartOf":{"@id":"https:\/\/ateliernox.com\/#website"},"primaryImageOfPage":{"@id":"https:\/\/ateliernox.com\/index.php\/chaumet-atelier-nox\/#primaryimage"},"image":{"@id":"https:\/\/ateliernox.com\/index.php\/chaumet-atelier-nox\/#primaryimage"},"thumbnailUrl":"https:\/\/ateliernox.com\/wp-content\/uploads\/2024\/12\/24_HOL_S_KV_MO_CRCL_CRCL_MIX_1x1_RVB_JPEG_300DPI-1024x1024.jpg","datePublished":"2024-12-03T16:06:58+00:00","dateModified":"2024-12-16T17:19:13+00:00","description":"CHAUMET - Atelier NOX R\u00e9alisation des \u00e9crins bleues embl\u00e9matiques de la marque pour la campagne publicitaire d'hivers 2024.","breadcrumb":{"@id":"https:\/\/ateliernox.com\/index.php\/chaumet-atelier-nox\/#breadcrumb"},"inLanguage":"fr-FR","potentialAction":[{"@type":"ReadAction","target":["https:\/\/ateliernox.com\/index.php\/chaumet-atelier-nox\/"]}]},{"@type":"ImageObject","inLanguage":"fr-FR","@id":"https:\/\/ateliernox.com\/index.php\/chaumet-atelier-nox\/#primaryimage","url":"https:\/\/ateliernox.com\/wp-content\/uploads\/2024\/12\/24_HOL_S_KV_MO_CRCL_CRCL_MIX_1x1_RVB_JPEG_300DPI.jpg","contentUrl":"https:\/\/ateliernox.com\/wp-content\/uploads\/2024\/12\/24_HOL_S_KV_MO_CRCL_CRCL_MIX_1x1_RVB_JPEG_300DPI.jpg","width":1080,"height":1080},{"@type":"BreadcrumbList","@id":"https:\/\/ateliernox.com\/index.php\/chaumet-atelier-nox\/#breadcrumb","itemListElement":[{"@type":"ListItem","position":1,"name":"Accueil","item":"https:\/\/ateliernox.com\/"},{"@type":"ListItem","position":2,"name":"CHAUMET"}]},{"@type":"WebSite","@id":"https:\/\/ateliernox.com\/#website","url":"https:\/\/ateliernox.com\/","name":"Atelier NOX","description":"Un atelier d\u00e9di\u00e9 \u00e0 la r\u00e9alisation de d\u00e9cor pour la sc\u00e9nographie, le cin\u00e9ma et la publicit\u00e9.","publisher":{"@id":"https:\/\/ateliernox.com\/#organization"},"potentialAction":[{"@type":"SearchAction","target":{"@type":"EntryPoint","urlTemplate":"https:\/\/ateliernox.com\/?s={search_term_string}"},"query-input":{"@type":"PropertyValueSpecification","valueRequired":true,"valueName":"search_term_string"}}],"inLanguage":"fr-FR"},{"@type":"Organization","@id":"https:\/\/ateliernox.com\/#organization","name":"Atelier NOX","url":"https:\/\/ateliernox.com\/","logo":{"@type":"ImageObject","inLanguage":"fr-FR","@id":"https:\/\/ateliernox.com\/#\/schema\/logo\/image\/","url":"https:\/\/ateliernox.com\/wp-content\/uploads\/2024\/10\/cropped-LOGO-timbre.png","contentUrl":"https:\/\/ateliernox.com\/wp-content\/uploads\/2024\/10\/cropped-LOGO-timbre.png","width":512,"height":512,"caption":"Atelier NOX"},"image":{"@id":"https:\/\/ateliernox.com\/#\/schema\/logo\/image\/"}}]}},"_links":{"self":[{"href":"https:\/\/ateliernox.com\/index.php\/wp-json\/wp\/v2\/pages\/271","targetHints":{"allow":["GET"]}}],"collection":[{"href":"https:\/\/ateliernox.com\/index.php\/wp-json\/wp\/v2\/pages"}],"about":[{"href":"https:\/\/ateliernox.com\/index.php\/wp-json\/wp\/v2\/types\/page"}],"author":[{"embeddable":true,"href":"https:\/\/ateliernox.com\/index.php\/wp-json\/wp\/v2\/users\/1"}],"replies":[{"embeddable":true,"href":"https:\/\/ateliernox.com\/index.php\/wp-json\/wp\/v2\/comments?post=271"}],"version-history":[{"count":13,"href":"https:\/\/ateliernox.com\/index.php\/wp-json\/wp\/v2\/pages\/271\/revisions"}],"predecessor-version":[{"id":390,"href":"https:\/\/ateliernox.com\/index.php\/wp-json\/wp\/v2\/pages\/271\/revisions\/390"}],"wp:attachment":[{"href":"https:\/\/ateliernox.com\/index.php\/wp-json\/wp\/v2\/media?parent=271"}],"curies":[{"name":"wp","href":"https:\/\/api.w.org\/{rel}","templated":true}]}}