{"id":234,"date":"2024-12-03T16:30:31","date_gmt":"2024-12-03T15:30:31","guid":{"rendered":"https:\/\/ateliernox.com\/?page_id=234"},"modified":"2024-12-17T16:17:35","modified_gmt":"2024-12-17T15:17:35","slug":"salomon-atelier-nox","status":"publish","type":"page","link":"https:\/\/ateliernox.com\/index.php\/salomon-atelier-nox\/","title":{"rendered":"SALOMON"},"content":{"rendered":"\n<p class=\"has-work-sans-regular-font-family\" style=\"font-size:clamp(15.197px, 0.95rem + ((1vw - 3.2px) * 0.887), 23px);\"><strong>SALOMON Sportstyle<\/strong> &#8211; R\u00e9alisation de la sc\u00e9nographie de l&rsquo;\u00e9v\u00e9nement SALOMON Sportstyle \u00e0 l&rsquo;occasion de la Paris Fashion Week 2024.<\/p>\n\n\n\n<p class=\"has-work-sans-regular-font-family\" style=\"font-size:14px\"><strong>Projet Standard<\/strong> (Direction artistique + Sc\u00e9nographie + Furniture Design)<\/p>\n\n\n\n<figure class=\"wp-block-gallery has-nested-images columns-default is-cropped wp-block-gallery-1 is-layout-flex wp-block-gallery-is-layout-flex\">\n<figure data-wp-context=\"{&quot;imageId&quot;:&quot;69e084a963b32&quot;}\" data-wp-interactive=\"core\/image\" data-wp-key=\"69e084a963b32\" class=\"wp-block-image size-large wp-lightbox-container\"><img fetchpriority=\"high\" decoding=\"async\" width=\"768\" height=\"1024\" data-wp-class--hide=\"state.isContentHidden\" data-wp-class--show=\"state.isContentVisible\" data-wp-init=\"callbacks.setButtonStyles\" data-wp-on--click=\"actions.showLightbox\" data-wp-on--load=\"callbacks.setButtonStyles\" data-wp-on-window--resize=\"callbacks.setButtonStyles\" data-id=\"236\" src=\"https:\/\/ateliernox.com\/wp-content\/uploads\/2024\/12\/PHOTO-2024-12-02-13-24-332-1-768x1024.jpg\" alt=\"\" class=\"wp-image-236\" srcset=\"https:\/\/ateliernox.com\/wp-content\/uploads\/2024\/12\/PHOTO-2024-12-02-13-24-332-1-768x1024.jpg 768w, https:\/\/ateliernox.com\/wp-content\/uploads\/2024\/12\/PHOTO-2024-12-02-13-24-332-1-225x300.jpg 225w, https:\/\/ateliernox.com\/wp-content\/uploads\/2024\/12\/PHOTO-2024-12-02-13-24-332-1-1152x1536.jpg 1152w, https:\/\/ateliernox.com\/wp-content\/uploads\/2024\/12\/PHOTO-2024-12-02-13-24-332-1.jpg 1200w\" sizes=\"(max-width: 768px) 100vw, 768px\" \/><button\n\t\t\tclass=\"lightbox-trigger\"\n\t\t\ttype=\"button\"\n\t\t\taria-haspopup=\"dialog\"\n\t\t\taria-label=\"Agrandir\"\n\t\t\tdata-wp-init=\"callbacks.initTriggerButton\"\n\t\t\tdata-wp-on--click=\"actions.showLightbox\"\n\t\t\tdata-wp-style--right=\"state.imageButtonRight\"\n\t\t\tdata-wp-style--top=\"state.imageButtonTop\"\n\t\t>\n\t\t\t<svg xmlns=\"http:\/\/www.w3.org\/2000\/svg\" width=\"12\" height=\"12\" fill=\"none\" viewBox=\"0 0 12 12\">\n\t\t\t\t<path fill=\"#fff\" d=\"M2 0a2 2 0 0 0-2 2v2h1.5V2a.5.5 0 0 1 .5-.5h2V0H2Zm2 10.5H2a.5.5 0 0 1-.5-.5V8H0v2a2 2 0 0 0 2 2h2v-1.5ZM8 12v-1.5h2a.5.5 0 0 0 .5-.5V8H12v2a2 2 0 0 1-2 2H8Zm2-12a2 2 0 0 1 2 2v2h-1.5V2a.5.5 0 0 0-.5-.5H8V0h2Z\" \/>\n\t\t\t<\/svg>\n\t\t<\/button><\/figure>\n\n\n\n<figure data-wp-context=\"{&quot;imageId&quot;:&quot;69e084a9640ae&quot;}\" data-wp-interactive=\"core\/image\" data-wp-key=\"69e084a9640ae\" class=\"wp-block-image size-large wp-lightbox-container\"><img decoding=\"async\" width=\"1024\" height=\"768\" data-wp-class--hide=\"state.isContentHidden\" data-wp-class--show=\"state.isContentVisible\" data-wp-init=\"callbacks.setButtonStyles\" data-wp-on--click=\"actions.showLightbox\" data-wp-on--load=\"callbacks.setButtonStyles\" data-wp-on-window--resize=\"callbacks.setButtonStyles\" data-id=\"238\" src=\"https:\/\/ateliernox.com\/wp-content\/uploads\/2024\/12\/PHOTO-2024-12-02-13-24-334-1-1024x768.jpg\" alt=\"\" class=\"wp-image-238\" srcset=\"https:\/\/ateliernox.com\/wp-content\/uploads\/2024\/12\/PHOTO-2024-12-02-13-24-334-1-1024x768.jpg 1024w, https:\/\/ateliernox.com\/wp-content\/uploads\/2024\/12\/PHOTO-2024-12-02-13-24-334-1-300x225.jpg 300w, https:\/\/ateliernox.com\/wp-content\/uploads\/2024\/12\/PHOTO-2024-12-02-13-24-334-1-768x576.jpg 768w, https:\/\/ateliernox.com\/wp-content\/uploads\/2024\/12\/PHOTO-2024-12-02-13-24-334-1-1536x1152.jpg 1536w, https:\/\/ateliernox.com\/wp-content\/uploads\/2024\/12\/PHOTO-2024-12-02-13-24-334-1.jpg 1600w\" sizes=\"(max-width: 1024px) 100vw, 1024px\" \/><button\n\t\t\tclass=\"lightbox-trigger\"\n\t\t\ttype=\"button\"\n\t\t\taria-haspopup=\"dialog\"\n\t\t\taria-label=\"Agrandir\"\n\t\t\tdata-wp-init=\"callbacks.initTriggerButton\"\n\t\t\tdata-wp-on--click=\"actions.showLightbox\"\n\t\t\tdata-wp-style--right=\"state.imageButtonRight\"\n\t\t\tdata-wp-style--top=\"state.imageButtonTop\"\n\t\t>\n\t\t\t<svg xmlns=\"http:\/\/www.w3.org\/2000\/svg\" width=\"12\" height=\"12\" fill=\"none\" viewBox=\"0 0 12 12\">\n\t\t\t\t<path fill=\"#fff\" d=\"M2 0a2 2 0 0 0-2 2v2h1.5V2a.5.5 0 0 1 .5-.5h2V0H2Zm2 10.5H2a.5.5 0 0 1-.5-.5V8H0v2a2 2 0 0 0 2 2h2v-1.5ZM8 12v-1.5h2a.5.5 0 0 0 .5-.5V8H12v2a2 2 0 0 1-2 2H8Zm2-12a2 2 0 0 1 2 2v2h-1.5V2a.5.5 0 0 0-.5-.5H8V0h2Z\" \/>\n\t\t\t<\/svg>\n\t\t<\/button><\/figure>\n\n\n\n<figure data-wp-context=\"{&quot;imageId&quot;:&quot;69e084a9644c0&quot;}\" data-wp-interactive=\"core\/image\" data-wp-key=\"69e084a9644c0\" class=\"wp-block-image size-large wp-lightbox-container\"><img decoding=\"async\" width=\"1024\" height=\"768\" data-wp-class--hide=\"state.isContentHidden\" data-wp-class--show=\"state.isContentVisible\" data-wp-init=\"callbacks.setButtonStyles\" data-wp-on--click=\"actions.showLightbox\" data-wp-on--load=\"callbacks.setButtonStyles\" data-wp-on-window--resize=\"callbacks.setButtonStyles\" data-id=\"241\" src=\"https:\/\/ateliernox.com\/wp-content\/uploads\/2024\/12\/PHOTO-2024-12-02-13-24-336-1-1024x768.jpg\" alt=\"\" class=\"wp-image-241\" srcset=\"https:\/\/ateliernox.com\/wp-content\/uploads\/2024\/12\/PHOTO-2024-12-02-13-24-336-1-1024x768.jpg 1024w, https:\/\/ateliernox.com\/wp-content\/uploads\/2024\/12\/PHOTO-2024-12-02-13-24-336-1-300x225.jpg 300w, https:\/\/ateliernox.com\/wp-content\/uploads\/2024\/12\/PHOTO-2024-12-02-13-24-336-1-768x576.jpg 768w, https:\/\/ateliernox.com\/wp-content\/uploads\/2024\/12\/PHOTO-2024-12-02-13-24-336-1-1536x1152.jpg 1536w, https:\/\/ateliernox.com\/wp-content\/uploads\/2024\/12\/PHOTO-2024-12-02-13-24-336-1.jpg 1600w\" sizes=\"(max-width: 1024px) 100vw, 1024px\" \/><button\n\t\t\tclass=\"lightbox-trigger\"\n\t\t\ttype=\"button\"\n\t\t\taria-haspopup=\"dialog\"\n\t\t\taria-label=\"Agrandir\"\n\t\t\tdata-wp-init=\"callbacks.initTriggerButton\"\n\t\t\tdata-wp-on--click=\"actions.showLightbox\"\n\t\t\tdata-wp-style--right=\"state.imageButtonRight\"\n\t\t\tdata-wp-style--top=\"state.imageButtonTop\"\n\t\t>\n\t\t\t<svg xmlns=\"http:\/\/www.w3.org\/2000\/svg\" width=\"12\" height=\"12\" fill=\"none\" viewBox=\"0 0 12 12\">\n\t\t\t\t<path fill=\"#fff\" d=\"M2 0a2 2 0 0 0-2 2v2h1.5V2a.5.5 0 0 1 .5-.5h2V0H2Zm2 10.5H2a.5.5 0 0 1-.5-.5V8H0v2a2 2 0 0 0 2 2h2v-1.5ZM8 12v-1.5h2a.5.5 0 0 0 .5-.5V8H12v2a2 2 0 0 1-2 2H8Zm2-12a2 2 0 0 1 2 2v2h-1.5V2a.5.5 0 0 0-.5-.5H8V0h2Z\" \/>\n\t\t\t<\/svg>\n\t\t<\/button><\/figure>\n\n\n\n<figure data-wp-context=\"{&quot;imageId&quot;:&quot;69e084a9648a9&quot;}\" data-wp-interactive=\"core\/image\" data-wp-key=\"69e084a9648a9\" class=\"wp-block-image size-large wp-lightbox-container\"><img loading=\"lazy\" decoding=\"async\" width=\"768\" height=\"1024\" data-wp-class--hide=\"state.isContentHidden\" data-wp-class--show=\"state.isContentVisible\" data-wp-init=\"callbacks.setButtonStyles\" data-wp-on--click=\"actions.showLightbox\" data-wp-on--load=\"callbacks.setButtonStyles\" data-wp-on-window--resize=\"callbacks.setButtonStyles\" data-id=\"235\" src=\"https:\/\/ateliernox.com\/wp-content\/uploads\/2024\/12\/PHOTO-2024-12-02-13-24-337-1-768x1024.jpg\" alt=\"\" class=\"wp-image-235\" srcset=\"https:\/\/ateliernox.com\/wp-content\/uploads\/2024\/12\/PHOTO-2024-12-02-13-24-337-1-768x1024.jpg 768w, https:\/\/ateliernox.com\/wp-content\/uploads\/2024\/12\/PHOTO-2024-12-02-13-24-337-1-225x300.jpg 225w, https:\/\/ateliernox.com\/wp-content\/uploads\/2024\/12\/PHOTO-2024-12-02-13-24-337-1-1152x1536.jpg 1152w, https:\/\/ateliernox.com\/wp-content\/uploads\/2024\/12\/PHOTO-2024-12-02-13-24-337-1.jpg 1200w\" sizes=\"(max-width: 768px) 100vw, 768px\" \/><button\n\t\t\tclass=\"lightbox-trigger\"\n\t\t\ttype=\"button\"\n\t\t\taria-haspopup=\"dialog\"\n\t\t\taria-label=\"Agrandir\"\n\t\t\tdata-wp-init=\"callbacks.initTriggerButton\"\n\t\t\tdata-wp-on--click=\"actions.showLightbox\"\n\t\t\tdata-wp-style--right=\"state.imageButtonRight\"\n\t\t\tdata-wp-style--top=\"state.imageButtonTop\"\n\t\t>\n\t\t\t<svg xmlns=\"http:\/\/www.w3.org\/2000\/svg\" width=\"12\" height=\"12\" fill=\"none\" viewBox=\"0 0 12 12\">\n\t\t\t\t<path fill=\"#fff\" d=\"M2 0a2 2 0 0 0-2 2v2h1.5V2a.5.5 0 0 1 .5-.5h2V0H2Zm2 10.5H2a.5.5 0 0 1-.5-.5V8H0v2a2 2 0 0 0 2 2h2v-1.5ZM8 12v-1.5h2a.5.5 0 0 0 .5-.5V8H12v2a2 2 0 0 1-2 2H8Zm2-12a2 2 0 0 1 2 2v2h-1.5V2a.5.5 0 0 0-.5-.5H8V0h2Z\" \/>\n\t\t\t<\/svg>\n\t\t<\/button><\/figure>\n\n\n\n<figure data-wp-context=\"{&quot;imageId&quot;:&quot;69e084a964c76&quot;}\" data-wp-interactive=\"core\/image\" data-wp-key=\"69e084a964c76\" class=\"wp-block-image size-large wp-lightbox-container\"><img loading=\"lazy\" decoding=\"async\" width=\"1024\" height=\"768\" data-wp-class--hide=\"state.isContentHidden\" data-wp-class--show=\"state.isContentVisible\" data-wp-init=\"callbacks.setButtonStyles\" data-wp-on--click=\"actions.showLightbox\" data-wp-on--load=\"callbacks.setButtonStyles\" data-wp-on-window--resize=\"callbacks.setButtonStyles\" data-id=\"245\" src=\"https:\/\/ateliernox.com\/wp-content\/uploads\/2024\/12\/PHOTO-2024-12-02-13-24-34-1-1024x768.jpg\" alt=\"\" class=\"wp-image-245\" srcset=\"https:\/\/ateliernox.com\/wp-content\/uploads\/2024\/12\/PHOTO-2024-12-02-13-24-34-1-1024x768.jpg 1024w, https:\/\/ateliernox.com\/wp-content\/uploads\/2024\/12\/PHOTO-2024-12-02-13-24-34-1-300x225.jpg 300w, https:\/\/ateliernox.com\/wp-content\/uploads\/2024\/12\/PHOTO-2024-12-02-13-24-34-1-768x576.jpg 768w, https:\/\/ateliernox.com\/wp-content\/uploads\/2024\/12\/PHOTO-2024-12-02-13-24-34-1-1536x1152.jpg 1536w, https:\/\/ateliernox.com\/wp-content\/uploads\/2024\/12\/PHOTO-2024-12-02-13-24-34-1.jpg 1600w\" sizes=\"(max-width: 1024px) 100vw, 1024px\" \/><button\n\t\t\tclass=\"lightbox-trigger\"\n\t\t\ttype=\"button\"\n\t\t\taria-haspopup=\"dialog\"\n\t\t\taria-label=\"Agrandir\"\n\t\t\tdata-wp-init=\"callbacks.initTriggerButton\"\n\t\t\tdata-wp-on--click=\"actions.showLightbox\"\n\t\t\tdata-wp-style--right=\"state.imageButtonRight\"\n\t\t\tdata-wp-style--top=\"state.imageButtonTop\"\n\t\t>\n\t\t\t<svg xmlns=\"http:\/\/www.w3.org\/2000\/svg\" width=\"12\" height=\"12\" fill=\"none\" viewBox=\"0 0 12 12\">\n\t\t\t\t<path fill=\"#fff\" d=\"M2 0a2 2 0 0 0-2 2v2h1.5V2a.5.5 0 0 1 .5-.5h2V0H2Zm2 10.5H2a.5.5 0 0 1-.5-.5V8H0v2a2 2 0 0 0 2 2h2v-1.5ZM8 12v-1.5h2a.5.5 0 0 0 .5-.5V8H12v2a2 2 0 0 1-2 2H8Zm2-12a2 2 0 0 1 2 2v2h-1.5V2a.5.5 0 0 0-.5-.5H8V0h2Z\" \/>\n\t\t\t<\/svg>\n\t\t<\/button><\/figure>\n\n\n\n<figure data-wp-context=\"{&quot;imageId&quot;:&quot;69e084a964fee&quot;}\" data-wp-interactive=\"core\/image\" data-wp-key=\"69e084a964fee\" class=\"wp-block-image size-large wp-lightbox-container\"><img loading=\"lazy\" decoding=\"async\" width=\"768\" height=\"1024\" data-wp-class--hide=\"state.isContentHidden\" data-wp-class--show=\"state.isContentVisible\" data-wp-init=\"callbacks.setButtonStyles\" data-wp-on--click=\"actions.showLightbox\" data-wp-on--load=\"callbacks.setButtonStyles\" data-wp-on-window--resize=\"callbacks.setButtonStyles\" data-id=\"240\" src=\"https:\/\/ateliernox.com\/wp-content\/uploads\/2024\/12\/PHOTO-2024-12-02-13-24-341-1-768x1024.jpg\" alt=\"\" class=\"wp-image-240\" srcset=\"https:\/\/ateliernox.com\/wp-content\/uploads\/2024\/12\/PHOTO-2024-12-02-13-24-341-1-768x1024.jpg 768w, https:\/\/ateliernox.com\/wp-content\/uploads\/2024\/12\/PHOTO-2024-12-02-13-24-341-1-225x300.jpg 225w, https:\/\/ateliernox.com\/wp-content\/uploads\/2024\/12\/PHOTO-2024-12-02-13-24-341-1-1152x1536.jpg 1152w, https:\/\/ateliernox.com\/wp-content\/uploads\/2024\/12\/PHOTO-2024-12-02-13-24-341-1.jpg 1200w\" sizes=\"(max-width: 768px) 100vw, 768px\" \/><button\n\t\t\tclass=\"lightbox-trigger\"\n\t\t\ttype=\"button\"\n\t\t\taria-haspopup=\"dialog\"\n\t\t\taria-label=\"Agrandir\"\n\t\t\tdata-wp-init=\"callbacks.initTriggerButton\"\n\t\t\tdata-wp-on--click=\"actions.showLightbox\"\n\t\t\tdata-wp-style--right=\"state.imageButtonRight\"\n\t\t\tdata-wp-style--top=\"state.imageButtonTop\"\n\t\t>\n\t\t\t<svg xmlns=\"http:\/\/www.w3.org\/2000\/svg\" width=\"12\" height=\"12\" fill=\"none\" viewBox=\"0 0 12 12\">\n\t\t\t\t<path fill=\"#fff\" d=\"M2 0a2 2 0 0 0-2 2v2h1.5V2a.5.5 0 0 1 .5-.5h2V0H2Zm2 10.5H2a.5.5 0 0 1-.5-.5V8H0v2a2 2 0 0 0 2 2h2v-1.5ZM8 12v-1.5h2a.5.5 0 0 0 .5-.5V8H12v2a2 2 0 0 1-2 2H8Zm2-12a2 2 0 0 1 2 2v2h-1.5V2a.5.5 0 0 0-.5-.5H8V0h2Z\" \/>\n\t\t\t<\/svg>\n\t\t<\/button><\/figure>\n\n\n\n<figure data-wp-context=\"{&quot;imageId&quot;:&quot;69e084a965584&quot;}\" data-wp-interactive=\"core\/image\" data-wp-key=\"69e084a965584\" class=\"wp-block-image size-large wp-lightbox-container\"><img loading=\"lazy\" decoding=\"async\" width=\"768\" height=\"1024\" data-wp-class--hide=\"state.isContentHidden\" data-wp-class--show=\"state.isContentVisible\" data-wp-init=\"callbacks.setButtonStyles\" data-wp-on--click=\"actions.showLightbox\" data-wp-on--load=\"callbacks.setButtonStyles\" data-wp-on-window--resize=\"callbacks.setButtonStyles\" data-id=\"243\" src=\"https:\/\/ateliernox.com\/wp-content\/uploads\/2024\/12\/PHOTO-2024-12-02-13-24-342-1-768x1024.jpg\" alt=\"\" class=\"wp-image-243\" srcset=\"https:\/\/ateliernox.com\/wp-content\/uploads\/2024\/12\/PHOTO-2024-12-02-13-24-342-1-768x1024.jpg 768w, https:\/\/ateliernox.com\/wp-content\/uploads\/2024\/12\/PHOTO-2024-12-02-13-24-342-1-225x300.jpg 225w, https:\/\/ateliernox.com\/wp-content\/uploads\/2024\/12\/PHOTO-2024-12-02-13-24-342-1-1152x1536.jpg 1152w, https:\/\/ateliernox.com\/wp-content\/uploads\/2024\/12\/PHOTO-2024-12-02-13-24-342-1.jpg 1200w\" sizes=\"(max-width: 768px) 100vw, 768px\" \/><button\n\t\t\tclass=\"lightbox-trigger\"\n\t\t\ttype=\"button\"\n\t\t\taria-haspopup=\"dialog\"\n\t\t\taria-label=\"Agrandir\"\n\t\t\tdata-wp-init=\"callbacks.initTriggerButton\"\n\t\t\tdata-wp-on--click=\"actions.showLightbox\"\n\t\t\tdata-wp-style--right=\"state.imageButtonRight\"\n\t\t\tdata-wp-style--top=\"state.imageButtonTop\"\n\t\t>\n\t\t\t<svg xmlns=\"http:\/\/www.w3.org\/2000\/svg\" width=\"12\" height=\"12\" fill=\"none\" viewBox=\"0 0 12 12\">\n\t\t\t\t<path fill=\"#fff\" d=\"M2 0a2 2 0 0 0-2 2v2h1.5V2a.5.5 0 0 1 .5-.5h2V0H2Zm2 10.5H2a.5.5 0 0 1-.5-.5V8H0v2a2 2 0 0 0 2 2h2v-1.5ZM8 12v-1.5h2a.5.5 0 0 0 .5-.5V8H12v2a2 2 0 0 1-2 2H8Zm2-12a2 2 0 0 1 2 2v2h-1.5V2a.5.5 0 0 0-.5-.5H8V0h2Z\" \/>\n\t\t\t<\/svg>\n\t\t<\/button><\/figure>\n\n\n\n<figure data-wp-context=\"{&quot;imageId&quot;:&quot;69e084a9659be&quot;}\" data-wp-interactive=\"core\/image\" data-wp-key=\"69e084a9659be\" class=\"wp-block-image size-large wp-lightbox-container\"><img loading=\"lazy\" decoding=\"async\" width=\"768\" height=\"1024\" data-wp-class--hide=\"state.isContentHidden\" data-wp-class--show=\"state.isContentVisible\" data-wp-init=\"callbacks.setButtonStyles\" data-wp-on--click=\"actions.showLightbox\" data-wp-on--load=\"callbacks.setButtonStyles\" data-wp-on-window--resize=\"callbacks.setButtonStyles\" data-id=\"244\" src=\"https:\/\/ateliernox.com\/wp-content\/uploads\/2024\/12\/PHOTO-2024-12-02-13-24-343-1-768x1024.jpg\" alt=\"\" class=\"wp-image-244\" srcset=\"https:\/\/ateliernox.com\/wp-content\/uploads\/2024\/12\/PHOTO-2024-12-02-13-24-343-1-768x1024.jpg 768w, https:\/\/ateliernox.com\/wp-content\/uploads\/2024\/12\/PHOTO-2024-12-02-13-24-343-1-225x300.jpg 225w, https:\/\/ateliernox.com\/wp-content\/uploads\/2024\/12\/PHOTO-2024-12-02-13-24-343-1-1152x1536.jpg 1152w, https:\/\/ateliernox.com\/wp-content\/uploads\/2024\/12\/PHOTO-2024-12-02-13-24-343-1.jpg 1200w\" sizes=\"(max-width: 768px) 100vw, 768px\" \/><button\n\t\t\tclass=\"lightbox-trigger\"\n\t\t\ttype=\"button\"\n\t\t\taria-haspopup=\"dialog\"\n\t\t\taria-label=\"Agrandir\"\n\t\t\tdata-wp-init=\"callbacks.initTriggerButton\"\n\t\t\tdata-wp-on--click=\"actions.showLightbox\"\n\t\t\tdata-wp-style--right=\"state.imageButtonRight\"\n\t\t\tdata-wp-style--top=\"state.imageButtonTop\"\n\t\t>\n\t\t\t<svg xmlns=\"http:\/\/www.w3.org\/2000\/svg\" width=\"12\" height=\"12\" fill=\"none\" viewBox=\"0 0 12 12\">\n\t\t\t\t<path fill=\"#fff\" d=\"M2 0a2 2 0 0 0-2 2v2h1.5V2a.5.5 0 0 1 .5-.5h2V0H2Zm2 10.5H2a.5.5 0 0 1-.5-.5V8H0v2a2 2 0 0 0 2 2h2v-1.5ZM8 12v-1.5h2a.5.5 0 0 0 .5-.5V8H12v2a2 2 0 0 1-2 2H8Zm2-12a2 2 0 0 1 2 2v2h-1.5V2a.5.5 0 0 0-.5-.5H8V0h2Z\" \/>\n\t\t\t<\/svg>\n\t\t<\/button><\/figure>\n<\/figure>\n","protected":false},"excerpt":{"rendered":"<p>SALOMON Sportstyle &#8211; R\u00e9alisation de la sc\u00e9nographie de l&rsquo;\u00e9v\u00e9nement SALOMON Sportstyle \u00e0 l&rsquo;occasion de la Paris Fashion Week 2024. Projet Standard (Direction artistique + Sc\u00e9nographie + Furniture Design)<\/p>\n","protected":false},"author":1,"featured_media":0,"parent":0,"menu_order":0,"comment_status":"closed","ping_status":"closed","template":"","meta":{"footnotes":""},"class_list":["post-234","page","type-page","status-publish","hentry"],"yoast_head":"<!-- This site is optimized with the Yoast SEO plugin v27.3 - https:\/\/yoast.com\/product\/yoast-seo-wordpress\/ -->\n<title>SALOMON - Paris Fashion Week 2024 Projets - ateliernox.com<\/title>\n<meta name=\"description\" content=\"SALOMON - Paris Fashion Week 2024 - Atelier NOX - R\u00e9alisation de la sc\u00e9nographie de l&#039;\u00e9v\u00e9nement \u00e0 l&#039;occasion de la Paris Fashion Week 2024.\" \/>\n<meta name=\"robots\" content=\"index, follow, max-snippet:-1, max-image-preview:large, max-video-preview:-1\" \/>\n<link rel=\"canonical\" href=\"https:\/\/ateliernox.com\/index.php\/salomon-atelier-nox\/\" \/>\n<meta property=\"og:locale\" content=\"fr_FR\" \/>\n<meta property=\"og:type\" content=\"article\" \/>\n<meta property=\"og:title\" content=\"SALOMON - Paris Fashion Week 2024 Projets - ateliernox.com\" \/>\n<meta property=\"og:description\" content=\"SALOMON - Paris Fashion Week 2024 - Atelier NOX - R\u00e9alisation de la sc\u00e9nographie de l&#039;\u00e9v\u00e9nement \u00e0 l&#039;occasion de la Paris Fashion Week 2024.\" \/>\n<meta property=\"og:url\" content=\"https:\/\/ateliernox.com\/index.php\/salomon-atelier-nox\/\" \/>\n<meta property=\"og:site_name\" content=\"Atelier NOX\" \/>\n<meta property=\"article:modified_time\" content=\"2024-12-17T15:17:35+00:00\" \/>\n<meta property=\"og:image\" content=\"https:\/\/ateliernox.com\/wp-content\/uploads\/2024\/12\/PHOTO-2024-12-02-13-24-332-1.jpg\" \/>\n\t<meta property=\"og:image:width\" content=\"1200\" \/>\n\t<meta property=\"og:image:height\" content=\"1600\" \/>\n\t<meta property=\"og:image:type\" content=\"image\/jpeg\" \/>\n<meta name=\"twitter:card\" content=\"summary_large_image\" \/>\n<meta name=\"twitter:label1\" content=\"Dur\u00e9e de lecture estim\u00e9e\" \/>\n\t<meta name=\"twitter:data1\" content=\"2 minutes\" \/>\n<script type=\"application\/ld+json\" class=\"yoast-schema-graph\">{\"@context\":\"https:\\\/\\\/schema.org\",\"@graph\":[{\"@type\":\"WebPage\",\"@id\":\"https:\\\/\\\/ateliernox.com\\\/index.php\\\/salomon-atelier-nox\\\/\",\"url\":\"https:\\\/\\\/ateliernox.com\\\/index.php\\\/salomon-atelier-nox\\\/\",\"name\":\"SALOMON - Paris Fashion Week 2024 Projets - ateliernox.com\",\"isPartOf\":{\"@id\":\"https:\\\/\\\/ateliernox.com\\\/#website\"},\"primaryImageOfPage\":{\"@id\":\"https:\\\/\\\/ateliernox.com\\\/index.php\\\/salomon-atelier-nox\\\/#primaryimage\"},\"image\":{\"@id\":\"https:\\\/\\\/ateliernox.com\\\/index.php\\\/salomon-atelier-nox\\\/#primaryimage\"},\"thumbnailUrl\":\"https:\\\/\\\/ateliernox.com\\\/wp-content\\\/uploads\\\/2024\\\/12\\\/PHOTO-2024-12-02-13-24-332-1-768x1024.jpg\",\"datePublished\":\"2024-12-03T15:30:31+00:00\",\"dateModified\":\"2024-12-17T15:17:35+00:00\",\"description\":\"SALOMON - Paris Fashion Week 2024 - Atelier NOX - R\u00e9alisation de la sc\u00e9nographie de l'\u00e9v\u00e9nement \u00e0 l'occasion de la Paris Fashion Week 2024.\",\"breadcrumb\":{\"@id\":\"https:\\\/\\\/ateliernox.com\\\/index.php\\\/salomon-atelier-nox\\\/#breadcrumb\"},\"inLanguage\":\"fr-FR\",\"potentialAction\":[{\"@type\":\"ReadAction\",\"target\":[\"https:\\\/\\\/ateliernox.com\\\/index.php\\\/salomon-atelier-nox\\\/\"]}]},{\"@type\":\"ImageObject\",\"inLanguage\":\"fr-FR\",\"@id\":\"https:\\\/\\\/ateliernox.com\\\/index.php\\\/salomon-atelier-nox\\\/#primaryimage\",\"url\":\"https:\\\/\\\/ateliernox.com\\\/wp-content\\\/uploads\\\/2024\\\/12\\\/PHOTO-2024-12-02-13-24-332-1.jpg\",\"contentUrl\":\"https:\\\/\\\/ateliernox.com\\\/wp-content\\\/uploads\\\/2024\\\/12\\\/PHOTO-2024-12-02-13-24-332-1.jpg\",\"width\":1200,\"height\":1600},{\"@type\":\"BreadcrumbList\",\"@id\":\"https:\\\/\\\/ateliernox.com\\\/index.php\\\/salomon-atelier-nox\\\/#breadcrumb\",\"itemListElement\":[{\"@type\":\"ListItem\",\"position\":1,\"name\":\"Accueil\",\"item\":\"https:\\\/\\\/ateliernox.com\\\/\"},{\"@type\":\"ListItem\",\"position\":2,\"name\":\"SALOMON\"}]},{\"@type\":\"WebSite\",\"@id\":\"https:\\\/\\\/ateliernox.com\\\/#website\",\"url\":\"https:\\\/\\\/ateliernox.com\\\/\",\"name\":\"Atelier NOX\",\"description\":\"Un atelier d\u00e9di\u00e9 \u00e0 la r\u00e9alisation de d\u00e9cor pour la sc\u00e9nographie, le cin\u00e9ma et la publicit\u00e9.\",\"publisher\":{\"@id\":\"https:\\\/\\\/ateliernox.com\\\/#organization\"},\"potentialAction\":[{\"@type\":\"SearchAction\",\"target\":{\"@type\":\"EntryPoint\",\"urlTemplate\":\"https:\\\/\\\/ateliernox.com\\\/?s={search_term_string}\"},\"query-input\":{\"@type\":\"PropertyValueSpecification\",\"valueRequired\":true,\"valueName\":\"search_term_string\"}}],\"inLanguage\":\"fr-FR\"},{\"@type\":\"Organization\",\"@id\":\"https:\\\/\\\/ateliernox.com\\\/#organization\",\"name\":\"Atelier NOX\",\"url\":\"https:\\\/\\\/ateliernox.com\\\/\",\"logo\":{\"@type\":\"ImageObject\",\"inLanguage\":\"fr-FR\",\"@id\":\"https:\\\/\\\/ateliernox.com\\\/#\\\/schema\\\/logo\\\/image\\\/\",\"url\":\"https:\\\/\\\/ateliernox.com\\\/wp-content\\\/uploads\\\/2024\\\/10\\\/cropped-LOGO-timbre.png\",\"contentUrl\":\"https:\\\/\\\/ateliernox.com\\\/wp-content\\\/uploads\\\/2024\\\/10\\\/cropped-LOGO-timbre.png\",\"width\":512,\"height\":512,\"caption\":\"Atelier NOX\"},\"image\":{\"@id\":\"https:\\\/\\\/ateliernox.com\\\/#\\\/schema\\\/logo\\\/image\\\/\"}}]}<\/script>\n<!-- \/ Yoast SEO plugin. -->","yoast_head_json":{"title":"SALOMON - Paris Fashion Week 2024 Projets - ateliernox.com","description":"SALOMON - Paris Fashion Week 2024 - Atelier NOX - R\u00e9alisation de la sc\u00e9nographie de l'\u00e9v\u00e9nement \u00e0 l'occasion de la Paris Fashion Week 2024.","robots":{"index":"index","follow":"follow","max-snippet":"max-snippet:-1","max-image-preview":"max-image-preview:large","max-video-preview":"max-video-preview:-1"},"canonical":"https:\/\/ateliernox.com\/index.php\/salomon-atelier-nox\/","og_locale":"fr_FR","og_type":"article","og_title":"SALOMON - Paris Fashion Week 2024 Projets - ateliernox.com","og_description":"SALOMON - Paris Fashion Week 2024 - Atelier NOX - R\u00e9alisation de la sc\u00e9nographie de l'\u00e9v\u00e9nement \u00e0 l'occasion de la Paris Fashion Week 2024.","og_url":"https:\/\/ateliernox.com\/index.php\/salomon-atelier-nox\/","og_site_name":"Atelier NOX","article_modified_time":"2024-12-17T15:17:35+00:00","og_image":[{"width":1200,"height":1600,"url":"https:\/\/ateliernox.com\/wp-content\/uploads\/2024\/12\/PHOTO-2024-12-02-13-24-332-1.jpg","type":"image\/jpeg"}],"twitter_card":"summary_large_image","twitter_misc":{"Dur\u00e9e de lecture estim\u00e9e":"2 minutes"},"schema":{"@context":"https:\/\/schema.org","@graph":[{"@type":"WebPage","@id":"https:\/\/ateliernox.com\/index.php\/salomon-atelier-nox\/","url":"https:\/\/ateliernox.com\/index.php\/salomon-atelier-nox\/","name":"SALOMON - Paris Fashion Week 2024 Projets - ateliernox.com","isPartOf":{"@id":"https:\/\/ateliernox.com\/#website"},"primaryImageOfPage":{"@id":"https:\/\/ateliernox.com\/index.php\/salomon-atelier-nox\/#primaryimage"},"image":{"@id":"https:\/\/ateliernox.com\/index.php\/salomon-atelier-nox\/#primaryimage"},"thumbnailUrl":"https:\/\/ateliernox.com\/wp-content\/uploads\/2024\/12\/PHOTO-2024-12-02-13-24-332-1-768x1024.jpg","datePublished":"2024-12-03T15:30:31+00:00","dateModified":"2024-12-17T15:17:35+00:00","description":"SALOMON - Paris Fashion Week 2024 - Atelier NOX - R\u00e9alisation de la sc\u00e9nographie de l'\u00e9v\u00e9nement \u00e0 l'occasion de la Paris Fashion Week 2024.","breadcrumb":{"@id":"https:\/\/ateliernox.com\/index.php\/salomon-atelier-nox\/#breadcrumb"},"inLanguage":"fr-FR","potentialAction":[{"@type":"ReadAction","target":["https:\/\/ateliernox.com\/index.php\/salomon-atelier-nox\/"]}]},{"@type":"ImageObject","inLanguage":"fr-FR","@id":"https:\/\/ateliernox.com\/index.php\/salomon-atelier-nox\/#primaryimage","url":"https:\/\/ateliernox.com\/wp-content\/uploads\/2024\/12\/PHOTO-2024-12-02-13-24-332-1.jpg","contentUrl":"https:\/\/ateliernox.com\/wp-content\/uploads\/2024\/12\/PHOTO-2024-12-02-13-24-332-1.jpg","width":1200,"height":1600},{"@type":"BreadcrumbList","@id":"https:\/\/ateliernox.com\/index.php\/salomon-atelier-nox\/#breadcrumb","itemListElement":[{"@type":"ListItem","position":1,"name":"Accueil","item":"https:\/\/ateliernox.com\/"},{"@type":"ListItem","position":2,"name":"SALOMON"}]},{"@type":"WebSite","@id":"https:\/\/ateliernox.com\/#website","url":"https:\/\/ateliernox.com\/","name":"Atelier NOX","description":"Un atelier d\u00e9di\u00e9 \u00e0 la r\u00e9alisation de d\u00e9cor pour la sc\u00e9nographie, le cin\u00e9ma et la publicit\u00e9.","publisher":{"@id":"https:\/\/ateliernox.com\/#organization"},"potentialAction":[{"@type":"SearchAction","target":{"@type":"EntryPoint","urlTemplate":"https:\/\/ateliernox.com\/?s={search_term_string}"},"query-input":{"@type":"PropertyValueSpecification","valueRequired":true,"valueName":"search_term_string"}}],"inLanguage":"fr-FR"},{"@type":"Organization","@id":"https:\/\/ateliernox.com\/#organization","name":"Atelier NOX","url":"https:\/\/ateliernox.com\/","logo":{"@type":"ImageObject","inLanguage":"fr-FR","@id":"https:\/\/ateliernox.com\/#\/schema\/logo\/image\/","url":"https:\/\/ateliernox.com\/wp-content\/uploads\/2024\/10\/cropped-LOGO-timbre.png","contentUrl":"https:\/\/ateliernox.com\/wp-content\/uploads\/2024\/10\/cropped-LOGO-timbre.png","width":512,"height":512,"caption":"Atelier NOX"},"image":{"@id":"https:\/\/ateliernox.com\/#\/schema\/logo\/image\/"}}]}},"_links":{"self":[{"href":"https:\/\/ateliernox.com\/index.php\/wp-json\/wp\/v2\/pages\/234","targetHints":{"allow":["GET"]}}],"collection":[{"href":"https:\/\/ateliernox.com\/index.php\/wp-json\/wp\/v2\/pages"}],"about":[{"href":"https:\/\/ateliernox.com\/index.php\/wp-json\/wp\/v2\/types\/page"}],"author":[{"embeddable":true,"href":"https:\/\/ateliernox.com\/index.php\/wp-json\/wp\/v2\/users\/1"}],"replies":[{"embeddable":true,"href":"https:\/\/ateliernox.com\/index.php\/wp-json\/wp\/v2\/comments?post=234"}],"version-history":[{"count":5,"href":"https:\/\/ateliernox.com\/index.php\/wp-json\/wp\/v2\/pages\/234\/revisions"}],"predecessor-version":[{"id":436,"href":"https:\/\/ateliernox.com\/index.php\/wp-json\/wp\/v2\/pages\/234\/revisions\/436"}],"wp:attachment":[{"href":"https:\/\/ateliernox.com\/index.php\/wp-json\/wp\/v2\/media?parent=234"}],"curies":[{"name":"wp","href":"https:\/\/api.w.org\/{rel}","templated":true}]}}