{"id":222,"date":"2024-12-03T16:22:37","date_gmt":"2024-12-03T15:22:37","guid":{"rendered":"https:\/\/ateliernox.com\/?page_id=222"},"modified":"2024-12-16T18:26:37","modified_gmt":"2024-12-16T17:26:37","slug":"crystal-murray-atelier-nox","status":"publish","type":"page","link":"https:\/\/ateliernox.com\/index.php\/crystal-murray-atelier-nox\/","title":{"rendered":"CRYSTAL MURRAY"},"content":{"rendered":"\n<p class=\"has-work-sans-regular-font-family\" style=\"font-size:clamp(15.197px, 0.95rem + ((1vw - 3.2px) * 0.887), 23px);\"><strong>Crystal Murray<\/strong> &#8211; R\u00e9alisation du set pour un d\u00een\u00e9 priv\u00e9 et s\u00e9ance d\u2019\u00e9coute pour le nouvel album Sad Lovers Giants de Crystal Murray avec Because Music, \u00e0 la galerie au Roi.<\/p>\n\n\n\n<p class=\"has-work-sans-regular-font-family\" style=\"font-size:14px\"><strong>Studio Mati\u00e8re Premi\u00e8re, Jenn Sarkis, Katarina Timotijevic <\/strong>(Production) <br><strong>Stephy Galvani<\/strong> (Design de l\u2019exp\u00e9rience)<br><strong>Julien Cavallina<\/strong> (Sc\u00e9nographie) <br><strong>Leanda Heler, Valentin Rodrigues<\/strong> (Photographes)<\/p>\n\n\n\n<figure class=\"wp-block-gallery has-nested-images columns-default is-cropped wp-block-gallery-1 is-layout-flex wp-block-gallery-is-layout-flex\">\n<figure data-wp-context=\"{&quot;imageId&quot;:&quot;69e06cd13c47b&quot;}\" data-wp-interactive=\"core\/image\" data-wp-key=\"69e06cd13c47b\" class=\"wp-block-image size-large wp-lightbox-container\"><img fetchpriority=\"high\" decoding=\"async\" width=\"1024\" height=\"1024\" data-wp-class--hide=\"state.isContentHidden\" data-wp-class--show=\"state.isContentVisible\" data-wp-init=\"callbacks.setButtonStyles\" data-wp-on--click=\"actions.showLightbox\" data-wp-on--load=\"callbacks.setButtonStyles\" data-wp-on-window--resize=\"callbacks.setButtonStyles\" data-id=\"223\" src=\"https:\/\/ateliernox.com\/wp-content\/uploads\/2024\/12\/173-1-1024x1024.jpg\" alt=\"\" class=\"wp-image-223\" srcset=\"https:\/\/ateliernox.com\/wp-content\/uploads\/2024\/12\/173-1-1024x1024.jpg 1024w, https:\/\/ateliernox.com\/wp-content\/uploads\/2024\/12\/173-1-300x300.jpg 300w, https:\/\/ateliernox.com\/wp-content\/uploads\/2024\/12\/173-1-150x150.jpg 150w, https:\/\/ateliernox.com\/wp-content\/uploads\/2024\/12\/173-1-768x768.jpg 768w, https:\/\/ateliernox.com\/wp-content\/uploads\/2024\/12\/173-1.jpg 1080w\" sizes=\"(max-width: 1024px) 100vw, 1024px\" \/><button\n\t\t\tclass=\"lightbox-trigger\"\n\t\t\ttype=\"button\"\n\t\t\taria-haspopup=\"dialog\"\n\t\t\taria-label=\"Agrandir\"\n\t\t\tdata-wp-init=\"callbacks.initTriggerButton\"\n\t\t\tdata-wp-on--click=\"actions.showLightbox\"\n\t\t\tdata-wp-style--right=\"state.imageButtonRight\"\n\t\t\tdata-wp-style--top=\"state.imageButtonTop\"\n\t\t>\n\t\t\t<svg xmlns=\"http:\/\/www.w3.org\/2000\/svg\" width=\"12\" height=\"12\" fill=\"none\" viewBox=\"0 0 12 12\">\n\t\t\t\t<path fill=\"#fff\" d=\"M2 0a2 2 0 0 0-2 2v2h1.5V2a.5.5 0 0 1 .5-.5h2V0H2Zm2 10.5H2a.5.5 0 0 1-.5-.5V8H0v2a2 2 0 0 0 2 2h2v-1.5ZM8 12v-1.5h2a.5.5 0 0 0 .5-.5V8H12v2a2 2 0 0 1-2 2H8Zm2-12a2 2 0 0 1 2 2v2h-1.5V2a.5.5 0 0 0-.5-.5H8V0h2Z\" \/>\n\t\t\t<\/svg>\n\t\t<\/button><\/figure>\n\n\n\n<figure data-wp-context=\"{&quot;imageId&quot;:&quot;69e06cd13c911&quot;}\" data-wp-interactive=\"core\/image\" data-wp-key=\"69e06cd13c911\" class=\"wp-block-image size-large wp-lightbox-container\"><img decoding=\"async\" width=\"1024\" height=\"1024\" data-wp-class--hide=\"state.isContentHidden\" data-wp-class--show=\"state.isContentVisible\" data-wp-init=\"callbacks.setButtonStyles\" data-wp-on--click=\"actions.showLightbox\" data-wp-on--load=\"callbacks.setButtonStyles\" data-wp-on-window--resize=\"callbacks.setButtonStyles\" data-id=\"229\" src=\"https:\/\/ateliernox.com\/wp-content\/uploads\/2024\/12\/172-1024x1024.jpg\" alt=\"\" class=\"wp-image-229\" srcset=\"https:\/\/ateliernox.com\/wp-content\/uploads\/2024\/12\/172-1024x1024.jpg 1024w, https:\/\/ateliernox.com\/wp-content\/uploads\/2024\/12\/172-300x300.jpg 300w, https:\/\/ateliernox.com\/wp-content\/uploads\/2024\/12\/172-150x150.jpg 150w, https:\/\/ateliernox.com\/wp-content\/uploads\/2024\/12\/172-768x768.jpg 768w, https:\/\/ateliernox.com\/wp-content\/uploads\/2024\/12\/172.jpg 1080w\" sizes=\"(max-width: 1024px) 100vw, 1024px\" \/><button\n\t\t\tclass=\"lightbox-trigger\"\n\t\t\ttype=\"button\"\n\t\t\taria-haspopup=\"dialog\"\n\t\t\taria-label=\"Agrandir\"\n\t\t\tdata-wp-init=\"callbacks.initTriggerButton\"\n\t\t\tdata-wp-on--click=\"actions.showLightbox\"\n\t\t\tdata-wp-style--right=\"state.imageButtonRight\"\n\t\t\tdata-wp-style--top=\"state.imageButtonTop\"\n\t\t>\n\t\t\t<svg xmlns=\"http:\/\/www.w3.org\/2000\/svg\" width=\"12\" height=\"12\" fill=\"none\" viewBox=\"0 0 12 12\">\n\t\t\t\t<path fill=\"#fff\" d=\"M2 0a2 2 0 0 0-2 2v2h1.5V2a.5.5 0 0 1 .5-.5h2V0H2Zm2 10.5H2a.5.5 0 0 1-.5-.5V8H0v2a2 2 0 0 0 2 2h2v-1.5ZM8 12v-1.5h2a.5.5 0 0 0 .5-.5V8H12v2a2 2 0 0 1-2 2H8Zm2-12a2 2 0 0 1 2 2v2h-1.5V2a.5.5 0 0 0-.5-.5H8V0h2Z\" \/>\n\t\t\t<\/svg>\n\t\t<\/button><\/figure>\n\n\n\n<figure data-wp-context=\"{&quot;imageId&quot;:&quot;69e06cd13cce8&quot;}\" data-wp-interactive=\"core\/image\" data-wp-key=\"69e06cd13cce8\" class=\"wp-block-image size-large wp-lightbox-container\"><img decoding=\"async\" width=\"1024\" height=\"1024\" data-wp-class--hide=\"state.isContentHidden\" data-wp-class--show=\"state.isContentVisible\" data-wp-init=\"callbacks.setButtonStyles\" data-wp-on--click=\"actions.showLightbox\" data-wp-on--load=\"callbacks.setButtonStyles\" data-wp-on-window--resize=\"callbacks.setButtonStyles\" data-id=\"224\" src=\"https:\/\/ateliernox.com\/wp-content\/uploads\/2024\/12\/175-1024x1024.jpg\" alt=\"\" class=\"wp-image-224\" srcset=\"https:\/\/ateliernox.com\/wp-content\/uploads\/2024\/12\/175-1024x1024.jpg 1024w, https:\/\/ateliernox.com\/wp-content\/uploads\/2024\/12\/175-300x300.jpg 300w, https:\/\/ateliernox.com\/wp-content\/uploads\/2024\/12\/175-150x150.jpg 150w, https:\/\/ateliernox.com\/wp-content\/uploads\/2024\/12\/175-768x768.jpg 768w, https:\/\/ateliernox.com\/wp-content\/uploads\/2024\/12\/175.jpg 1080w\" sizes=\"(max-width: 1024px) 100vw, 1024px\" \/><button\n\t\t\tclass=\"lightbox-trigger\"\n\t\t\ttype=\"button\"\n\t\t\taria-haspopup=\"dialog\"\n\t\t\taria-label=\"Agrandir\"\n\t\t\tdata-wp-init=\"callbacks.initTriggerButton\"\n\t\t\tdata-wp-on--click=\"actions.showLightbox\"\n\t\t\tdata-wp-style--right=\"state.imageButtonRight\"\n\t\t\tdata-wp-style--top=\"state.imageButtonTop\"\n\t\t>\n\t\t\t<svg xmlns=\"http:\/\/www.w3.org\/2000\/svg\" width=\"12\" height=\"12\" fill=\"none\" viewBox=\"0 0 12 12\">\n\t\t\t\t<path fill=\"#fff\" d=\"M2 0a2 2 0 0 0-2 2v2h1.5V2a.5.5 0 0 1 .5-.5h2V0H2Zm2 10.5H2a.5.5 0 0 1-.5-.5V8H0v2a2 2 0 0 0 2 2h2v-1.5ZM8 12v-1.5h2a.5.5 0 0 0 .5-.5V8H12v2a2 2 0 0 1-2 2H8Zm2-12a2 2 0 0 1 2 2v2h-1.5V2a.5.5 0 0 0-.5-.5H8V0h2Z\" \/>\n\t\t\t<\/svg>\n\t\t<\/button><\/figure>\n\n\n\n<figure data-wp-context=\"{&quot;imageId&quot;:&quot;69e06cd13d053&quot;}\" data-wp-interactive=\"core\/image\" data-wp-key=\"69e06cd13d053\" class=\"wp-block-image size-large wp-lightbox-container\"><img loading=\"lazy\" decoding=\"async\" width=\"1024\" height=\"1024\" data-wp-class--hide=\"state.isContentHidden\" data-wp-class--show=\"state.isContentVisible\" data-wp-init=\"callbacks.setButtonStyles\" data-wp-on--click=\"actions.showLightbox\" data-wp-on--load=\"callbacks.setButtonStyles\" data-wp-on-window--resize=\"callbacks.setButtonStyles\" data-id=\"225\" src=\"https:\/\/ateliernox.com\/wp-content\/uploads\/2024\/12\/170-1024x1024.jpg\" alt=\"\" class=\"wp-image-225\" srcset=\"https:\/\/ateliernox.com\/wp-content\/uploads\/2024\/12\/170-1024x1024.jpg 1024w, https:\/\/ateliernox.com\/wp-content\/uploads\/2024\/12\/170-300x300.jpg 300w, https:\/\/ateliernox.com\/wp-content\/uploads\/2024\/12\/170-150x150.jpg 150w, https:\/\/ateliernox.com\/wp-content\/uploads\/2024\/12\/170-768x768.jpg 768w, https:\/\/ateliernox.com\/wp-content\/uploads\/2024\/12\/170.jpg 1080w\" sizes=\"(max-width: 1024px) 100vw, 1024px\" \/><button\n\t\t\tclass=\"lightbox-trigger\"\n\t\t\ttype=\"button\"\n\t\t\taria-haspopup=\"dialog\"\n\t\t\taria-label=\"Agrandir\"\n\t\t\tdata-wp-init=\"callbacks.initTriggerButton\"\n\t\t\tdata-wp-on--click=\"actions.showLightbox\"\n\t\t\tdata-wp-style--right=\"state.imageButtonRight\"\n\t\t\tdata-wp-style--top=\"state.imageButtonTop\"\n\t\t>\n\t\t\t<svg xmlns=\"http:\/\/www.w3.org\/2000\/svg\" width=\"12\" height=\"12\" fill=\"none\" viewBox=\"0 0 12 12\">\n\t\t\t\t<path fill=\"#fff\" d=\"M2 0a2 2 0 0 0-2 2v2h1.5V2a.5.5 0 0 1 .5-.5h2V0H2Zm2 10.5H2a.5.5 0 0 1-.5-.5V8H0v2a2 2 0 0 0 2 2h2v-1.5ZM8 12v-1.5h2a.5.5 0 0 0 .5-.5V8H12v2a2 2 0 0 1-2 2H8Zm2-12a2 2 0 0 1 2 2v2h-1.5V2a.5.5 0 0 0-.5-.5H8V0h2Z\" \/>\n\t\t\t<\/svg>\n\t\t<\/button><\/figure>\n\n\n\n<figure data-wp-context=\"{&quot;imageId&quot;:&quot;69e06cd13d3df&quot;}\" data-wp-interactive=\"core\/image\" data-wp-key=\"69e06cd13d3df\" class=\"wp-block-image size-large wp-lightbox-container\"><img loading=\"lazy\" decoding=\"async\" width=\"1024\" height=\"1024\" data-wp-class--hide=\"state.isContentHidden\" data-wp-class--show=\"state.isContentVisible\" data-wp-init=\"callbacks.setButtonStyles\" data-wp-on--click=\"actions.showLightbox\" data-wp-on--load=\"callbacks.setButtonStyles\" data-wp-on-window--resize=\"callbacks.setButtonStyles\" data-id=\"227\" src=\"https:\/\/ateliernox.com\/wp-content\/uploads\/2024\/12\/176-1024x1024.jpg\" alt=\"\" class=\"wp-image-227\" srcset=\"https:\/\/ateliernox.com\/wp-content\/uploads\/2024\/12\/176-1024x1024.jpg 1024w, https:\/\/ateliernox.com\/wp-content\/uploads\/2024\/12\/176-300x300.jpg 300w, https:\/\/ateliernox.com\/wp-content\/uploads\/2024\/12\/176-150x150.jpg 150w, https:\/\/ateliernox.com\/wp-content\/uploads\/2024\/12\/176-768x768.jpg 768w, https:\/\/ateliernox.com\/wp-content\/uploads\/2024\/12\/176.jpg 1080w\" sizes=\"(max-width: 1024px) 100vw, 1024px\" \/><button\n\t\t\tclass=\"lightbox-trigger\"\n\t\t\ttype=\"button\"\n\t\t\taria-haspopup=\"dialog\"\n\t\t\taria-label=\"Agrandir\"\n\t\t\tdata-wp-init=\"callbacks.initTriggerButton\"\n\t\t\tdata-wp-on--click=\"actions.showLightbox\"\n\t\t\tdata-wp-style--right=\"state.imageButtonRight\"\n\t\t\tdata-wp-style--top=\"state.imageButtonTop\"\n\t\t>\n\t\t\t<svg xmlns=\"http:\/\/www.w3.org\/2000\/svg\" width=\"12\" height=\"12\" fill=\"none\" viewBox=\"0 0 12 12\">\n\t\t\t\t<path fill=\"#fff\" d=\"M2 0a2 2 0 0 0-2 2v2h1.5V2a.5.5 0 0 1 .5-.5h2V0H2Zm2 10.5H2a.5.5 0 0 1-.5-.5V8H0v2a2 2 0 0 0 2 2h2v-1.5ZM8 12v-1.5h2a.5.5 0 0 0 .5-.5V8H12v2a2 2 0 0 1-2 2H8Zm2-12a2 2 0 0 1 2 2v2h-1.5V2a.5.5 0 0 0-.5-.5H8V0h2Z\" \/>\n\t\t\t<\/svg>\n\t\t<\/button><\/figure>\n\n\n\n<figure data-wp-context=\"{&quot;imageId&quot;:&quot;69e06cd13d74f&quot;}\" data-wp-interactive=\"core\/image\" data-wp-key=\"69e06cd13d74f\" class=\"wp-block-image size-large wp-lightbox-container\"><img loading=\"lazy\" decoding=\"async\" width=\"1024\" height=\"1024\" data-wp-class--hide=\"state.isContentHidden\" data-wp-class--show=\"state.isContentVisible\" data-wp-init=\"callbacks.setButtonStyles\" data-wp-on--click=\"actions.showLightbox\" data-wp-on--load=\"callbacks.setButtonStyles\" data-wp-on-window--resize=\"callbacks.setButtonStyles\" data-id=\"228\" src=\"https:\/\/ateliernox.com\/wp-content\/uploads\/2024\/12\/171-1024x1024.jpg\" alt=\"\" class=\"wp-image-228\" srcset=\"https:\/\/ateliernox.com\/wp-content\/uploads\/2024\/12\/171-1024x1024.jpg 1024w, https:\/\/ateliernox.com\/wp-content\/uploads\/2024\/12\/171-300x300.jpg 300w, https:\/\/ateliernox.com\/wp-content\/uploads\/2024\/12\/171-150x150.jpg 150w, https:\/\/ateliernox.com\/wp-content\/uploads\/2024\/12\/171-768x768.jpg 768w, https:\/\/ateliernox.com\/wp-content\/uploads\/2024\/12\/171.jpg 1080w\" sizes=\"(max-width: 1024px) 100vw, 1024px\" \/><button\n\t\t\tclass=\"lightbox-trigger\"\n\t\t\ttype=\"button\"\n\t\t\taria-haspopup=\"dialog\"\n\t\t\taria-label=\"Agrandir\"\n\t\t\tdata-wp-init=\"callbacks.initTriggerButton\"\n\t\t\tdata-wp-on--click=\"actions.showLightbox\"\n\t\t\tdata-wp-style--right=\"state.imageButtonRight\"\n\t\t\tdata-wp-style--top=\"state.imageButtonTop\"\n\t\t>\n\t\t\t<svg xmlns=\"http:\/\/www.w3.org\/2000\/svg\" width=\"12\" height=\"12\" fill=\"none\" viewBox=\"0 0 12 12\">\n\t\t\t\t<path fill=\"#fff\" d=\"M2 0a2 2 0 0 0-2 2v2h1.5V2a.5.5 0 0 1 .5-.5h2V0H2Zm2 10.5H2a.5.5 0 0 1-.5-.5V8H0v2a2 2 0 0 0 2 2h2v-1.5ZM8 12v-1.5h2a.5.5 0 0 0 .5-.5V8H12v2a2 2 0 0 1-2 2H8Zm2-12a2 2 0 0 1 2 2v2h-1.5V2a.5.5 0 0 0-.5-.5H8V0h2Z\" \/>\n\t\t\t<\/svg>\n\t\t<\/button><\/figure>\n\n\n\n<figure data-wp-context=\"{&quot;imageId&quot;:&quot;69e06cd13dac9&quot;}\" data-wp-interactive=\"core\/image\" data-wp-key=\"69e06cd13dac9\" class=\"wp-block-image size-large wp-lightbox-container\"><img loading=\"lazy\" decoding=\"async\" width=\"1024\" height=\"1024\" data-wp-class--hide=\"state.isContentHidden\" data-wp-class--show=\"state.isContentVisible\" data-wp-init=\"callbacks.setButtonStyles\" data-wp-on--click=\"actions.showLightbox\" data-wp-on--load=\"callbacks.setButtonStyles\" data-wp-on-window--resize=\"callbacks.setButtonStyles\" data-id=\"226\" src=\"https:\/\/ateliernox.com\/wp-content\/uploads\/2024\/12\/174-1024x1024.jpg\" alt=\"\" class=\"wp-image-226\" srcset=\"https:\/\/ateliernox.com\/wp-content\/uploads\/2024\/12\/174-1024x1024.jpg 1024w, https:\/\/ateliernox.com\/wp-content\/uploads\/2024\/12\/174-300x300.jpg 300w, https:\/\/ateliernox.com\/wp-content\/uploads\/2024\/12\/174-150x150.jpg 150w, https:\/\/ateliernox.com\/wp-content\/uploads\/2024\/12\/174-768x768.jpg 768w, https:\/\/ateliernox.com\/wp-content\/uploads\/2024\/12\/174.jpg 1080w\" sizes=\"(max-width: 1024px) 100vw, 1024px\" \/><button\n\t\t\tclass=\"lightbox-trigger\"\n\t\t\ttype=\"button\"\n\t\t\taria-haspopup=\"dialog\"\n\t\t\taria-label=\"Agrandir\"\n\t\t\tdata-wp-init=\"callbacks.initTriggerButton\"\n\t\t\tdata-wp-on--click=\"actions.showLightbox\"\n\t\t\tdata-wp-style--right=\"state.imageButtonRight\"\n\t\t\tdata-wp-style--top=\"state.imageButtonTop\"\n\t\t>\n\t\t\t<svg xmlns=\"http:\/\/www.w3.org\/2000\/svg\" width=\"12\" height=\"12\" fill=\"none\" viewBox=\"0 0 12 12\">\n\t\t\t\t<path fill=\"#fff\" d=\"M2 0a2 2 0 0 0-2 2v2h1.5V2a.5.5 0 0 1 .5-.5h2V0H2Zm2 10.5H2a.5.5 0 0 1-.5-.5V8H0v2a2 2 0 0 0 2 2h2v-1.5ZM8 12v-1.5h2a.5.5 0 0 0 .5-.5V8H12v2a2 2 0 0 1-2 2H8Zm2-12a2 2 0 0 1 2 2v2h-1.5V2a.5.5 0 0 0-.5-.5H8V0h2Z\" \/>\n\t\t\t<\/svg>\n\t\t<\/button><\/figure>\n<\/figure>\n","protected":false},"excerpt":{"rendered":"<p>Crystal Murray &#8211; R\u00e9alisation du set pour un d\u00een\u00e9 priv\u00e9 et s\u00e9ance d\u2019\u00e9coute pour le nouvel album Sad Lovers Giants de Crystal Murray avec Because Music, \u00e0 la galerie au Roi. Studio Mati\u00e8re Premi\u00e8re, Jenn Sarkis, Katarina Timotijevic (Production) Stephy Galvani (Design de l\u2019exp\u00e9rience)Julien Cavallina (Sc\u00e9nographie) Leanda Heler, Valentin Rodrigues (Photographes)<\/p>\n","protected":false},"author":1,"featured_media":0,"parent":0,"menu_order":0,"comment_status":"closed","ping_status":"closed","template":"","meta":{"footnotes":""},"class_list":["post-222","page","type-page","status-publish","hentry"],"yoast_head":"<!-- This site is optimized with the Yoast SEO plugin v27.3 - https:\/\/yoast.com\/product\/yoast-seo-wordpress\/ -->\n<title>Crystal Murray - Atelier NOX Projets - ateliernox.com<\/title>\n<meta name=\"description\" content=\"Crystal Murray - Atelier NOX - R\u00e9alisation du set pour un d\u00een\u00e9 priv\u00e9 et s\u00e9ance d\u2019\u00e9coute pour l&#039;album Sad Lovers Giants de Crystal Murray.\" \/>\n<meta name=\"robots\" content=\"index, follow, max-snippet:-1, max-image-preview:large, max-video-preview:-1\" \/>\n<link rel=\"canonical\" href=\"https:\/\/ateliernox.com\/index.php\/crystal-murray-atelier-nox\/\" \/>\n<meta property=\"og:locale\" content=\"fr_FR\" \/>\n<meta property=\"og:type\" content=\"article\" \/>\n<meta property=\"og:title\" content=\"Crystal Murray - Atelier NOX Projets - ateliernox.com\" \/>\n<meta property=\"og:description\" content=\"Crystal Murray - Atelier NOX - R\u00e9alisation du set pour un d\u00een\u00e9 priv\u00e9 et s\u00e9ance d\u2019\u00e9coute pour l&#039;album Sad Lovers Giants de Crystal Murray.\" \/>\n<meta property=\"og:url\" content=\"https:\/\/ateliernox.com\/index.php\/crystal-murray-atelier-nox\/\" \/>\n<meta property=\"og:site_name\" content=\"Atelier NOX\" \/>\n<meta property=\"article:modified_time\" content=\"2024-12-16T17:26:37+00:00\" \/>\n<meta property=\"og:image\" content=\"https:\/\/ateliernox.com\/wp-content\/uploads\/2024\/12\/173-1.jpg\" \/>\n\t<meta property=\"og:image:width\" content=\"1080\" \/>\n\t<meta property=\"og:image:height\" content=\"1080\" \/>\n\t<meta property=\"og:image:type\" content=\"image\/jpeg\" \/>\n<meta name=\"twitter:card\" content=\"summary_large_image\" \/>\n<meta name=\"twitter:label1\" content=\"Dur\u00e9e de lecture estim\u00e9e\" \/>\n\t<meta name=\"twitter:data1\" content=\"2 minutes\" \/>\n<script type=\"application\/ld+json\" class=\"yoast-schema-graph\">{\"@context\":\"https:\\\/\\\/schema.org\",\"@graph\":[{\"@type\":\"WebPage\",\"@id\":\"https:\\\/\\\/ateliernox.com\\\/index.php\\\/crystal-murray-atelier-nox\\\/\",\"url\":\"https:\\\/\\\/ateliernox.com\\\/index.php\\\/crystal-murray-atelier-nox\\\/\",\"name\":\"Crystal Murray - Atelier NOX Projets - ateliernox.com\",\"isPartOf\":{\"@id\":\"https:\\\/\\\/ateliernox.com\\\/#website\"},\"primaryImageOfPage\":{\"@id\":\"https:\\\/\\\/ateliernox.com\\\/index.php\\\/crystal-murray-atelier-nox\\\/#primaryimage\"},\"image\":{\"@id\":\"https:\\\/\\\/ateliernox.com\\\/index.php\\\/crystal-murray-atelier-nox\\\/#primaryimage\"},\"thumbnailUrl\":\"https:\\\/\\\/ateliernox.com\\\/wp-content\\\/uploads\\\/2024\\\/12\\\/173-1-1024x1024.jpg\",\"datePublished\":\"2024-12-03T15:22:37+00:00\",\"dateModified\":\"2024-12-16T17:26:37+00:00\",\"description\":\"Crystal Murray - Atelier NOX - R\u00e9alisation du set pour un d\u00een\u00e9 priv\u00e9 et s\u00e9ance d\u2019\u00e9coute pour l'album Sad Lovers Giants de Crystal Murray.\",\"breadcrumb\":{\"@id\":\"https:\\\/\\\/ateliernox.com\\\/index.php\\\/crystal-murray-atelier-nox\\\/#breadcrumb\"},\"inLanguage\":\"fr-FR\",\"potentialAction\":[{\"@type\":\"ReadAction\",\"target\":[\"https:\\\/\\\/ateliernox.com\\\/index.php\\\/crystal-murray-atelier-nox\\\/\"]}]},{\"@type\":\"ImageObject\",\"inLanguage\":\"fr-FR\",\"@id\":\"https:\\\/\\\/ateliernox.com\\\/index.php\\\/crystal-murray-atelier-nox\\\/#primaryimage\",\"url\":\"https:\\\/\\\/ateliernox.com\\\/wp-content\\\/uploads\\\/2024\\\/12\\\/173-1.jpg\",\"contentUrl\":\"https:\\\/\\\/ateliernox.com\\\/wp-content\\\/uploads\\\/2024\\\/12\\\/173-1.jpg\",\"width\":1080,\"height\":1080},{\"@type\":\"BreadcrumbList\",\"@id\":\"https:\\\/\\\/ateliernox.com\\\/index.php\\\/crystal-murray-atelier-nox\\\/#breadcrumb\",\"itemListElement\":[{\"@type\":\"ListItem\",\"position\":1,\"name\":\"Accueil\",\"item\":\"https:\\\/\\\/ateliernox.com\\\/\"},{\"@type\":\"ListItem\",\"position\":2,\"name\":\"CRYSTAL MURRAY\"}]},{\"@type\":\"WebSite\",\"@id\":\"https:\\\/\\\/ateliernox.com\\\/#website\",\"url\":\"https:\\\/\\\/ateliernox.com\\\/\",\"name\":\"Atelier NOX\",\"description\":\"Un atelier d\u00e9di\u00e9 \u00e0 la r\u00e9alisation de d\u00e9cor pour la sc\u00e9nographie, le cin\u00e9ma et la publicit\u00e9.\",\"publisher\":{\"@id\":\"https:\\\/\\\/ateliernox.com\\\/#organization\"},\"potentialAction\":[{\"@type\":\"SearchAction\",\"target\":{\"@type\":\"EntryPoint\",\"urlTemplate\":\"https:\\\/\\\/ateliernox.com\\\/?s={search_term_string}\"},\"query-input\":{\"@type\":\"PropertyValueSpecification\",\"valueRequired\":true,\"valueName\":\"search_term_string\"}}],\"inLanguage\":\"fr-FR\"},{\"@type\":\"Organization\",\"@id\":\"https:\\\/\\\/ateliernox.com\\\/#organization\",\"name\":\"Atelier NOX\",\"url\":\"https:\\\/\\\/ateliernox.com\\\/\",\"logo\":{\"@type\":\"ImageObject\",\"inLanguage\":\"fr-FR\",\"@id\":\"https:\\\/\\\/ateliernox.com\\\/#\\\/schema\\\/logo\\\/image\\\/\",\"url\":\"https:\\\/\\\/ateliernox.com\\\/wp-content\\\/uploads\\\/2024\\\/10\\\/cropped-LOGO-timbre.png\",\"contentUrl\":\"https:\\\/\\\/ateliernox.com\\\/wp-content\\\/uploads\\\/2024\\\/10\\\/cropped-LOGO-timbre.png\",\"width\":512,\"height\":512,\"caption\":\"Atelier NOX\"},\"image\":{\"@id\":\"https:\\\/\\\/ateliernox.com\\\/#\\\/schema\\\/logo\\\/image\\\/\"}}]}<\/script>\n<!-- \/ Yoast SEO plugin. -->","yoast_head_json":{"title":"Crystal Murray - Atelier NOX Projets - ateliernox.com","description":"Crystal Murray - Atelier NOX - R\u00e9alisation du set pour un d\u00een\u00e9 priv\u00e9 et s\u00e9ance d\u2019\u00e9coute pour l'album Sad Lovers Giants de Crystal Murray.","robots":{"index":"index","follow":"follow","max-snippet":"max-snippet:-1","max-image-preview":"max-image-preview:large","max-video-preview":"max-video-preview:-1"},"canonical":"https:\/\/ateliernox.com\/index.php\/crystal-murray-atelier-nox\/","og_locale":"fr_FR","og_type":"article","og_title":"Crystal Murray - Atelier NOX Projets - ateliernox.com","og_description":"Crystal Murray - Atelier NOX - R\u00e9alisation du set pour un d\u00een\u00e9 priv\u00e9 et s\u00e9ance d\u2019\u00e9coute pour l'album Sad Lovers Giants de Crystal Murray.","og_url":"https:\/\/ateliernox.com\/index.php\/crystal-murray-atelier-nox\/","og_site_name":"Atelier NOX","article_modified_time":"2024-12-16T17:26:37+00:00","og_image":[{"width":1080,"height":1080,"url":"https:\/\/ateliernox.com\/wp-content\/uploads\/2024\/12\/173-1.jpg","type":"image\/jpeg"}],"twitter_card":"summary_large_image","twitter_misc":{"Dur\u00e9e de lecture estim\u00e9e":"2 minutes"},"schema":{"@context":"https:\/\/schema.org","@graph":[{"@type":"WebPage","@id":"https:\/\/ateliernox.com\/index.php\/crystal-murray-atelier-nox\/","url":"https:\/\/ateliernox.com\/index.php\/crystal-murray-atelier-nox\/","name":"Crystal Murray - Atelier NOX Projets - ateliernox.com","isPartOf":{"@id":"https:\/\/ateliernox.com\/#website"},"primaryImageOfPage":{"@id":"https:\/\/ateliernox.com\/index.php\/crystal-murray-atelier-nox\/#primaryimage"},"image":{"@id":"https:\/\/ateliernox.com\/index.php\/crystal-murray-atelier-nox\/#primaryimage"},"thumbnailUrl":"https:\/\/ateliernox.com\/wp-content\/uploads\/2024\/12\/173-1-1024x1024.jpg","datePublished":"2024-12-03T15:22:37+00:00","dateModified":"2024-12-16T17:26:37+00:00","description":"Crystal Murray - Atelier NOX - R\u00e9alisation du set pour un d\u00een\u00e9 priv\u00e9 et s\u00e9ance d\u2019\u00e9coute pour l'album Sad Lovers Giants de Crystal Murray.","breadcrumb":{"@id":"https:\/\/ateliernox.com\/index.php\/crystal-murray-atelier-nox\/#breadcrumb"},"inLanguage":"fr-FR","potentialAction":[{"@type":"ReadAction","target":["https:\/\/ateliernox.com\/index.php\/crystal-murray-atelier-nox\/"]}]},{"@type":"ImageObject","inLanguage":"fr-FR","@id":"https:\/\/ateliernox.com\/index.php\/crystal-murray-atelier-nox\/#primaryimage","url":"https:\/\/ateliernox.com\/wp-content\/uploads\/2024\/12\/173-1.jpg","contentUrl":"https:\/\/ateliernox.com\/wp-content\/uploads\/2024\/12\/173-1.jpg","width":1080,"height":1080},{"@type":"BreadcrumbList","@id":"https:\/\/ateliernox.com\/index.php\/crystal-murray-atelier-nox\/#breadcrumb","itemListElement":[{"@type":"ListItem","position":1,"name":"Accueil","item":"https:\/\/ateliernox.com\/"},{"@type":"ListItem","position":2,"name":"CRYSTAL MURRAY"}]},{"@type":"WebSite","@id":"https:\/\/ateliernox.com\/#website","url":"https:\/\/ateliernox.com\/","name":"Atelier NOX","description":"Un atelier d\u00e9di\u00e9 \u00e0 la r\u00e9alisation de d\u00e9cor pour la sc\u00e9nographie, le cin\u00e9ma et la publicit\u00e9.","publisher":{"@id":"https:\/\/ateliernox.com\/#organization"},"potentialAction":[{"@type":"SearchAction","target":{"@type":"EntryPoint","urlTemplate":"https:\/\/ateliernox.com\/?s={search_term_string}"},"query-input":{"@type":"PropertyValueSpecification","valueRequired":true,"valueName":"search_term_string"}}],"inLanguage":"fr-FR"},{"@type":"Organization","@id":"https:\/\/ateliernox.com\/#organization","name":"Atelier NOX","url":"https:\/\/ateliernox.com\/","logo":{"@type":"ImageObject","inLanguage":"fr-FR","@id":"https:\/\/ateliernox.com\/#\/schema\/logo\/image\/","url":"https:\/\/ateliernox.com\/wp-content\/uploads\/2024\/10\/cropped-LOGO-timbre.png","contentUrl":"https:\/\/ateliernox.com\/wp-content\/uploads\/2024\/10\/cropped-LOGO-timbre.png","width":512,"height":512,"caption":"Atelier NOX"},"image":{"@id":"https:\/\/ateliernox.com\/#\/schema\/logo\/image\/"}}]}},"_links":{"self":[{"href":"https:\/\/ateliernox.com\/index.php\/wp-json\/wp\/v2\/pages\/222","targetHints":{"allow":["GET"]}}],"collection":[{"href":"https:\/\/ateliernox.com\/index.php\/wp-json\/wp\/v2\/pages"}],"about":[{"href":"https:\/\/ateliernox.com\/index.php\/wp-json\/wp\/v2\/types\/page"}],"author":[{"embeddable":true,"href":"https:\/\/ateliernox.com\/index.php\/wp-json\/wp\/v2\/users\/1"}],"replies":[{"embeddable":true,"href":"https:\/\/ateliernox.com\/index.php\/wp-json\/wp\/v2\/comments?post=222"}],"version-history":[{"count":8,"href":"https:\/\/ateliernox.com\/index.php\/wp-json\/wp\/v2\/pages\/222\/revisions"}],"predecessor-version":[{"id":409,"href":"https:\/\/ateliernox.com\/index.php\/wp-json\/wp\/v2\/pages\/222\/revisions\/409"}],"wp:attachment":[{"href":"https:\/\/ateliernox.com\/index.php\/wp-json\/wp\/v2\/media?parent=222"}],"curies":[{"name":"wp","href":"https:\/\/api.w.org\/{rel}","templated":true}]}}