{"id":209,"date":"2024-12-03T16:14:48","date_gmt":"2024-12-03T15:14:48","guid":{"rendered":"https:\/\/ateliernox.com\/?page_id=209"},"modified":"2024-12-17T17:14:35","modified_gmt":"2024-12-17T16:14:35","slug":"converse-in-motion-atelier-nox-projets-ateliernox-com","status":"publish","type":"page","link":"https:\/\/ateliernox.com\/index.php\/converse-in-motion-atelier-nox-projets-ateliernox-com\/","title":{"rendered":"CONVERSE"},"content":{"rendered":"\n<p class=\"has-work-sans-regular-font-family\" style=\"font-size:clamp(15.197px, 0.95rem + ((1vw - 3.2px) * 0.887), 23px);\"><strong>CONVERSE<\/strong> &#8211; R\u00e9alisation de socles, de modules de skate et d&rsquo;un Dj booth pour l&rsquo;\u00e9v\u00e9nement <em>In Motion <\/em>organis\u00e9 par Converse \u00e0 l&rsquo;Atelier des Lumi\u00e8res (Paris).<\/p>\n\n\n\n<p style=\"font-size:14px\"><strong>SPOA, Mazarine<\/strong> (Direction Artistique)<\/p>\n\n\n\n<div class=\"wp-block-cover\"><span aria-hidden=\"true\" class=\"wp-block-cover__background has-background-dim\"><\/span><video class=\"wp-block-cover__video-background intrinsic-ignore\" autoplay muted loop playsinline src=\"https:\/\/ateliernox.com\/wp-content\/uploads\/2024\/12\/WB_Converse_2.mp4\" data-object-fit=\"cover\"><\/video><div class=\"wp-block-cover__inner-container is-layout-flow wp-block-cover-is-layout-flow\">\n<p class=\"has-text-align-center has-large-font-size\"><\/p>\n<\/div><\/div>\n\n\n\n<figure class=\"wp-block-gallery has-nested-images columns-default is-cropped wp-block-gallery-1 is-layout-flex wp-block-gallery-is-layout-flex\">\n<figure data-wp-context=\"{&quot;imageId&quot;:&quot;69e06cbdd0c5d&quot;}\" data-wp-interactive=\"core\/image\" data-wp-key=\"69e06cbdd0c5d\" class=\"wp-block-image size-large wp-lightbox-container\"><img fetchpriority=\"high\" decoding=\"async\" width=\"847\" height=\"1024\" data-wp-class--hide=\"state.isContentHidden\" data-wp-class--show=\"state.isContentVisible\" data-wp-init=\"callbacks.setButtonStyles\" data-wp-on--click=\"actions.showLightbox\" data-wp-on--load=\"callbacks.setButtonStyles\" data-wp-on-window--resize=\"callbacks.setButtonStyles\" data-id=\"211\" src=\"https:\/\/ateliernox.com\/wp-content\/uploads\/2024\/12\/Capture-decran-2024-11-25-a-04.42.56-847x1024.png\" alt=\"\" class=\"wp-image-211\" srcset=\"https:\/\/ateliernox.com\/wp-content\/uploads\/2024\/12\/Capture-decran-2024-11-25-a-04.42.56-847x1024.png 847w, https:\/\/ateliernox.com\/wp-content\/uploads\/2024\/12\/Capture-decran-2024-11-25-a-04.42.56-248x300.png 248w, https:\/\/ateliernox.com\/wp-content\/uploads\/2024\/12\/Capture-decran-2024-11-25-a-04.42.56-768x929.png 768w, https:\/\/ateliernox.com\/wp-content\/uploads\/2024\/12\/Capture-decran-2024-11-25-a-04.42.56-1270x1536.png 1270w, https:\/\/ateliernox.com\/wp-content\/uploads\/2024\/12\/Capture-decran-2024-11-25-a-04.42.56.png 1318w\" sizes=\"(max-width: 847px) 100vw, 847px\" \/><button\n\t\t\tclass=\"lightbox-trigger\"\n\t\t\ttype=\"button\"\n\t\t\taria-haspopup=\"dialog\"\n\t\t\taria-label=\"Agrandir\"\n\t\t\tdata-wp-init=\"callbacks.initTriggerButton\"\n\t\t\tdata-wp-on--click=\"actions.showLightbox\"\n\t\t\tdata-wp-style--right=\"state.imageButtonRight\"\n\t\t\tdata-wp-style--top=\"state.imageButtonTop\"\n\t\t>\n\t\t\t<svg xmlns=\"http:\/\/www.w3.org\/2000\/svg\" width=\"12\" height=\"12\" fill=\"none\" viewBox=\"0 0 12 12\">\n\t\t\t\t<path fill=\"#fff\" d=\"M2 0a2 2 0 0 0-2 2v2h1.5V2a.5.5 0 0 1 .5-.5h2V0H2Zm2 10.5H2a.5.5 0 0 1-.5-.5V8H0v2a2 2 0 0 0 2 2h2v-1.5ZM8 12v-1.5h2a.5.5 0 0 0 .5-.5V8H12v2a2 2 0 0 1-2 2H8Zm2-12a2 2 0 0 1 2 2v2h-1.5V2a.5.5 0 0 0-.5-.5H8V0h2Z\" \/>\n\t\t\t<\/svg>\n\t\t<\/button><\/figure>\n\n\n\n<figure data-wp-context=\"{&quot;imageId&quot;:&quot;69e06cbdd101f&quot;}\" data-wp-interactive=\"core\/image\" data-wp-key=\"69e06cbdd101f\" class=\"wp-block-image size-large wp-lightbox-container\"><img decoding=\"async\" width=\"768\" height=\"1024\" data-wp-class--hide=\"state.isContentHidden\" data-wp-class--show=\"state.isContentVisible\" data-wp-init=\"callbacks.setButtonStyles\" data-wp-on--click=\"actions.showLightbox\" data-wp-on--load=\"callbacks.setButtonStyles\" data-wp-on-window--resize=\"callbacks.setButtonStyles\" data-id=\"213\" src=\"https:\/\/ateliernox.com\/wp-content\/uploads\/2024\/12\/WB_Converse_1-scaled-1-768x1024.jpg\" alt=\"\" class=\"wp-image-213\" srcset=\"https:\/\/ateliernox.com\/wp-content\/uploads\/2024\/12\/WB_Converse_1-scaled-1-768x1024.jpg 768w, https:\/\/ateliernox.com\/wp-content\/uploads\/2024\/12\/WB_Converse_1-scaled-1-225x300.jpg 225w, https:\/\/ateliernox.com\/wp-content\/uploads\/2024\/12\/WB_Converse_1-scaled-1-1152x1536.jpg 1152w, https:\/\/ateliernox.com\/wp-content\/uploads\/2024\/12\/WB_Converse_1-scaled-1-1536x2048.jpg 1536w, https:\/\/ateliernox.com\/wp-content\/uploads\/2024\/12\/WB_Converse_1-scaled-1.jpg 1920w\" sizes=\"(max-width: 768px) 100vw, 768px\" \/><button\n\t\t\tclass=\"lightbox-trigger\"\n\t\t\ttype=\"button\"\n\t\t\taria-haspopup=\"dialog\"\n\t\t\taria-label=\"Agrandir\"\n\t\t\tdata-wp-init=\"callbacks.initTriggerButton\"\n\t\t\tdata-wp-on--click=\"actions.showLightbox\"\n\t\t\tdata-wp-style--right=\"state.imageButtonRight\"\n\t\t\tdata-wp-style--top=\"state.imageButtonTop\"\n\t\t>\n\t\t\t<svg xmlns=\"http:\/\/www.w3.org\/2000\/svg\" width=\"12\" height=\"12\" fill=\"none\" viewBox=\"0 0 12 12\">\n\t\t\t\t<path fill=\"#fff\" d=\"M2 0a2 2 0 0 0-2 2v2h1.5V2a.5.5 0 0 1 .5-.5h2V0H2Zm2 10.5H2a.5.5 0 0 1-.5-.5V8H0v2a2 2 0 0 0 2 2h2v-1.5ZM8 12v-1.5h2a.5.5 0 0 0 .5-.5V8H12v2a2 2 0 0 1-2 2H8Zm2-12a2 2 0 0 1 2 2v2h-1.5V2a.5.5 0 0 0-.5-.5H8V0h2Z\" \/>\n\t\t\t<\/svg>\n\t\t<\/button><\/figure>\n\n\n\n<figure data-wp-context=\"{&quot;imageId&quot;:&quot;69e06cbdd133f&quot;}\" data-wp-interactive=\"core\/image\" data-wp-key=\"69e06cbdd133f\" class=\"wp-block-image size-large wp-lightbox-container\"><img decoding=\"async\" width=\"822\" height=\"1024\" data-wp-class--hide=\"state.isContentHidden\" data-wp-class--show=\"state.isContentVisible\" data-wp-init=\"callbacks.setButtonStyles\" data-wp-on--click=\"actions.showLightbox\" data-wp-on--load=\"callbacks.setButtonStyles\" data-wp-on-window--resize=\"callbacks.setButtonStyles\" data-id=\"214\" src=\"https:\/\/ateliernox.com\/wp-content\/uploads\/2024\/12\/WB_Converse_b-822x1024.jpg\" alt=\"\" class=\"wp-image-214\" srcset=\"https:\/\/ateliernox.com\/wp-content\/uploads\/2024\/12\/WB_Converse_b-822x1024.jpg 822w, https:\/\/ateliernox.com\/wp-content\/uploads\/2024\/12\/WB_Converse_b-241x300.jpg 241w, https:\/\/ateliernox.com\/wp-content\/uploads\/2024\/12\/WB_Converse_b-768x957.jpg 768w, https:\/\/ateliernox.com\/wp-content\/uploads\/2024\/12\/WB_Converse_b.jpg 1080w\" sizes=\"(max-width: 822px) 100vw, 822px\" \/><button\n\t\t\tclass=\"lightbox-trigger\"\n\t\t\ttype=\"button\"\n\t\t\taria-haspopup=\"dialog\"\n\t\t\taria-label=\"Agrandir\"\n\t\t\tdata-wp-init=\"callbacks.initTriggerButton\"\n\t\t\tdata-wp-on--click=\"actions.showLightbox\"\n\t\t\tdata-wp-style--right=\"state.imageButtonRight\"\n\t\t\tdata-wp-style--top=\"state.imageButtonTop\"\n\t\t>\n\t\t\t<svg xmlns=\"http:\/\/www.w3.org\/2000\/svg\" width=\"12\" height=\"12\" fill=\"none\" viewBox=\"0 0 12 12\">\n\t\t\t\t<path fill=\"#fff\" d=\"M2 0a2 2 0 0 0-2 2v2h1.5V2a.5.5 0 0 1 .5-.5h2V0H2Zm2 10.5H2a.5.5 0 0 1-.5-.5V8H0v2a2 2 0 0 0 2 2h2v-1.5ZM8 12v-1.5h2a.5.5 0 0 0 .5-.5V8H12v2a2 2 0 0 1-2 2H8Zm2-12a2 2 0 0 1 2 2v2h-1.5V2a.5.5 0 0 0-.5-.5H8V0h2Z\" \/>\n\t\t\t<\/svg>\n\t\t<\/button><\/figure>\n\n\n\n<figure data-wp-context=\"{&quot;imageId&quot;:&quot;69e06cbdd168e&quot;}\" data-wp-interactive=\"core\/image\" data-wp-key=\"69e06cbdd168e\" class=\"wp-block-image size-large wp-lightbox-container\"><img loading=\"lazy\" decoding=\"async\" width=\"768\" height=\"1024\" data-wp-class--hide=\"state.isContentHidden\" data-wp-class--show=\"state.isContentVisible\" data-wp-init=\"callbacks.setButtonStyles\" data-wp-on--click=\"actions.showLightbox\" data-wp-on--load=\"callbacks.setButtonStyles\" data-wp-on-window--resize=\"callbacks.setButtonStyles\" data-id=\"215\" src=\"https:\/\/ateliernox.com\/wp-content\/uploads\/2024\/12\/WB_Converse_e-scaled-1-768x1024.jpg\" alt=\"\" class=\"wp-image-215\" srcset=\"https:\/\/ateliernox.com\/wp-content\/uploads\/2024\/12\/WB_Converse_e-scaled-1-768x1024.jpg 768w, https:\/\/ateliernox.com\/wp-content\/uploads\/2024\/12\/WB_Converse_e-scaled-1-225x300.jpg 225w, https:\/\/ateliernox.com\/wp-content\/uploads\/2024\/12\/WB_Converse_e-scaled-1-1152x1536.jpg 1152w, https:\/\/ateliernox.com\/wp-content\/uploads\/2024\/12\/WB_Converse_e-scaled-1-1536x2048.jpg 1536w, https:\/\/ateliernox.com\/wp-content\/uploads\/2024\/12\/WB_Converse_e-scaled-1.jpg 1920w\" sizes=\"(max-width: 768px) 100vw, 768px\" \/><button\n\t\t\tclass=\"lightbox-trigger\"\n\t\t\ttype=\"button\"\n\t\t\taria-haspopup=\"dialog\"\n\t\t\taria-label=\"Agrandir\"\n\t\t\tdata-wp-init=\"callbacks.initTriggerButton\"\n\t\t\tdata-wp-on--click=\"actions.showLightbox\"\n\t\t\tdata-wp-style--right=\"state.imageButtonRight\"\n\t\t\tdata-wp-style--top=\"state.imageButtonTop\"\n\t\t>\n\t\t\t<svg xmlns=\"http:\/\/www.w3.org\/2000\/svg\" width=\"12\" height=\"12\" fill=\"none\" viewBox=\"0 0 12 12\">\n\t\t\t\t<path fill=\"#fff\" d=\"M2 0a2 2 0 0 0-2 2v2h1.5V2a.5.5 0 0 1 .5-.5h2V0H2Zm2 10.5H2a.5.5 0 0 1-.5-.5V8H0v2a2 2 0 0 0 2 2h2v-1.5ZM8 12v-1.5h2a.5.5 0 0 0 .5-.5V8H12v2a2 2 0 0 1-2 2H8Zm2-12a2 2 0 0 1 2 2v2h-1.5V2a.5.5 0 0 0-.5-.5H8V0h2Z\" \/>\n\t\t\t<\/svg>\n\t\t<\/button><\/figure>\n<\/figure>\n","protected":false},"excerpt":{"rendered":"<p>CONVERSE &#8211; R\u00e9alisation de socles, de modules de skate et d&rsquo;un Dj booth pour l&rsquo;\u00e9v\u00e9nement In Motion organis\u00e9 par Converse \u00e0 l&rsquo;Atelier des Lumi\u00e8res (Paris). SPOA, Mazarine (Direction Artistique)<\/p>\n","protected":false},"author":1,"featured_media":0,"parent":0,"menu_order":0,"comment_status":"closed","ping_status":"closed","template":"","meta":{"footnotes":""},"class_list":["post-209","page","type-page","status-publish","hentry"],"yoast_head":"<!-- This site is optimized with the Yoast SEO plugin v27.3 - https:\/\/yoast.com\/product\/yoast-seo-wordpress\/ -->\n<title>CONVERSE - In Motion - Atelier NOX<\/title>\n<meta name=\"description\" content=\"CONVERSE - In Motion - Atelier NOX R\u00e9alisation de socles et d&#039;un Dj booth pour l&#039;\u00e9v\u00e9nement organis\u00e9 par Converse \u00e0 l&#039;Atelier des Lumi\u00e8res.\" \/>\n<meta name=\"robots\" content=\"index, follow, max-snippet:-1, max-image-preview:large, max-video-preview:-1\" \/>\n<link rel=\"canonical\" href=\"https:\/\/ateliernox.com\/index.php\/converse-in-motion-atelier-nox-projets-ateliernox-com\/\" \/>\n<meta property=\"og:locale\" content=\"fr_FR\" \/>\n<meta property=\"og:type\" content=\"article\" \/>\n<meta property=\"og:title\" content=\"CONVERSE - In Motion - Atelier NOX\" \/>\n<meta property=\"og:description\" content=\"CONVERSE - In Motion - Atelier NOX R\u00e9alisation de socles et d&#039;un Dj booth pour l&#039;\u00e9v\u00e9nement organis\u00e9 par Converse \u00e0 l&#039;Atelier des Lumi\u00e8res.\" \/>\n<meta property=\"og:url\" content=\"https:\/\/ateliernox.com\/index.php\/converse-in-motion-atelier-nox-projets-ateliernox-com\/\" \/>\n<meta property=\"og:site_name\" content=\"Atelier NOX\" \/>\n<meta property=\"article:modified_time\" content=\"2024-12-17T16:14:35+00:00\" \/>\n<meta property=\"og:image\" content=\"https:\/\/ateliernox.com\/wp-content\/uploads\/2024\/12\/Capture-decran-2024-11-25-a-04.42.56.png\" \/>\n\t<meta property=\"og:image:width\" content=\"1318\" \/>\n\t<meta property=\"og:image:height\" content=\"1594\" \/>\n\t<meta property=\"og:image:type\" content=\"image\/png\" \/>\n<meta name=\"twitter:card\" content=\"summary_large_image\" \/>\n<meta name=\"twitter:label1\" content=\"Dur\u00e9e de lecture estim\u00e9e\" \/>\n\t<meta name=\"twitter:data1\" content=\"1 minute\" \/>\n<script type=\"application\/ld+json\" class=\"yoast-schema-graph\">{\"@context\":\"https:\\\/\\\/schema.org\",\"@graph\":[{\"@type\":\"WebPage\",\"@id\":\"https:\\\/\\\/ateliernox.com\\\/index.php\\\/converse-in-motion-atelier-nox-projets-ateliernox-com\\\/\",\"url\":\"https:\\\/\\\/ateliernox.com\\\/index.php\\\/converse-in-motion-atelier-nox-projets-ateliernox-com\\\/\",\"name\":\"CONVERSE - In Motion - Atelier NOX\",\"isPartOf\":{\"@id\":\"https:\\\/\\\/ateliernox.com\\\/#website\"},\"primaryImageOfPage\":{\"@id\":\"https:\\\/\\\/ateliernox.com\\\/index.php\\\/converse-in-motion-atelier-nox-projets-ateliernox-com\\\/#primaryimage\"},\"image\":{\"@id\":\"https:\\\/\\\/ateliernox.com\\\/index.php\\\/converse-in-motion-atelier-nox-projets-ateliernox-com\\\/#primaryimage\"},\"thumbnailUrl\":\"https:\\\/\\\/ateliernox.com\\\/wp-content\\\/uploads\\\/2024\\\/12\\\/Capture-decran-2024-11-25-a-04.42.56-847x1024.png\",\"datePublished\":\"2024-12-03T15:14:48+00:00\",\"dateModified\":\"2024-12-17T16:14:35+00:00\",\"description\":\"CONVERSE - In Motion - Atelier NOX R\u00e9alisation de socles et d'un Dj booth pour l'\u00e9v\u00e9nement organis\u00e9 par Converse \u00e0 l'Atelier des Lumi\u00e8res.\",\"breadcrumb\":{\"@id\":\"https:\\\/\\\/ateliernox.com\\\/index.php\\\/converse-in-motion-atelier-nox-projets-ateliernox-com\\\/#breadcrumb\"},\"inLanguage\":\"fr-FR\",\"potentialAction\":[{\"@type\":\"ReadAction\",\"target\":[\"https:\\\/\\\/ateliernox.com\\\/index.php\\\/converse-in-motion-atelier-nox-projets-ateliernox-com\\\/\"]}]},{\"@type\":\"ImageObject\",\"inLanguage\":\"fr-FR\",\"@id\":\"https:\\\/\\\/ateliernox.com\\\/index.php\\\/converse-in-motion-atelier-nox-projets-ateliernox-com\\\/#primaryimage\",\"url\":\"https:\\\/\\\/ateliernox.com\\\/wp-content\\\/uploads\\\/2024\\\/12\\\/Capture-decran-2024-11-25-a-04.42.56.png\",\"contentUrl\":\"https:\\\/\\\/ateliernox.com\\\/wp-content\\\/uploads\\\/2024\\\/12\\\/Capture-decran-2024-11-25-a-04.42.56.png\",\"width\":1318,\"height\":1594},{\"@type\":\"BreadcrumbList\",\"@id\":\"https:\\\/\\\/ateliernox.com\\\/index.php\\\/converse-in-motion-atelier-nox-projets-ateliernox-com\\\/#breadcrumb\",\"itemListElement\":[{\"@type\":\"ListItem\",\"position\":1,\"name\":\"Accueil\",\"item\":\"https:\\\/\\\/ateliernox.com\\\/\"},{\"@type\":\"ListItem\",\"position\":2,\"name\":\"CONVERSE\"}]},{\"@type\":\"WebSite\",\"@id\":\"https:\\\/\\\/ateliernox.com\\\/#website\",\"url\":\"https:\\\/\\\/ateliernox.com\\\/\",\"name\":\"Atelier NOX\",\"description\":\"Un atelier d\u00e9di\u00e9 \u00e0 la r\u00e9alisation de d\u00e9cor pour la sc\u00e9nographie, le cin\u00e9ma et la publicit\u00e9.\",\"publisher\":{\"@id\":\"https:\\\/\\\/ateliernox.com\\\/#organization\"},\"potentialAction\":[{\"@type\":\"SearchAction\",\"target\":{\"@type\":\"EntryPoint\",\"urlTemplate\":\"https:\\\/\\\/ateliernox.com\\\/?s={search_term_string}\"},\"query-input\":{\"@type\":\"PropertyValueSpecification\",\"valueRequired\":true,\"valueName\":\"search_term_string\"}}],\"inLanguage\":\"fr-FR\"},{\"@type\":\"Organization\",\"@id\":\"https:\\\/\\\/ateliernox.com\\\/#organization\",\"name\":\"Atelier NOX\",\"url\":\"https:\\\/\\\/ateliernox.com\\\/\",\"logo\":{\"@type\":\"ImageObject\",\"inLanguage\":\"fr-FR\",\"@id\":\"https:\\\/\\\/ateliernox.com\\\/#\\\/schema\\\/logo\\\/image\\\/\",\"url\":\"https:\\\/\\\/ateliernox.com\\\/wp-content\\\/uploads\\\/2024\\\/10\\\/cropped-LOGO-timbre.png\",\"contentUrl\":\"https:\\\/\\\/ateliernox.com\\\/wp-content\\\/uploads\\\/2024\\\/10\\\/cropped-LOGO-timbre.png\",\"width\":512,\"height\":512,\"caption\":\"Atelier NOX\"},\"image\":{\"@id\":\"https:\\\/\\\/ateliernox.com\\\/#\\\/schema\\\/logo\\\/image\\\/\"}}]}<\/script>\n<!-- \/ Yoast SEO plugin. -->","yoast_head_json":{"title":"CONVERSE - In Motion - Atelier NOX","description":"CONVERSE - In Motion - Atelier NOX R\u00e9alisation de socles et d'un Dj booth pour l'\u00e9v\u00e9nement organis\u00e9 par Converse \u00e0 l'Atelier des Lumi\u00e8res.","robots":{"index":"index","follow":"follow","max-snippet":"max-snippet:-1","max-image-preview":"max-image-preview:large","max-video-preview":"max-video-preview:-1"},"canonical":"https:\/\/ateliernox.com\/index.php\/converse-in-motion-atelier-nox-projets-ateliernox-com\/","og_locale":"fr_FR","og_type":"article","og_title":"CONVERSE - In Motion - Atelier NOX","og_description":"CONVERSE - In Motion - Atelier NOX R\u00e9alisation de socles et d'un Dj booth pour l'\u00e9v\u00e9nement organis\u00e9 par Converse \u00e0 l'Atelier des Lumi\u00e8res.","og_url":"https:\/\/ateliernox.com\/index.php\/converse-in-motion-atelier-nox-projets-ateliernox-com\/","og_site_name":"Atelier NOX","article_modified_time":"2024-12-17T16:14:35+00:00","og_image":[{"width":1318,"height":1594,"url":"https:\/\/ateliernox.com\/wp-content\/uploads\/2024\/12\/Capture-decran-2024-11-25-a-04.42.56.png","type":"image\/png"}],"twitter_card":"summary_large_image","twitter_misc":{"Dur\u00e9e de lecture estim\u00e9e":"1 minute"},"schema":{"@context":"https:\/\/schema.org","@graph":[{"@type":"WebPage","@id":"https:\/\/ateliernox.com\/index.php\/converse-in-motion-atelier-nox-projets-ateliernox-com\/","url":"https:\/\/ateliernox.com\/index.php\/converse-in-motion-atelier-nox-projets-ateliernox-com\/","name":"CONVERSE - In Motion - Atelier NOX","isPartOf":{"@id":"https:\/\/ateliernox.com\/#website"},"primaryImageOfPage":{"@id":"https:\/\/ateliernox.com\/index.php\/converse-in-motion-atelier-nox-projets-ateliernox-com\/#primaryimage"},"image":{"@id":"https:\/\/ateliernox.com\/index.php\/converse-in-motion-atelier-nox-projets-ateliernox-com\/#primaryimage"},"thumbnailUrl":"https:\/\/ateliernox.com\/wp-content\/uploads\/2024\/12\/Capture-decran-2024-11-25-a-04.42.56-847x1024.png","datePublished":"2024-12-03T15:14:48+00:00","dateModified":"2024-12-17T16:14:35+00:00","description":"CONVERSE - In Motion - Atelier NOX R\u00e9alisation de socles et d'un Dj booth pour l'\u00e9v\u00e9nement organis\u00e9 par Converse \u00e0 l'Atelier des Lumi\u00e8res.","breadcrumb":{"@id":"https:\/\/ateliernox.com\/index.php\/converse-in-motion-atelier-nox-projets-ateliernox-com\/#breadcrumb"},"inLanguage":"fr-FR","potentialAction":[{"@type":"ReadAction","target":["https:\/\/ateliernox.com\/index.php\/converse-in-motion-atelier-nox-projets-ateliernox-com\/"]}]},{"@type":"ImageObject","inLanguage":"fr-FR","@id":"https:\/\/ateliernox.com\/index.php\/converse-in-motion-atelier-nox-projets-ateliernox-com\/#primaryimage","url":"https:\/\/ateliernox.com\/wp-content\/uploads\/2024\/12\/Capture-decran-2024-11-25-a-04.42.56.png","contentUrl":"https:\/\/ateliernox.com\/wp-content\/uploads\/2024\/12\/Capture-decran-2024-11-25-a-04.42.56.png","width":1318,"height":1594},{"@type":"BreadcrumbList","@id":"https:\/\/ateliernox.com\/index.php\/converse-in-motion-atelier-nox-projets-ateliernox-com\/#breadcrumb","itemListElement":[{"@type":"ListItem","position":1,"name":"Accueil","item":"https:\/\/ateliernox.com\/"},{"@type":"ListItem","position":2,"name":"CONVERSE"}]},{"@type":"WebSite","@id":"https:\/\/ateliernox.com\/#website","url":"https:\/\/ateliernox.com\/","name":"Atelier NOX","description":"Un atelier d\u00e9di\u00e9 \u00e0 la r\u00e9alisation de d\u00e9cor pour la sc\u00e9nographie, le cin\u00e9ma et la publicit\u00e9.","publisher":{"@id":"https:\/\/ateliernox.com\/#organization"},"potentialAction":[{"@type":"SearchAction","target":{"@type":"EntryPoint","urlTemplate":"https:\/\/ateliernox.com\/?s={search_term_string}"},"query-input":{"@type":"PropertyValueSpecification","valueRequired":true,"valueName":"search_term_string"}}],"inLanguage":"fr-FR"},{"@type":"Organization","@id":"https:\/\/ateliernox.com\/#organization","name":"Atelier NOX","url":"https:\/\/ateliernox.com\/","logo":{"@type":"ImageObject","inLanguage":"fr-FR","@id":"https:\/\/ateliernox.com\/#\/schema\/logo\/image\/","url":"https:\/\/ateliernox.com\/wp-content\/uploads\/2024\/10\/cropped-LOGO-timbre.png","contentUrl":"https:\/\/ateliernox.com\/wp-content\/uploads\/2024\/10\/cropped-LOGO-timbre.png","width":512,"height":512,"caption":"Atelier NOX"},"image":{"@id":"https:\/\/ateliernox.com\/#\/schema\/logo\/image\/"}}]}},"_links":{"self":[{"href":"https:\/\/ateliernox.com\/index.php\/wp-json\/wp\/v2\/pages\/209","targetHints":{"allow":["GET"]}}],"collection":[{"href":"https:\/\/ateliernox.com\/index.php\/wp-json\/wp\/v2\/pages"}],"about":[{"href":"https:\/\/ateliernox.com\/index.php\/wp-json\/wp\/v2\/types\/page"}],"author":[{"embeddable":true,"href":"https:\/\/ateliernox.com\/index.php\/wp-json\/wp\/v2\/users\/1"}],"replies":[{"embeddable":true,"href":"https:\/\/ateliernox.com\/index.php\/wp-json\/wp\/v2\/comments?post=209"}],"version-history":[{"count":8,"href":"https:\/\/ateliernox.com\/index.php\/wp-json\/wp\/v2\/pages\/209\/revisions"}],"predecessor-version":[{"id":452,"href":"https:\/\/ateliernox.com\/index.php\/wp-json\/wp\/v2\/pages\/209\/revisions\/452"}],"wp:attachment":[{"href":"https:\/\/ateliernox.com\/index.php\/wp-json\/wp\/v2\/media?parent=209"}],"curies":[{"name":"wp","href":"https:\/\/api.w.org\/{rel}","templated":true}]}}